{"id":1668,"date":"2021-01-31T15:41:54","date_gmt":"2021-01-31T15:41:54","guid":{"rendered":"https:\/\/miamiroboticprostatectomy.com\/sp\/?page_id=1668"},"modified":"2021-07-20T06:06:20","modified_gmt":"2021-07-20T06:06:20","slug":"mejor-cirujano-de-cancer-de-prostata-guatemala","status":"publish","type":"page","link":"https:\/\/miamiroboticprostatectomy.com\/sp\/mejor-cirujano-de-cancer-de-prostata-guatemala\/","title":{"rendered":"Mejor Cirujano de Cancer de Prostata Guatemala"},"content":{"rendered":"<p><iframe src=\"https:\/\/www.youtube.com\/embed\/hoHahLBWxCY?&amp;autohide=2&amp;modestbranding=1\" width=\"100%\" height=\"350\" frameborder=\"0\" allowfullscreen=\"allowfullscreen\"><span data-mce-type=\"bookmark\" style=\"display: inline-block; width: 0px; overflow: hidden; line-height: 0;\" class=\"mce_SELRES_start\">\ufeff<\/span><\/iframe><\/p>\n<div class=\"mar-10\"><\/div>\n<div class=\"row\">\n<div class=\"col-md-8 col-sm-8 col-xs-6\">\n<h3>MEJOR CIRUJANO DE CANCER DE PROSTATA GUATEMALA<\/h3>\n<p>\u00bfSe encuentra en Guatemala y necesita ayuda con el tratamiento del c\u00e1ncer de pr\u00f3stata?<\/p>\n<p>Cientos de pacientes vuelan desde Guatemala para ver al Dr. Razdan. Sus manos experimentadas han tratado con \u00e9xito a muchos pacientes de todo el mundo.<\/p>\n<h3>Contribuciones de libras esterlinas a la industria<\/h3>\n<p>El Dr. Razdan ha recibido capacitaci\u00f3n especializada en cirug\u00eda rob\u00f3tica y l\u00e1ser de alta tecnolog\u00eda.<\/p>\n<p>Ha representado en numerosos seminarios m\u00e9dicos a nivel nacional e internacional.<\/p>\n<\/div>\n<div class=\"col-md-4 col-sm-4 col-xs-6\"><img decoding=\"async\" class=\"img-fluid\" src=\"http:\/\/jrmdlive.com\/doctormiami\/wp-content\/uploads\/2017\/09\/bio-1.jpg\" alt=\"bio-1\" title=\"\"><\/div>\n<\/div>\n<div class=\"mar-10\"><\/div>\n<div class=\"row\">\n<div class=\"col-md-4 col-sm-4 col-xs-6\"><img decoding=\"async\" class=\"img-fluid\" src=\"http:\/\/jrmdlive.com\/doctormiami\/wp-content\/uploads\/2017\/09\/bio-2.jpg\" alt=\"bio-2\" title=\"\"><\/div>\n<div class=\"col-md-8 col-sm-8 col-xs-6\">\n<h3>Reconocimientos<\/h3>\n<ul>\n<li>Recibi\u00f3 m\u00faltiples premios por su contribuci\u00f3n a la industria.<\/li>\n<li>Recibi\u00f3 la certificaci\u00f3n de la estimada Junta Estadounidense de Urolog\u00eda y la Sociedad de Endourolog\u00eda.<\/li>\n<li>Otorgado el primer premio a la investigaci\u00f3n original por la Endourology Society, 2014<\/li>\n<\/ul>\n<h3>Posiciones de honor<\/h3>\n<ul>\n<li>El Dr. Razdan es el profesor y presidente del Instituto Internacional de Prostatectom\u00eda Rob\u00f3tica (una instalaci\u00f3n de vanguardia de renombre mundial, dedicada exclusivamente al tratamiento del c\u00e1ncer de pr\u00f3stata)<\/li>\n<li>Se desempe\u00f1a como Director de Urolog\u00eda Rob\u00f3tica en los Centros MiVIP de Miami.<\/li>\n<li>Se desempe\u00f1\u00f3 como ex Director del Centro de Excelencia de Urolog\u00eda<\/li>\n<li>Se desempe\u00f1\u00f3 como ex presidente del Departamento de Cirug\u00eda del Jackson South Hospital, Miami.<\/li>\n<\/ul>\n<\/div>\n<\/div>\n<div class=\"mar-10\"><\/div>\n<p><img decoding=\"async\" class=\"img-fluid\" src=\"http:\/\/jrmdlive.com\/doctormiami\/wp-content\/uploads\/2017\/09\/bio-3.jpg\" alt=\"bio-1\" title=\"\"><\/p>\n<div class=\"mar-10\"><\/div>\n<h3>El mejor cirujano: trata y cura<\/h3>\n<p>Recibir tratamiento del Dr. Razdan es m\u00e1s que un simple tratamiento m\u00e9dico. Ayuda a los pacientes a volver a la normalidad antes. \u00a1Ha ayudado a los pacientes a lograr un retorno &#8220;m\u00e1s temprano&#8221; de la funci\u00f3n sexual y el control urinario! Este es el mayor desaf\u00edo al que se enfrentan los pacientes despu\u00e9s de la cirug\u00eda.<\/p>\n<h3>La mejor instalaci\u00f3n del mundo<\/h3>\n<p>El Instituto Internacional de Prostatectom\u00eda Rob\u00f3tica en Miami es conocido por ser el lugar del primer estudio prospectivo aleatorizado del mundo que utiliza membrana amni\u00f3tica humana en pacientes sometidos a prostatectom\u00eda radical rob\u00f3tica. Este estudio se realiz\u00f3 y logr\u00f3 con \u00e9xito.<\/p>\n<h3>Razones por las que debe confiar en el Dr. Razdan<\/h3>\n<ul>\n<li>Uno de los cirujanos rob\u00f3ticos de c\u00e1ncer de pr\u00f3stata m\u00e1s experimentados del mundo<\/li>\n<li>Mayor tasa de \u00e9xito entre pacientes guatemaltecos<\/li>\n<li>Realiz\u00f3 m\u00e1s de 8.500 procedimientos con \u00e9xito<\/li>\n<li>Investigador y cirujano pionero para el c\u00e1ncer de pr\u00f3stata y los resultados de la cirug\u00eda rob\u00f3tica<\/li>\n<li>Uso pionero de MEMBRANA AMNI\u00d3TICA HUMANA para el RETORNO TEMPRANO de la FUNCI\u00d3N ER\u00c9CTIL despu\u00e9s de la cirug\u00eda rob\u00f3tica de pr\u00f3stata<\/li>\n<li>Primer Cirujano Del Mundo En Utilizar La T\u00e9cnica De Preservaci\u00f3n M\u00e1xima De La Longitud Uretral (Mulp) Para El Retorno Temprano De La Continencia Urinaria Despu\u00e9s De La Cirug\u00eda Rob\u00f3tica De Pr\u00f3stata<\/li>\n<li>Resultados encomiables con respecto al control del c\u00e1ncer, la continencia urinaria y la funci\u00f3n er\u00e9ctil: Trifecta<\/li>\n<li>La mayor\u00eda de los pacientes de Guatemala han experimentado un control urinario completo, a menudo a los pocos d\u00edas de la cirug\u00eda, con alrededor del 98% siendo continente a los 6 meses.<\/li>\n<li> La mayor\u00eda de los pacientes de Guatemala experimentaron erecciones suficientes para la actividad sexual en solo 6 meses<\/li>\n<li>Casi todos los pacientes abandonan el hospital en 24 horas.<\/li>\n<li>Atenci\u00f3n personalizada de alta calidad en el centro m\u00e1s concurrido de cirug\u00eda rob\u00f3tica de pr\u00f3stata en el sureste de los Estados Unidos<\/li>\n<\/ul>\n<h3>Contacta con nosotros<\/h3>\n<p>\u00bfDiagnosticado con c\u00e1ncer y ubicado en Guatemala? No te preocupes. Ponte en contacto con nosotros y te ayudaremos a programar tus vuelos. Una reuni\u00f3n con el Dr. Razdan, especialista en cirug\u00eda de c\u00e1ncer de pr\u00f3stata, lo ayudar\u00e1 a despejar dudas y obtener el mejor tratamiento.<\/p>\n","protected":false},"excerpt":{"rendered":"<p>\ufeff MEJOR CIRUJANO DE CANCER DE PROSTATA GUATEMALA \u00bfSe encuentra en Guatemala y necesita ayuda con el tratamiento del c\u00e1ncer de pr\u00f3stata? Cientos de pacientes vuelan desde Guatemala para ver al Dr. Razdan. Sus manos experimentadas han tratado con \u00e9xito a muchos pacientes de todo el mundo. Contribuciones de libras esterlinas a la industria El [&hellip;]<\/p>\n","protected":false},"author":1,"featured_media":0,"parent":0,"menu_order":0,"comment_status":"closed","ping_status":"closed","template":"","meta":{"footnotes":""},"class_list":["post-1668","page","type-page","status-publish","hentry"],"_links":{"self":[{"href":"https:\/\/miamiroboticprostatectomy.com\/sp\/wp-json\/wp\/v2\/pages\/1668","targetHints":{"allow":["GET"]}}],"collection":[{"href":"https:\/\/miamiroboticprostatectomy.com\/sp\/wp-json\/wp\/v2\/pages"}],"about":[{"href":"https:\/\/miamiroboticprostatectomy.com\/sp\/wp-json\/wp\/v2\/types\/page"}],"author":[{"embeddable":true,"href":"https:\/\/miamiroboticprostatectomy.com\/sp\/wp-json\/wp\/v2\/users\/1"}],"replies":[{"embeddable":true,"href":"https:\/\/miamiroboticprostatectomy.com\/sp\/wp-json\/wp\/v2\/comments?post=1668"}],"version-history":[{"count":5,"href":"https:\/\/miamiroboticprostatectomy.com\/sp\/wp-json\/wp\/v2\/pages\/1668\/revisions"}],"predecessor-version":[{"id":1781,"href":"https:\/\/miamiroboticprostatectomy.com\/sp\/wp-json\/wp\/v2\/pages\/1668\/revisions\/1781"}],"wp:attachment":[{"href":"https:\/\/miamiroboticprostatectomy.com\/sp\/wp-json\/wp\/v2\/media?parent=1668"}],"curies":[{"name":"wp","href":"https:\/\/api.w.org\/{rel}","templated":true}]}}