{"id":1670,"date":"2021-01-31T15:43:52","date_gmt":"2021-01-31T15:43:52","guid":{"rendered":"https:\/\/miamiroboticprostatectomy.com\/sp\/?page_id=1670"},"modified":"2021-07-20T12:26:31","modified_gmt":"2021-07-20T12:26:31","slug":"mejor-cirujano-de-cancer-de-prostata-panama","status":"publish","type":"page","link":"https:\/\/miamiroboticprostatectomy.com\/sp\/mejor-cirujano-de-cancer-de-prostata-panama\/","title":{"rendered":"Mejor Cirujano de Cancer de Prostata Panama"},"content":{"rendered":"<p><iframe src=\"https:\/\/www.youtube.com\/embed\/hoHahLBWxCY?&amp;autohide=2&amp;modestbranding=1\" width=\"100%\" height=\"350\" frameborder=\"0\" allowfullscreen=\"allowfullscreen\"><span data-mce-type=\"bookmark\" style=\"display: inline-block; width: 0px; overflow: hidden; line-height: 0;\" class=\"mce_SELRES_start\">\ufeff<\/span><\/iframe><\/p>\n<div class=\"mar-10\"><\/div>\n<div class=\"row\">\n<div class=\"col-md-8 col-sm-8 col-xs-6\">\n<h3>MEJOR CIRUJANO DE CANCER DE PROSTATA PANAMA<\/h3>\n<p>El Dr. Razdan es ampliamente reconocido como el mejor cirujano de c\u00e1ncer de pr\u00f3stata del mundo. Muchos miles de pacientes vuelan desde Panam\u00e1 para ser tratados por el especialista. El Dr. Razdan tiene su nombre incluido en la categor\u00eda estimada de uno de los pocos cirujanos de \u00e9lite en todo el pa\u00eds capacitado en cirug\u00eda rob\u00f3tica y l\u00e1ser de alta tecnolog\u00eda.<\/p>\n<p>El Dr. Razdan ha estado dando su orientaci\u00f3n e instrucciones en varios seminarios m\u00e9dicos realizados a nivel nacional e internacional. Tambi\u00e9n ha sido honrado con muchos premios valiosos por su excelente contribuci\u00f3n en la industria.<\/p>\n<\/div>\n<div class=\"col-md-4 col-sm-4 col-xs-6\"><img decoding=\"async\" class=\"img-fluid\" src=\"http:\/\/jrmdlive.com\/doctormiami\/wp-content\/uploads\/2017\/09\/bio-1.jpg\" alt=\"bio-1\" title=\"\"><\/div>\n<\/div>\n<div class=\"mar-10\"><\/div>\n<div class=\"row\">\n<div class=\"col-md-4 col-sm-4 col-xs-6\"><img decoding=\"async\" class=\"img-fluid\" src=\"http:\/\/jrmdlive.com\/doctormiami\/wp-content\/uploads\/2017\/09\/bio-2.jpg\" alt=\"bio-2\" title=\"\"><\/div>\n<div class=\"col-md-8 col-sm-8 col-xs-6\">\n<p>En la actualidad, el Dr. Razdan se desempe\u00f1a como profesor y presidente del Instituto Internacional de Prostatectom\u00eda Rob\u00f3tica, una instalaci\u00f3n de vanguardia de renombre mundial. Esta instalaci\u00f3n se compromete a atender a los pacientes con c\u00e1ncer de pr\u00f3stata. El Dr. Razdan tambi\u00e9n se desempe\u00f1a como Director de Urolog\u00eda Rob\u00f3tica en los Centros MiVIP de Miami.<\/p>\n<h3>Logros y acreditaciones anteriores<\/h3>\n<p>Anteriormente, el Dr. Razdan se desempe\u00f1\u00f3 como Director del Centro de Excelencia de Urolog\u00eda y Presidente del Departamento de Cirug\u00eda del Jackson South Hospital en Miami.<\/p>\n<\/div>\n<\/div>\n<div class=\"mar-10\"><\/div>\n<p><img decoding=\"async\" class=\"img-fluid\" src=\"http:\/\/jrmdlive.com\/doctormiami\/wp-content\/uploads\/2017\/09\/bio-3.jpg\" alt=\"bio-1\" title=\"\"><\/p>\n<div class=\"mar-10\"><\/div>\n<p>El Dr. Razdan est\u00e1 certificado por la Junta Estadounidense de Urolog\u00eda y la Sociedad de Endourolog\u00eda, instalaciones de renombre mundial. Se comprometi\u00f3 exclusivamente a ayudar a los pacientes con c\u00e1ncer de pr\u00f3stata a lograr<\/p>\n<p>\u00a1Regreso \u201cantes\u201d de la funci\u00f3n sexual y el control urinario despu\u00e9s de la cirug\u00eda!<\/p>\n<p>El Instituto Internacional de Prostatectom\u00eda Rob\u00f3tica en Miami es la \u00fanica instalaci\u00f3n donde \u201cel primer estudio prospectivo aleatorizado que usa membrana amni\u00f3tica humana en pacientes post prostatectom\u00eda radical rob\u00f3tica en el mundo se logr\u00f3 con \u00e9xito.<\/p>\n<h3>Programaci\u00f3n de una reuni\u00f3n con el Dr. Razdan<\/h3>\n<p>La prostatectom\u00eda rob\u00f3tica bajo la gu\u00eda del experimentado Dr. Razdan es la mejor decisi\u00f3n porque:<\/p>\n<p>El Dr. Razdan tiene una amplia experiencia en la realizaci\u00f3n de m\u00e1s de 8.500 procedimientos con \u00e9xito.<\/p>\n<p>El Dr. Razdan ha sido pionero en la investigaci\u00f3n y la cirug\u00eda sobre el c\u00e1ncer de pr\u00f3stata y los resultados de la cirug\u00eda rob\u00f3tica.<\/p>\n<p>El Dr. Razdan es el primer cirujano del mundo en UTILIZAR MEMBRANAS AMNI\u00d3TICAS HUMANAS para el RETORNO TEMPRANO de la FUNCI\u00d3N ER\u00c9CTIL despu\u00e9s de la cirug\u00eda rob\u00f3tica de pr\u00f3stata.<\/p>\n<p>Ganador del estimado primer premio a la investigaci\u00f3n original de la Endourology Society, 2014.<\/p>\n<p>El Dr. Razdan fue pionero en la t\u00e9cnica de PRESERVACI\u00d3N M\u00c1XIMA DE LA LONGITUD URETRAL (MULP). Este procedimiento ha demostrado ser muy \u00fatil en el REGRESO TEMPRANO DE LA CONTINENCIA URINARIA entre los pacientes despu\u00e9s de una cirug\u00eda rob\u00f3tica de pr\u00f3stata (Journal of Endourology, agosto de 2014).<\/p>\n<p> La instalaci\u00f3n en Panam\u00e1 administrada bajo la direcci\u00f3n del Dr. Razdan es ampliamente estimada por ofrecer los mejores resultados en t\u00e9rminos de control del c\u00e1ncer, continencia urinaria y funci\u00f3n er\u00e9ctil.<\/p>\n<p>Especialista en ayudar a los pacientes a lograr un control urinario total. Los informes han revelado que a un gran n\u00famero de pacientes se les han realizado pruebas de control urinario completo. Se dice que muchos han logrado el control a los pocos d\u00edas de la cirug\u00eda. Aproximadamente el 98% son continentes a los 6 meses de la cirug\u00eda.<\/p>\n<p>Especialista en ayudar a los pacientes a superar los efectos secundarios m\u00e1s temidos: incapacidad para lograr la erecci\u00f3n. La mayor\u00eda de los pacientes en Panam\u00e1 que se han sometido a una cirug\u00eda de c\u00e1ncer de pr\u00f3stata han informado de erecciones suficientes para la actividad sexual a los 6 meses.<\/p>\n<p>M\u00e1s del 99% de los pacientes se recuperan y abandonan el hospital dentro de las 24 horas posteriores a la cirug\u00eda.<\/p>\n<p>El INSTITUTO INTERNACIONAL DE PROSTATECTOM\u00cdA ROB\u00d3TICA tiene su sede en Panam\u00e1. Este es el centro m\u00e1s concurrido de cirug\u00eda rob\u00f3tica de pr\u00f3stata. El bullicioso centro m\u00e9dico est\u00e1 bien equipado con equipos modernos y muy avanzados.<\/p>\n<p>\u00bfDiagnosticado con c\u00e1ncer de pr\u00f3stata? Ll\u00e1manos ahora. Nuestro equipo lo ayudar\u00e1 a programar vuelos y prostatectom\u00eda rob\u00f3tica con el Dr. Razdan.<\/p>\n","protected":false},"excerpt":{"rendered":"<p>\ufeff MEJOR CIRUJANO DE CANCER DE PROSTATA PANAMA El Dr. Razdan es ampliamente reconocido como el mejor cirujano de c\u00e1ncer de pr\u00f3stata del mundo. Muchos miles de pacientes vuelan desde Panam\u00e1 para ser tratados por el especialista. El Dr. Razdan tiene su nombre incluido en la categor\u00eda estimada de uno de los pocos cirujanos de [&hellip;]<\/p>\n","protected":false},"author":1,"featured_media":0,"parent":0,"menu_order":0,"comment_status":"closed","ping_status":"closed","template":"","meta":{"footnotes":""},"class_list":["post-1670","page","type-page","status-publish","hentry"],"_links":{"self":[{"href":"https:\/\/miamiroboticprostatectomy.com\/sp\/wp-json\/wp\/v2\/pages\/1670","targetHints":{"allow":["GET"]}}],"collection":[{"href":"https:\/\/miamiroboticprostatectomy.com\/sp\/wp-json\/wp\/v2\/pages"}],"about":[{"href":"https:\/\/miamiroboticprostatectomy.com\/sp\/wp-json\/wp\/v2\/types\/page"}],"author":[{"embeddable":true,"href":"https:\/\/miamiroboticprostatectomy.com\/sp\/wp-json\/wp\/v2\/users\/1"}],"replies":[{"embeddable":true,"href":"https:\/\/miamiroboticprostatectomy.com\/sp\/wp-json\/wp\/v2\/comments?post=1670"}],"version-history":[{"count":4,"href":"https:\/\/miamiroboticprostatectomy.com\/sp\/wp-json\/wp\/v2\/pages\/1670\/revisions"}],"predecessor-version":[{"id":1791,"href":"https:\/\/miamiroboticprostatectomy.com\/sp\/wp-json\/wp\/v2\/pages\/1670\/revisions\/1791"}],"wp:attachment":[{"href":"https:\/\/miamiroboticprostatectomy.com\/sp\/wp-json\/wp\/v2\/media?parent=1670"}],"curies":[{"name":"wp","href":"https:\/\/api.w.org\/{rel}","templated":true}]}}