{"id":1682,"date":"2021-01-31T16:06:42","date_gmt":"2021-01-31T16:06:42","guid":{"rendered":"https:\/\/miamiroboticprostatectomy.com\/sp\/?page_id=1682"},"modified":"2025-04-30T01:37:57","modified_gmt":"2025-04-30T05:37:57","slug":"mejor-cirujano-de-cancer-de-prostata-puerto-rico","status":"publish","type":"page","link":"https:\/\/miamiroboticprostatectomy.com\/sp\/mejor-cirujano-de-cancer-de-prostata-puerto-rico\/","title":{"rendered":"Mejor Cirujano de Cancer de Prostata Puerto Rico"},"content":{"rendered":"<p><iframe src=\"https:\/\/www.youtube.com\/embed\/hoHahLBWxCY?&amp;autohide=2&amp;modestbranding=1\" width=\"100%\" height=\"350\" frameborder=\"0\" allowfullscreen=\"allowfullscreen\"><span data-mce-type=\"bookmark\" style=\"display: inline-block; width: 0px; overflow: hidden; line-height: 0;\" class=\"mce_SELRES_start\">\ufeff<\/span><\/iframe><\/p>\n<div class=\"mar-10\"><\/div>\n<div class=\"row\">\n<div class=\"col-md-8 col-sm-8 col-xs-6\">\n<h3>MEJOR CIRUJANO DE CANCER DE PROSTATA PUERTO RICO<\/h3>\n<p>El Dr. Razdan tiene miles de pacientes satisfechos que viajan especialmente desde Puerto Rico para el tratamiento del c\u00e1ncer de pr\u00f3stata. Conocido como uno de los pocos cirujanos de \u00e9lite que ha recibido capacitaci\u00f3n en cirug\u00eda rob\u00f3tica y l\u00e1ser de alta tecnolog\u00eda, el Dr. Razdan ha honrado muchos eventos y m\u00e9dicos cruciales en todo el mundo con su presencia.<\/p>\n<p>En la actualidad, el Dr. Razdan se desempe\u00f1a como profesor y presidente del Instituto Internacional de Prostatectom\u00eda Rob\u00f3tica. Este instituto es ampliamente reconocido como una de las mejores instalaciones equipadas con equipos de \u00faltima generaci\u00f3n para el tratamiento de pacientes. Se dedica exclusivamente al tratamiento del c\u00e1ncer de pr\u00f3stata.<\/p>\n<\/div>\n<div class=\"col-md-4 col-sm-4 col-xs-6\"><img decoding=\"async\" class=\"img-fluid\" src=\"http:\/\/jrmdlive.com\/doctormiami\/wp-content\/uploads\/2017\/09\/bio-1.jpg\" alt=\"bio-1\" title=\"\"><\/div>\n<\/div>\n<div class=\"mar-10\"><\/div>\n<div class=\"row\">\n<div class=\"col-md-4 col-sm-4 col-xs-6\"><img decoding=\"async\" class=\"img-fluid\" src=\"http:\/\/jrmdlive.com\/doctormiami\/wp-content\/uploads\/2017\/09\/bio-2.jpg\" alt=\"bio-2\" title=\"\"><\/div>\n<div class=\"col-md-8 col-sm-8 col-xs-6\">\n<p>El Dr. Razdan tambi\u00e9n se desempe\u00f1a como Director de Urolog\u00eda Rob\u00f3tica en los Centros MiVIP de Miami.<\/p>\n<h3>Reconocimientos pasados<\/h3>\n<ul>\n<li>Ex director del Centro de Excelencia de Urolog\u00eda.<\/li>\n<li>Expresidente del Departamento de Cirug\u00eda del Jackson South Hospital en Miami<\/li>\n<li>Certificado por la Junta Estadounidense de Urolog\u00eda y la Sociedad de Endourolog\u00eda<\/li>\n<\/ul>\n<\/div>\n<\/div>\n<div class=\"mar-10\"><\/div>\n<p><img decoding=\"async\" class=\"img-fluid\" src=\"http:\/\/jrmdlive.com\/doctormiami\/wp-content\/uploads\/2017\/09\/bio-3.jpg\" alt=\"bio-1\" title=\"\"><\/p>\n<div class=\"mar-10\"><\/div>\n<h3>Razones por las que los pacientes vuelan desde Puerto Rico para conocer al Dr. Razdan<\/h3>\n<p>El Dr. Razdan es uno de los cirujanos rob\u00f3ticos de c\u00e1ncer de pr\u00f3stata m\u00e1s experimentados y calificados del mundo.<\/p>\n<p>Tiene un historial encomiable en la realizaci\u00f3n con \u00e9xito de m\u00e1s de 8.500 procedimientos.<\/p>\n<p>El Dr. Razdan es reconocido por su contribuci\u00f3n como investigador y cirujano pionero en los resultados del c\u00e1ncer de pr\u00f3stata y la cirug\u00eda rob\u00f3tica.<\/p>\n<p>Ayud\u00f3 a los pacientes con el retorno temprano de la funci\u00f3n er\u00e9ctil despu\u00e9s de la cirug\u00eda de pr\u00f3stata rob\u00f3tica mediante el uso pionero de la MEMBRANA AMNI\u00d3TICA HUMANA.<\/p>\n<p>Otorgado el primer premio a la investigaci\u00f3n original por la Endourology Society, 2014<\/p>\n<p>Primer cirujano del mundo en utilizar la t\u00e9cnica MULP (PRESERVACI\u00d3N M\u00c1XIMA DE LA LONGITUD URETRAL) para ayudar a los pacientes con RETORNO TEMPRANO DE CONTINENCIA URINARIA despu\u00e9s de una cirug\u00eda rob\u00f3tica de pr\u00f3stata.<\/p>\n<p>Resultados insuperables en t\u00e9rminos de control del c\u00e1ncer, continencia urinaria y funci\u00f3n er\u00e9ctil<\/p>\n<p>La incontinencia urinaria es el efecto secundario m\u00e1s com\u00fan de la cirug\u00eda de c\u00e1ncer de pr\u00f3stata. Sin embargo, la mayor\u00eda de los pacientes de Puerto Rico tratados por el Dr. Razdan han experimentado un control urinario completo, generalmente a los pocos d\u00edas de la cirug\u00eda. La mejor parte es que casi el 98% son continentes a los 6 meses.<\/p>\n<p>La mayor\u00eda de los pacientes de Puerto Rico han logrado erecciones suficientes para la actividad sexual dentro de los 6 meses posteriores a la cirug\u00eda.<\/p>\n<p>Alrededor del 99% de los pacientes est\u00e1n lo suficientemente en forma para salir del hospital dentro de las 24 horas posteriores a la cirug\u00eda.<\/p>\n<p>Atenci\u00f3n personalizada de calidad mundial bajo la atenta atenci\u00f3n del Dr. Razdan y otros m\u00e9dicos calificados.<\/p>\n<h3>\u00bfDiagnosticado con c\u00e1ncer de pr\u00f3stata?<\/h3>\n<p>Si le han diagnosticado c\u00e1ncer de pr\u00f3stata recientemente y se encuentra en Puerto Rico, ll\u00e1menos ahora. Lo ayudaremos a programar vuelos a nuestras instalaciones y prostatectom\u00eda rob\u00f3tica con el Dr. Razdan.<\/p>\n","protected":false},"excerpt":{"rendered":"<p>\ufeff MEJOR CIRUJANO DE CANCER DE PROSTATA PUERTO RICO El Dr. Razdan tiene miles de pacientes satisfechos que viajan especialmente desde Puerto Rico para el tratamiento del c\u00e1ncer de pr\u00f3stata. Conocido como uno de los pocos cirujanos de \u00e9lite que ha recibido capacitaci\u00f3n en cirug\u00eda rob\u00f3tica y l\u00e1ser de alta tecnolog\u00eda, el Dr. Razdan ha [&hellip;]<\/p>\n","protected":false},"author":1,"featured_media":0,"parent":0,"menu_order":0,"comment_status":"closed","ping_status":"closed","template":"","meta":{"footnotes":""},"class_list":["post-1682","page","type-page","status-publish","hentry"],"_links":{"self":[{"href":"https:\/\/miamiroboticprostatectomy.com\/sp\/wp-json\/wp\/v2\/pages\/1682","targetHints":{"allow":["GET"]}}],"collection":[{"href":"https:\/\/miamiroboticprostatectomy.com\/sp\/wp-json\/wp\/v2\/pages"}],"about":[{"href":"https:\/\/miamiroboticprostatectomy.com\/sp\/wp-json\/wp\/v2\/types\/page"}],"author":[{"embeddable":true,"href":"https:\/\/miamiroboticprostatectomy.com\/sp\/wp-json\/wp\/v2\/users\/1"}],"replies":[{"embeddable":true,"href":"https:\/\/miamiroboticprostatectomy.com\/sp\/wp-json\/wp\/v2\/comments?post=1682"}],"version-history":[{"count":4,"href":"https:\/\/miamiroboticprostatectomy.com\/sp\/wp-json\/wp\/v2\/pages\/1682\/revisions"}],"predecessor-version":[{"id":2249,"href":"https:\/\/miamiroboticprostatectomy.com\/sp\/wp-json\/wp\/v2\/pages\/1682\/revisions\/2249"}],"wp:attachment":[{"href":"https:\/\/miamiroboticprostatectomy.com\/sp\/wp-json\/wp\/v2\/media?parent=1682"}],"curies":[{"name":"wp","href":"https:\/\/api.w.org\/{rel}","templated":true}]}}