{"id":1684,"date":"2021-01-31T15:38:20","date_gmt":"2021-01-31T15:38:20","guid":{"rendered":"https:\/\/miamiroboticprostatectomy.com\/sp\/?page_id=1684"},"modified":"2022-09-22T20:19:22","modified_gmt":"2022-09-22T20:19:22","slug":"mejor-cirujano-de-cancer-de-prostata-colombia","status":"publish","type":"page","link":"https:\/\/miamiroboticprostatectomy.com\/sp\/mejor-cirujano-de-cancer-de-prostata-colombia\/","title":{"rendered":"Mejor Cirujano de Cancer de Prostata Colombia"},"content":{"rendered":"<p><iframe src=\"https:\/\/www.youtube.com\/embed\/hoHahLBWxCY?&amp;autohide=2&amp;modestbranding=1\" width=\"100%\" height=\"350\" frameborder=\"0\" allowfullscreen=\"allowfullscreen\"><span data-mce-type=\"bookmark\" style=\"display: inline-block; width: 0px; overflow: hidden; line-height: 0;\" class=\"mce_SELRES_start\">\ufeff<\/span><span data-mce-type=\"bookmark\" style=\"display: inline-block; width: 0px; overflow: hidden; line-height: 0;\" class=\"mce_SELRES_start\">\ufeff<\/span><\/iframe><\/p>\n<div class=\"mar-10\"><\/div>\n<div class=\"row\">\n<div class=\"col-md-8 col-sm-8 col-xs-6\">\n<h3 id=\"tw-target-text\" class=\"tw-data-text tw-text-large tw-ta\" dir=\"ltr\" data-placeholder=\"Translation\"><span class=\"Y2IQFc\" lang=\"es\">CIRUJANO DE C\u00c1NCER DE PR\u00d3STATA para <\/span>Colombia<\/h3>\n<p>Con miles de pacientes satisfechos que han volado desde Colombia con la esperanza en sus corazones, el Dr. Razdan es uno de los mejores cirujanos rob\u00f3ticos de pr\u00f3stata del mundo.<\/p>\n<h3>Lo mejor entre el resto<\/h3>\n<p>El Dr. Razdan es uno de los pocos cirujanos de \u00e9lite en todo el pa\u00eds que ha recibido una amplia formaci\u00f3n avanzada en cirug\u00eda rob\u00f3tica y l\u00e1ser de alta tecnolog\u00eda.<\/p>\n<\/div>\n<div class=\"col-md-4 col-sm-4 col-xs-6\"><img decoding=\"async\" class=\"img-fluid\" src=\"http:\/\/jrmdlive.com\/doctormiami\/wp-content\/uploads\/2017\/09\/bio-1.jpg\" alt=\"bio-1\" title=\"\"><\/div>\n<\/div>\n<div class=\"mar-10\"><\/div>\n<div class=\"row\">\n<div class=\"col-md-4 col-sm-4 col-xs-6\"><img decoding=\"async\" class=\"img-fluid\" src=\"http:\/\/jrmdlive.com\/doctormiami\/wp-content\/uploads\/2017\/09\/bio-2.jpg\" alt=\"bio-2\" title=\"\"><\/div>\n<div class=\"col-md-8 col-sm-8 col-xs-6\">\n<h3>En sincron\u00eda con los \u00faltimos avances m\u00e9dicos<\/h3>\n<p>El Dr. Razdan se mantiene actualizado con las \u00faltimas tendencias y avances en el campo del tratamiento del c\u00e1ncer de pr\u00f3stata. Est\u00e1 sincronizado con las \u00faltimas investigaciones y resultados de la industria.<\/p>\n<h3>Reconocimientos<\/h3>\n<p>El Dr. Razdan ha iluminado a muchos estudiantes, profesionales y expertos de la industria con su conocimiento e informes de investigaci\u00f3n en muchos seminarios m\u00e9dicos a nivel nacional e internacional.<\/p>\n<p>Recibi\u00f3 m\u00faltiples premios por su excelente contribuci\u00f3n a la sociedad y la industria.<\/p>\n<\/div>\n<\/div>\n<div class=\"mar-10\"><\/div>\n<p><img decoding=\"async\" class=\"img-fluid\" src=\"http:\/\/jrmdlive.com\/doctormiami\/wp-content\/uploads\/2017\/09\/bio-3.jpg\" alt=\"bio-1\" title=\"\"><\/p>\n<div class=\"mar-10\"><\/div>\n<h3>Posiciones estimadas<\/h3>\n<p>El Dr. Razdan se desempe\u00f1a actualmente como profesor y presidente del Instituto Internacional de Rob\u00f3tica para el C\u00e1ncer de Pr\u00f3stata. Es una instalaci\u00f3n de vanguardia reconocida mundialmente, dedicada exclusivamente al tratamiento del c\u00e1ncer de pr\u00f3stata.<\/p>\n<p>Director de Urolog\u00eda Rob\u00f3tica en los Centros MiVIP de Miami<\/p>\n<p>Ex director del Centro de Excelencia de Urolog\u00eda.<\/p>\n<p>Expresidente del Departamento de Cirug\u00eda del Jackson South Hospital en Miami.<\/p>\n<h3>Especializaciones y acreditaciones<\/h3>\n<p>El Dr. Razdan est\u00e1 certificado por la Junta Estadounidense de Urolog\u00eda y la Sociedad de Endourolog\u00eda.<\/p>\n<p>\u00a1Especialista en ayudar a los pacientes con c\u00e1ncer de pr\u00f3stata a lograr un retorno \u201cm\u00e1s temprano\u201d de la funci\u00f3n sexual y el control urinario!<\/p>\n<h3>Instalaci\u00f3n de clase mundial<\/h3>\n<p>El Instituto Internacional de Rob\u00f3tica para el C\u00e1ncer de Pr\u00f3stata en Miami es reconocido por ser el primero en el mundo en realizar y lograr con \u00e9xito un estudio prospectivo aleatorizado utilizando la membrana amni\u00f3tica humana en pacientes post prostatectom\u00eda radical rob\u00f3tica. El \u00faltimo paciente se inscribi\u00f3 en noviembre de 2013.<\/p>\n<p>Hogar de los cirujanos rob\u00f3ticos de c\u00e1ncer de pr\u00f3stata m\u00e1s experimentados<\/p>\n<h3>DR. RAZDAN &#8211; La \u00fanica esperanza para los pacientes que viajan desde Colombia<\/h3>\n<ul>\n<li>El Dr. Razdan es uno de los cirujanos rob\u00f3ticos de c\u00e1ncer de pr\u00f3stata con m\u00e1s experiencia y conocimientos del mundo.<\/li>\n<li>Tiene experiencia en la realizaci\u00f3n exitosa de m\u00e1s de 9,000 procedimientos por su cuenta.<\/li>\n<li>Investigador y cirujano pionero en c\u00e1ncer de pr\u00f3stata y resultados de cirug\u00eda rob\u00f3tica<\/li>\n<li>El primer cirujano del mundo en UTILIZAR MEMBRANA AMNI\u00d3TICA HUMANA para el RETORNO TEMPRANO de la FUNCI\u00d3N ER\u00c9CTIL despu\u00e9s de la cirug\u00eda rob\u00f3tica de pr\u00f3stata<\/li>\n<li>Ganador del premio a la investigaci\u00f3n original de la Endourology Society, 2014<\/li>\n<li>Primer cirujano en el mundo en ser pionero en la t\u00e9cnica de Preservaci\u00f3n M\u00e1xima De La Longitud Uretral (Mulp) Para El Retorno Temprano De La Continencia Urinaria despu\u00e9s de la cirug\u00eda de pr\u00f3stata rob\u00f3tica<\/li>\n<li>Los mejores y m\u00e1s satisfactorios resultados en t\u00e9rminos de control del c\u00e1ncer, continencia urinaria y funci\u00f3n er\u00e9ctil<\/li>\n<li>La tasa m\u00e1s alta de pacientes que tienen un control urinario completo a menudo a los pocos d\u00edas de la cirug\u00eda en Colombia. Alrededor del 98% son continentes a los 6 meses<\/li>\n<li>La mayor\u00eda de los pacientes de Colombia han experimentado erecciones suficientes para la actividad sexual a los 6 meses (los resultados individuales pueden variar)<\/li>\n<li>Commendable 99% rate of patients leaving hospital within 24 hours after treatment.<\/li>\n<li>Tasa encomiable del 99% de pacientes que abandonan el hospital dentro de las 24 horas posteriores al tratamiento.<\/li>\n<li>Diagnosticado con c\u00e1ncer de pr\u00f3stata y se encuentra en Colombia? P\u00f3ngase en contacto con nosotros ahora para programar vuelos y prostatectom\u00eda rob\u00f3tica con el Dr. Razdan.<\/li>\n<\/ul>\n","protected":false},"excerpt":{"rendered":"<p>\ufeff\ufeff CIRUJANO DE C\u00c1NCER DE PR\u00d3STATA para Colombia Con miles de pacientes satisfechos que han volado desde Colombia con la esperanza en sus corazones, el Dr. Razdan es uno de los mejores cirujanos rob\u00f3ticos de pr\u00f3stata del mundo. Lo mejor entre el resto El Dr. Razdan es uno de los pocos cirujanos de \u00e9lite en [&hellip;]<\/p>\n","protected":false},"author":1,"featured_media":0,"parent":0,"menu_order":0,"comment_status":"closed","ping_status":"closed","template":"","meta":{"footnotes":""},"class_list":["post-1684","page","type-page","status-publish","hentry"],"_links":{"self":[{"href":"https:\/\/miamiroboticprostatectomy.com\/sp\/wp-json\/wp\/v2\/pages\/1684","targetHints":{"allow":["GET"]}}],"collection":[{"href":"https:\/\/miamiroboticprostatectomy.com\/sp\/wp-json\/wp\/v2\/pages"}],"about":[{"href":"https:\/\/miamiroboticprostatectomy.com\/sp\/wp-json\/wp\/v2\/types\/page"}],"author":[{"embeddable":true,"href":"https:\/\/miamiroboticprostatectomy.com\/sp\/wp-json\/wp\/v2\/users\/1"}],"replies":[{"embeddable":true,"href":"https:\/\/miamiroboticprostatectomy.com\/sp\/wp-json\/wp\/v2\/comments?post=1684"}],"version-history":[{"count":6,"href":"https:\/\/miamiroboticprostatectomy.com\/sp\/wp-json\/wp\/v2\/pages\/1684\/revisions"}],"predecessor-version":[{"id":1914,"href":"https:\/\/miamiroboticprostatectomy.com\/sp\/wp-json\/wp\/v2\/pages\/1684\/revisions\/1914"}],"wp:attachment":[{"href":"https:\/\/miamiroboticprostatectomy.com\/sp\/wp-json\/wp\/v2\/media?parent=1684"}],"curies":[{"name":"wp","href":"https:\/\/api.w.org\/{rel}","templated":true}]}}