{"id":1690,"date":"2021-01-31T15:34:50","date_gmt":"2021-01-31T15:34:50","guid":{"rendered":"https:\/\/miamiroboticprostatectomy.com\/sp\/?page_id=1690"},"modified":"2022-09-22T20:08:48","modified_gmt":"2022-09-22T20:08:48","slug":"mejor-cirujano-de-cancer-de-prostata-argentina","status":"publish","type":"page","link":"https:\/\/miamiroboticprostatectomy.com\/sp\/mejor-cirujano-de-cancer-de-prostata-argentina\/","title":{"rendered":"Mejor Cirujano de Cancer de Prostata Argentina"},"content":{"rendered":"<p><iframe src=\"https:\/\/www.youtube.com\/embed\/hoHahLBWxCY?&amp;autohide=2&amp;modestbranding=1\" width=\"100%\" height=\"350\" frameborder=\"0\" allowfullscreen=\"allowfullscreen\"><span data-mce-type=\"bookmark\" style=\"display: inline-block; width: 0px; overflow: hidden; line-height: 0;\" class=\"mce_SELRES_start\">\ufeff<\/span><\/iframe><\/p>\n<div class=\"mar-10\"><\/div>\n<div class=\"row\">\n<div class=\"col-md-8 col-sm-8 col-xs-6\">\n<h3>MEJOR CIRUJANO DE CANCER DE PROSTATA ARGENTINA<\/h3>\n<p>Sanjay Razdan, MD, MCh, FRCS (Glasg) es uno de los mejores cirujanos de c\u00e1ncer de pr\u00f3stata del mundo comprometido con ayudar a los pacientes a recuperarse y superar los efectos secundarios de la enfermedad.<\/p>\n<h3>Adquisiciones actuales<\/h3>\n<ul>\n<li>Se desempe\u00f1a como profesor y presidente del Instituto Internacional de Rob\u00f3tica para el C\u00e1ncer de Pr\u00f3stata. Esta instalaci\u00f3n es una instalaci\u00f3n de alta tecnolog\u00eda de renombre mundial dedicada exclusivamente al tratamiento del c\u00e1ncer de pr\u00f3stata.<\/li>\n<li>El Director de Urolog\u00eda Rob\u00f3tica en los Centros MiVIP, Miami.<\/li>\n<li>El Director del \u201cCentro Integral de C\u00e1lculos Renales\u201d de Miami se ocupa de todos los aspectos del tratamiento y la prevenci\u00f3n de la enfermedad de c\u00e1lculos renales.<\/li>\n<li>Director de la muy celebrada Compa\u00f1erismo en Endourolog\u00eda y Cirug\u00eda Rob\u00f3tica.<\/li>\n<li>Certificado por la Junta Estadounidense de Urolog\u00eda y la Sociedad de Endourolog\u00eda.<\/li>\n<\/ul>\n<\/div>\n<div class=\"col-md-4 col-sm-4 col-xs-6\"><img decoding=\"async\" class=\"img-fluid\" src=\"http:\/\/jrmdlive.com\/doctormiami\/wp-content\/uploads\/2017\/09\/bio-1.jpg\" alt=\"bio-1\" title=\"\"><\/div>\n<\/div>\n<div class=\"mar-10\"><\/div>\n<div class=\"row\">\n<div class=\"col-md-4 col-sm-4 col-xs-6\"><img decoding=\"async\" class=\"img-fluid\" src=\"http:\/\/jrmdlive.com\/doctormiami\/wp-content\/uploads\/2017\/09\/bio-2.jpg\" alt=\"bio-2\" title=\"\"><\/div>\n<div class=\"col-md-8 col-sm-8 col-xs-6\">\n<h3>Reconocimientos pasados<\/h3>\n<ul>\n<li>Ex director del Centro de Excelencia en Urolog\u00eda.<\/li>\n<li>Ex presidente del Departamento de Cirug\u00eda, Jackson South Hospital, Miami<\/li>\n<li>Formado en cirug\u00eda rob\u00f3tica y l\u00e1ser de alta tecnolog\u00eda<\/li>\n<li>Profesionales iluminados y aprendices en los principales seminarios m\u00e9dicos nacionales e internacionales.<\/li>\n<li>Recibi\u00f3 m\u00faltiples premios por sus excelentes contribuciones en el campo m\u00e9dico.<\/li>\n<\/ul>\n<p>El Dr. Razdan es reconocido como uno de los l\u00edderes mundiales en cirug\u00eda rob\u00f3tica de pr\u00f3stata para el c\u00e1ncer de pr\u00f3stata. Su serie es encomiable y est\u00e1 clasificada entre las m\u00e1s grandes realizadas por un solo cirujano en el mundo. Fue pionero en los procedimientos de rescate rob\u00f3tico con una tasa de \u00e9xito del 100% en casos de radiaci\u00f3n y fallas criog\u00e9nicas. El centro del Dr. Razdan en Miami tiene una l\u00ednea de apoyo oncol\u00f3gico. Los pacientes pueden llamar y compartir su experiencia con la cirug\u00eda de pr\u00f3stata.<\/p>\n<p>Un gran n\u00famero de pacientes de Argentina viajan a Miami para ver al Dr. Razdan y discutir el tratamiento del c\u00e1ncer de pr\u00f3stata. Es muy popular por brindar resultados incre\u00edbles a sus pacientes.<\/p>\n<\/div>\n<\/div>\n<div class=\"mar-10\"><\/div>\n<p><img decoding=\"async\" class=\"img-fluid\" src=\"http:\/\/jrmdlive.com\/doctormiami\/wp-content\/uploads\/2017\/09\/bio-3.jpg\" alt=\"bio-1\" title=\"\"><\/p>\n<div class=\"mar-10\"><\/div>\n<h3>Capacitaciones y logros m\u00e9dicos<\/h3>\n<ul>\n<li>El Dr. Razdan se gradu\u00f3 como uno de los mejores de su clase en la escuela de medicina.\n<li>Conferido con 12 medallas de oro a la excelencia acad\u00e9mica.<\/li>\n<li>Consigui\u00f3 la residencia en urolog\u00eda en UM \/ Jackson como graduado residente de primer nivel.\n<li>Beca avanzada en endourolog\u00eda y oncolog\u00eda urol\u00f3gica m\u00ednimamente invasiva<\/li>\n<li>Recib\u00ed capacitaci\u00f3n para el sistema quir\u00fargico rob\u00f3tico daVinci en el Hospital de la Universidad Thomas Jefferson en Filadelfia.<\/li>\n<li>Recibi\u00f3 el premio Pfizer en Jefferson, por su contribuci\u00f3n sobresaliente al campo de la urolog\u00eda por segunda vez en su carrera.<\/li>\n<li>Honrado con el prestigioso premio a &#8220;Cirujano Laparosc\u00f3pico Destacado&#8221; de la Sociedad de Cirujanos Laparoendosc\u00f3picos.<\/li>\n<\/ul>\n<h3>Contribuciones de Sterling al campo m\u00e9dico<\/h3>\n<p>El Dr. Razdan fue pionero en el uso de la &#8220;cirug\u00eda de pr\u00f3stata radical rob\u00f3tica daVinci&#8221; de alta tecnolog\u00eda.<\/p>\n<h3>\u00bfDiagnosticado con c\u00e1ncer de pr\u00f3stata?<\/p>\n<p>En caso de que te encuentres en Argentina y te diagnostiquen c\u00e1ncer de pr\u00f3stata, ponte en contacto con nuestro equipo ahora. Lo ayudaremos a programar su cirug\u00eda de c\u00e1ncer de pr\u00f3stata con el Dr. Razdan y vuelos desde Argentina.<\/p>\n","protected":false},"excerpt":{"rendered":"<p>\ufeff MEJOR CIRUJANO DE CANCER DE PROSTATA ARGENTINA Sanjay Razdan, MD, MCh, FRCS (Glasg) es uno de los mejores cirujanos de c\u00e1ncer de pr\u00f3stata del mundo comprometido con ayudar a los pacientes a recuperarse y superar los efectos secundarios de la enfermedad. Adquisiciones actuales Se desempe\u00f1a como profesor y presidente del Instituto Internacional de Rob\u00f3tica [&hellip;]<\/p>\n","protected":false},"author":1,"featured_media":0,"parent":0,"menu_order":0,"comment_status":"closed","ping_status":"closed","template":"","meta":{"footnotes":""},"class_list":["post-1690","page","type-page","status-publish","hentry"],"_links":{"self":[{"href":"https:\/\/miamiroboticprostatectomy.com\/sp\/wp-json\/wp\/v2\/pages\/1690","targetHints":{"allow":["GET"]}}],"collection":[{"href":"https:\/\/miamiroboticprostatectomy.com\/sp\/wp-json\/wp\/v2\/pages"}],"about":[{"href":"https:\/\/miamiroboticprostatectomy.com\/sp\/wp-json\/wp\/v2\/types\/page"}],"author":[{"embeddable":true,"href":"https:\/\/miamiroboticprostatectomy.com\/sp\/wp-json\/wp\/v2\/users\/1"}],"replies":[{"embeddable":true,"href":"https:\/\/miamiroboticprostatectomy.com\/sp\/wp-json\/wp\/v2\/comments?post=1690"}],"version-history":[{"count":6,"href":"https:\/\/miamiroboticprostatectomy.com\/sp\/wp-json\/wp\/v2\/pages\/1690\/revisions"}],"predecessor-version":[{"id":1912,"href":"https:\/\/miamiroboticprostatectomy.com\/sp\/wp-json\/wp\/v2\/pages\/1690\/revisions\/1912"}],"wp:attachment":[{"href":"https:\/\/miamiroboticprostatectomy.com\/sp\/wp-json\/wp\/v2\/media?parent=1690"}],"curies":[{"name":"wp","href":"https:\/\/api.w.org\/{rel}","templated":true}]}}