{"id":1694,"date":"2021-01-31T15:36:20","date_gmt":"2021-01-31T15:36:20","guid":{"rendered":"https:\/\/miamiroboticprostatectomy.com\/sp\/?page_id=1694"},"modified":"2021-07-19T12:17:28","modified_gmt":"2021-07-19T12:17:28","slug":"mejor-cirujano-de-cancer-de-prostata-chile","status":"publish","type":"page","link":"https:\/\/miamiroboticprostatectomy.com\/sp\/mejor-cirujano-de-cancer-de-prostata-chile\/","title":{"rendered":"Mejor Cirujano de Cancer de Prostata Chile"},"content":{"rendered":"<p><iframe src=\"https:\/\/www.youtube.com\/embed\/hoHahLBWxCY?&amp;autohide=2&amp;modestbranding=1\" width=\"100%\" height=\"350\" frameborder=\"0\" allowfullscreen=\"allowfullscreen\"><span data-mce-type=\"bookmark\" style=\"display: inline-block; width: 0px; overflow: hidden; line-height: 0;\" class=\"mce_SELRES_start\">\ufeff<\/span><span data-mce-type=\"bookmark\" style=\"display: inline-block; width: 0px; overflow: hidden; line-height: 0;\" class=\"mce_SELRES_start\">\ufeff<\/span><\/iframe><\/p>\n<div class=\"mar-10\"><\/div>\n<div class=\"row\">\n<div class=\"col-md-8 col-sm-8 col-xs-6\">\nLas instalaciones del Dr. Razdan son un moderno laboratorio totalmente equipado, integrado con plataformas de proceso, equipo de bioinform\u00e1tica interno. Est\u00e1 integrado con todo lo que se requiere para informes precisos y actualizados. El especialista en pr\u00f3stata rob\u00f3tica tiene miles de pacientes satisfechos y felices que llegan de todo Chile..<br \/>\nEl Dr. Razdan se ha ganado el estatus de ser uno de los pocos cirujanos c\u00e9lebres que reciben capacitaci\u00f3n en el campo de la cirug\u00eda rob\u00f3tica y l\u00e1ser de alta tecnolog\u00eda. Como un reconocido especialista en el campo de la cirug\u00eda rob\u00f3tica de pr\u00f3stata, el Dr. Razdan ha honrado varios seminarios m\u00e9dicos con su presencia en todo el pa\u00eds y en todo el mundo. Ha recibido numerosos laureles y premios por su excelente contribuci\u00f3n en este campo.<br \/>\nEl Dr. Razdan tambi\u00e9n se desempe\u00f1a como profesor y presidente del Instituto Internacional de Prostatectom\u00eda Rob\u00f3tica. La instalaci\u00f3n es reconocida en todo el mundo por sus servicios dedicados al tratamiento del c\u00e1ncer de pr\u00f3stata.<\/p>\n<\/div>\n<div class=\"col-md-4 col-sm-4 col-xs-6\"><img decoding=\"async\" class=\"img-fluid\" src=\"http:\/\/jrmdlive.com\/doctormiami\/wp-content\/uploads\/2017\/09\/bio-1.jpg\" alt=\"bio-1\" title=\"\"><\/div>\n<\/div>\n<div class=\"mar-10\"><\/div>\n<div class=\"row\">\n<div class=\"col-md-4 col-sm-4 col-xs-6\"><img decoding=\"async\" class=\"img-fluid\" src=\"http:\/\/jrmdlive.com\/doctormiami\/wp-content\/uploads\/2017\/09\/bio-2.jpg\" alt=\"bio-2\" title=\"\"><\/div>\n<div class=\"col-md-8 col-sm-8 col-xs-6\">\n<h3>Otras posiciones veneradas<\/h3>\n<ul>\n<li>Director de Urolog\u00eda Rob\u00f3tica &#8211; Centros MiVIP, Miami<\/li>\n<li>Ex director &#8211; El Centro de Excelencia de Urolog\u00eda<\/li>\n<li>Expresidente del Departamento de Cirug\u00eda del Jackson South Hospital, Miami<\/li>\n<\/ul>\n<h3>Acreditaciones<\/h3>\n<p>El Dr. Razdan est\u00e1 certificado por la Junta Estadounidense de Urolog\u00eda y la Sociedad de Endourolog\u00eda. Como el mejor cirujano de c\u00e1ncer de pr\u00f3stata de Aventura, ayuda a los pacientes a recuperarse m\u00e1s r\u00e1pida y completamente. Su objetivo es ayudar a los pacientes a lograr un retorno &#8220;m\u00e1s temprano&#8221; de la funci\u00f3n sexual y el control urinario, que son las aprehensiones m\u00e1s temidas de los pacientes con c\u00e1ncer de pr\u00f3stata.<\/p>\n<\/div>\n<\/div>\n<div class=\"mar-10\"><\/div>\n<p><img decoding=\"async\" class=\"img-fluid\" src=\"http:\/\/jrmdlive.com\/doctormiami\/wp-content\/uploads\/2017\/09\/bio-3.jpg\" alt=\"bio-1\" title=\"\"><\/p>\n<div class=\"mar-10\"><\/div>\n<p>El Instituto Internacional de Prostatectom\u00eda Rob\u00f3tica en Miami se gana la reputaci\u00f3n de ser el \u00fanico centro que ha sido testigo de la realizaci\u00f3n exitosa del &#8220;primer estudio prospectivo aleatorizado del mundo que utiliza la membrana amni\u00f3tica humana en pacientes sometidos a prostatectom\u00eda radical rob\u00f3tica&#8221;. El \u00faltimo paciente se inscribi\u00f3 en noviembre de 2013.<br \/>\nLa instalaci\u00f3n es el hogar de los cirujanos rob\u00f3ticos de c\u00e1ncer de pr\u00f3stata m\u00e1s experimentados y acreditados.<\/p>\n<h3>\u00bfPor qu\u00e9 confiar en el Dr. Razdan?<\/h3>\n<ul>\n<li>\u00bfSe pregunta por qu\u00e9 los pacientes de Chile vuelan hasta Miami y ven al Dr. Razdan? Esto es lo que necesita saber sobre su especialista en c\u00e1ncer de pr\u00f3stata:<\/li>\n<li>El Dr. Razdan es uno de los cirujanos rob\u00f3ticos de c\u00e1ncer de pr\u00f3stata m\u00e1s reconocidos y c\u00e9lebres del mundo, que cuenta con un amplio conocimiento y muchos a\u00f1os de experiencia en el campo.<\/li>\n<li>\u00a1El Dr. Razdan ha logrado con \u00e9xito m\u00e1s de 8.500 procedimientos! Todos estos procedimientos han sido realizados exclusivamente por el Dr. Razdan.<\/li>\n<li>Investigador y cirujano pionero en c\u00e1ncer de pr\u00f3stata y resultados de cirug\u00eda rob\u00f3tica<\/li>\n<li>El Dr. Razdan ha sido pionero en el uso de MEMBRANAS AMNI\u00d3TICAS HUMANAS para el RETORNO TEMPRANO de la FUNCI\u00d3N ER\u00c9CTIL despu\u00e9s de la cirug\u00eda de pr\u00f3stata rob\u00f3tica. Fue el primero en utilizar esta tecnolog\u00eda en el mundo.<\/li>\n<li>Otorgado con el primer premio a la investigaci\u00f3n original por la Endourology Society en el a\u00f1o 2014.<\/li>\n<li>Fue pionero en la t\u00e9cnica de PRESERVACI\u00d3N M\u00c1XIMA DE LA LONGITUD URETRAL (MULP) para el RETORNO TEMPRANO DE LA CONTINENCIA URINARIA despu\u00e9s de la cirug\u00eda de pr\u00f3stata rob\u00f3tica. Su investigaci\u00f3n y contribuciones fueron documentadas en el Journal of Endourology, agosto de 2014.<\/li>\n<li>Tenemos los mejores resultados del mundo, con respecto al control del c\u00e1ncer, la continencia urinaria y la funci\u00f3n er\u00e9ctil.<\/li>\n<li>La mayor\u00eda de los pacientes del Dr. Razdan experimentan un control urinario completo. Esto sucede con unos d\u00edas de cirug\u00eda. Aproximadamente el 98% de los pacientes se recuperan por completo y contin\u00faan a los 6 meses<\/li>\n<li>La mayor\u00eda de nuestros pacientes experimentan erecciones suficientes para la actividad sexual dentro de los 6 meses posteriores al tratamiento. (Tenga en cuenta que los resultados pueden variar de un individuo a otro)<\/li>\n<li>La tasa de recuperaci\u00f3n es la mejor aqu\u00ed que en cualquier parte del mundo. El 99% de los pacientes abandonan el hospital dentro de las 24 horas posteriores al tratamiento.<\/li>\n<li>Con el Dr. Razdan como su cirujano, espere una atenci\u00f3n altamente personalizada y de calidad mundial en el centro m\u00e1s concurrido de cirug\u00eda rob\u00f3tica de pr\u00f3stata en el sureste de los Estados Unidos. Una vez que aterrice aqu\u00ed (INTERNATIONAL ROBOTIC PROSTATECTOMY INSTITUTE, Miami, FL.), Estar\u00e1 en las mejores manos.<\/li>\n<\/ul>\n<h3>\u00bfDiagnosticado con c\u00e1ncer de pr\u00f3stata?<\/h3>\n<p>\u00a1No te preocupes! Ponte en contacto con nosotros hoy. Le informaremos cu\u00e1ndo programar vuelos y su prostatectom\u00eda rob\u00f3tica con el Dr. Razdan.<\/p>\n","protected":false},"excerpt":{"rendered":"<p>\ufeff\ufeff Las instalaciones del Dr. Razdan son un moderno laboratorio totalmente equipado, integrado con plataformas de proceso, equipo de bioinform\u00e1tica interno. Est\u00e1 integrado con todo lo que se requiere para informes precisos y actualizados. El especialista en pr\u00f3stata rob\u00f3tica tiene miles de pacientes satisfechos y felices que llegan de todo Chile.. El Dr. Razdan se [&hellip;]<\/p>\n","protected":false},"author":1,"featured_media":0,"parent":0,"menu_order":0,"comment_status":"closed","ping_status":"closed","template":"","meta":{"footnotes":""},"class_list":["post-1694","page","type-page","status-publish","hentry"],"_links":{"self":[{"href":"https:\/\/miamiroboticprostatectomy.com\/sp\/wp-json\/wp\/v2\/pages\/1694","targetHints":{"allow":["GET"]}}],"collection":[{"href":"https:\/\/miamiroboticprostatectomy.com\/sp\/wp-json\/wp\/v2\/pages"}],"about":[{"href":"https:\/\/miamiroboticprostatectomy.com\/sp\/wp-json\/wp\/v2\/types\/page"}],"author":[{"embeddable":true,"href":"https:\/\/miamiroboticprostatectomy.com\/sp\/wp-json\/wp\/v2\/users\/1"}],"replies":[{"embeddable":true,"href":"https:\/\/miamiroboticprostatectomy.com\/sp\/wp-json\/wp\/v2\/comments?post=1694"}],"version-history":[{"count":6,"href":"https:\/\/miamiroboticprostatectomy.com\/sp\/wp-json\/wp\/v2\/pages\/1694\/revisions"}],"predecessor-version":[{"id":1776,"href":"https:\/\/miamiroboticprostatectomy.com\/sp\/wp-json\/wp\/v2\/pages\/1694\/revisions\/1776"}],"wp:attachment":[{"href":"https:\/\/miamiroboticprostatectomy.com\/sp\/wp-json\/wp\/v2\/media?parent=1694"}],"curies":[{"name":"wp","href":"https:\/\/api.w.org\/{rel}","templated":true}]}}