{"id":1696,"date":"2021-01-31T16:04:20","date_gmt":"2021-01-31T16:04:20","guid":{"rendered":"https:\/\/miamiroboticprostatectomy.com\/sp\/?page_id=1696"},"modified":"2021-07-20T06:57:29","modified_gmt":"2021-07-20T06:57:29","slug":"mejor-cirujano-de-cancer-de-prostata-honduras","status":"publish","type":"page","link":"https:\/\/miamiroboticprostatectomy.com\/sp\/mejor-cirujano-de-cancer-de-prostata-honduras\/","title":{"rendered":"Mejor Cirujano de Cancer de Prostata Honduras"},"content":{"rendered":"<p><iframe src=\"https:\/\/www.youtube.com\/embed\/hoHahLBWxCY?&amp;autohide=2&amp;modestbranding=1\" width=\"100%\" height=\"350\" frameborder=\"0\" allowfullscreen=\"allowfullscreen\"><span data-mce-type=\"bookmark\" style=\"display: inline-block; width: 0px; overflow: hidden; line-height: 0;\" class=\"mce_SELRES_start\">\ufeff<\/span><\/iframe><\/p>\n<div class=\"mar-10\"><\/div>\n<div class=\"row\">\n<div class=\"col-md-8 col-sm-8 col-xs-6\">\n<h3>CIRUJANO DE C\u00c1NCER DE PR\u00d3STATA Honduras<\/h3>\n<p>El Dr. Razdan tiene muchos miles de pacientes satisfechos de Honduras. Es conocido por ser uno de los pocos cirujanos de \u00e9lite del pa\u00eds capacitado en cirug\u00eda rob\u00f3tica y l\u00e1ser de alta tecnolog\u00eda. Ha asistido y realizado sus aportes a un gran n\u00famero de seminarios m\u00e9dicos a nivel nacional e internacional y ha recibido m\u00faltiples premios.<\/p>\n<p>El Dr. Razdan se desempe\u00f1a como Profesor y Presidente del Instituto Internacional de Prostatectom\u00eda Rob\u00f3tica y Director de Urolog\u00eda Rob\u00f3tica en los Centros MiVIP de Miami.<\/p>\n<p>Anteriormente, el Dr. Razdan fue director del Centro de Excelencia de Urolog\u00eda y director del Departamento de Cirug\u00eda del Jackson South Hospital en Miami.<\/p>\n<\/div>\n<div class=\"col-md-4 col-sm-4 col-xs-6\"><img decoding=\"async\" class=\"img-fluid\" src=\"http:\/\/jrmdlive.com\/doctormiami\/wp-content\/uploads\/2017\/09\/bio-1.jpg\" alt=\"bio-1\" title=\"\"><\/div>\n<\/div>\n<div class=\"mar-10\"><\/div>\n<div class=\"row\">\n<div class=\"col-md-4 col-sm-4 col-xs-6\"><img decoding=\"async\" class=\"img-fluid\" src=\"http:\/\/jrmdlive.com\/doctormiami\/wp-content\/uploads\/2017\/09\/bio-2.jpg\" alt=\"bio-2\" title=\"\"><\/div>\n<div class=\"col-md-8 col-sm-8 col-xs-6\">\n<p>El Dr. Razdan ha sido galardonado con certificaciones y est\u00e1 certificado por la Junta Estadounidense de Urolog\u00eda y la Sociedad de Endourolog\u00eda.<\/p>\n<h3>\u00bfPor qu\u00e9 conocer al Dr. Razdan para el c\u00e1ncer de pr\u00f3stata?<\/h3>\n<p>Los pacientes vuelan desde Honduras para ver al Dr. Razdan. \u00c9l es su \u00fanica esperanza de tratamiento y recuperaci\u00f3n completa. Si le han diagnosticado c\u00e1ncer de pr\u00f3stata, aqu\u00ed hay algunas razones importantes por las que debe conocer al Dr. Razdan:<\/p>\n<\/div>\n<\/div>\n<div class=\"mar-10\"><\/div>\n<p><img decoding=\"async\" class=\"img-fluid\" src=\"http:\/\/jrmdlive.com\/doctormiami\/wp-content\/uploads\/2017\/09\/bio-3.jpg\" alt=\"bio-1\" title=\"\"><\/p>\n<div class=\"mar-10\"><\/div>\n<ul>\n<li>Uno de los cirujanos rob\u00f3ticos de c\u00e1ncer de pr\u00f3stata m\u00e1s experimentados y altamente calificados del mundo<\/li>\n<li>El Dr. Razdan ha realizado con \u00e9xito m\u00e1s de 8.500 procedimientos<\/li>\n<li>Ampliamente venerado por su trabajo de investigaci\u00f3n pionero sobre el c\u00e1ncer de pr\u00f3stata y los resultados de la cirug\u00eda rob\u00f3tica<\/li>\n<li>El Dr. Razdan Es El Primer Cirujano Del Mundo En Utilizar Membrana Amni\u00f3tica Humana Para El Retorno Temprano De La Funci\u00f3n Er\u00e9ctil Despu\u00e9s De La Cirug\u00eda Rob\u00f3tica De Pr\u00f3stata.<\/li>\n<li>Sus excelentes contribuciones fueron reconocidas por la Endourology Society. Lo honraron con el primer premio a la investigaci\u00f3n original en el a\u00f1o 2014.<\/li>\n<li>El Dr. Razdan es conocido por su ilustre introducci\u00f3n de la t\u00e9cnica MULP (PRESERVACI\u00d3N M\u00c1XIMA DE LA LONGITUD URETRAL). Ayud\u00f3 a los pacientes a lograr un REGRESO TEMPRANO DE LA CONTINENCIA URINARIA despu\u00e9s de la cirug\u00eda rob\u00f3tica de pr\u00f3stata. Este logro se registr\u00f3 en el Journal of Endourology, agosto de 2014.<\/li>\n<li>El Dr. Razdan y sus instalaciones son m\u00e1s conocidos por sus resultados r\u00e9cord en t\u00e9rminos de control del c\u00e1ncer. Los resultados son satisfactorios en t\u00e9rminos de efectos secundarios importantes: continencia urinaria y funci\u00f3n er\u00e9ctil.<\/li>\n<li>La mayor\u00eda de los pacientes de Honduras que recibieron tratamiento del Dr. Razdan han informado de un control urinario total. Los pacientes han informado que obtienen el control a los pocos d\u00edas de la cirug\u00eda. Alrededor del 98% son continentes a los 6 meses.<\/li>\n<li>Tambi\u00e9n son solo 6 meses para que la mayor\u00eda de los pacientes de Honduras tengan erecciones suficientes para la actividad sexual a los 6 meses.<\/li>\n<li>Alrededor del 99% de los pacientes abandonan el hospital en 24 horas.<\/li>\n<\/ul>\n<h3>Diagnosticado con c\u00e1ncer de pr\u00f3stata?<\/h3>\n<p>Ll\u00e1menos ahora para programar sus vuelos desde Honduras y prostatectom\u00eda rob\u00f3tica con el Dr. Razdan.<\/p>\n","protected":false},"excerpt":{"rendered":"<p>\ufeff CIRUJANO DE C\u00c1NCER DE PR\u00d3STATA Honduras El Dr. Razdan tiene muchos miles de pacientes satisfechos de Honduras. Es conocido por ser uno de los pocos cirujanos de \u00e9lite del pa\u00eds capacitado en cirug\u00eda rob\u00f3tica y l\u00e1ser de alta tecnolog\u00eda. Ha asistido y realizado sus aportes a un gran n\u00famero de seminarios m\u00e9dicos a nivel [&hellip;]<\/p>\n","protected":false},"author":1,"featured_media":0,"parent":0,"menu_order":0,"comment_status":"closed","ping_status":"closed","template":"","meta":{"footnotes":""},"class_list":["post-1696","page","type-page","status-publish","hentry"],"_links":{"self":[{"href":"https:\/\/miamiroboticprostatectomy.com\/sp\/wp-json\/wp\/v2\/pages\/1696","targetHints":{"allow":["GET"]}}],"collection":[{"href":"https:\/\/miamiroboticprostatectomy.com\/sp\/wp-json\/wp\/v2\/pages"}],"about":[{"href":"https:\/\/miamiroboticprostatectomy.com\/sp\/wp-json\/wp\/v2\/types\/page"}],"author":[{"embeddable":true,"href":"https:\/\/miamiroboticprostatectomy.com\/sp\/wp-json\/wp\/v2\/users\/1"}],"replies":[{"embeddable":true,"href":"https:\/\/miamiroboticprostatectomy.com\/sp\/wp-json\/wp\/v2\/comments?post=1696"}],"version-history":[{"count":4,"href":"https:\/\/miamiroboticprostatectomy.com\/sp\/wp-json\/wp\/v2\/pages\/1696\/revisions"}],"predecessor-version":[{"id":1788,"href":"https:\/\/miamiroboticprostatectomy.com\/sp\/wp-json\/wp\/v2\/pages\/1696\/revisions\/1788"}],"wp:attachment":[{"href":"https:\/\/miamiroboticprostatectomy.com\/sp\/wp-json\/wp\/v2\/media?parent=1696"}],"curies":[{"name":"wp","href":"https:\/\/api.w.org\/{rel}","templated":true}]}}