{"id":1823,"date":"2021-11-01T12:33:05","date_gmt":"2021-11-01T12:33:05","guid":{"rendered":"https:\/\/miamiroboticprostatectomy.com\/sp\/?page_id=1823"},"modified":"2021-11-01T12:38:31","modified_gmt":"2021-11-01T12:38:31","slug":"psa-en-aumento-por-que-es-importante","status":"publish","type":"page","link":"https:\/\/miamiroboticprostatectomy.com\/sp\/psa-en-aumento-por-que-es-importante\/","title":{"rendered":"PSA en aumento: Por qu\u00e9 es importante"},"content":{"rendered":"<h3>Por qu\u00e9 comprobar el PSA?<\/h3>\n<p><P>El c\u00e1ncer de pr\u00f3stata (CaP) es el c\u00e1ncer m\u00e1s com\u00fan entre los hombres. Casi 1 de cada 7 hombres en los EE. UU. Ser\u00e1 diagnosticado con CaP durante su vida. M\u00e1s de 170.000 hombres son diagnosticados con CaP anualmente y casi 30.000 hombres mueren a causa de la enfermedad cada a\u00f1o. La detecci\u00f3n de CaP se realiza mediante un examen rectal digital y un an\u00e1lisis de sangre llamado<a href=\"https:\/\/miamiroboticprostatectomy.com\/psa-test-prostate-cancer\/\">PSA<\/a>.Con la detecci\u00f3n del c\u00e1ncer de pr\u00f3stata, podr\u00edamos detectar c\u00e1nceres potencialmente letales en una etapa temprana e intervenir con tratamientos para curar la enfermedad.<\/P><\/p>\n<h3>\u00bfC\u00f3mo se realizan las pruebas de detecci\u00f3n del c\u00e1ncer de pr\u00f3stata?<\/h3>\n<p><P>Su m\u00e9dico le recomendar\u00e1 un examen anual. El examen rectal digital se realiza para detectar cualquier anomal\u00eda en la pr\u00f3stata sospechosa de CaP. Se realiza un an\u00e1lisis de sangre de PSA para evaluar el c\u00e1ncer de pr\u00f3stata.<\/P><\/p>\n<h3>\u00bfQu\u00e9 es el PSA?<\/h3>\n<p><P>Es un an\u00e1lisis de sangre que fue desarrollado por primera vez en 1979 por investigadores del Roswell Park Cancer Institute en Buffalo, NY. Es una prote\u00edna producida por la gl\u00e1ndula prost\u00e1tica y se eleva en diversas afecciones, como CaP, agrandamiento de la pr\u00f3stata, infecci\u00f3n de la orina, infecci\u00f3n o inflamaci\u00f3n de la pr\u00f3stata. Otras actividades que pueden aumentar temporalmente el PSA incluyen la actividad sexual o andar en bicicleta dentro de las 48 horas posteriores a la prueba. Abst\u00e9ngase de estas actividades durante al menos 2-3 d\u00edas antes de su an\u00e1lisis de sangre de PSA. Ciertos medicamentos como testosterona, finasterida, dutasterida pueden afectarlo.<\/P><\/p>\n<h3>\u00bfQu\u00e9 constituye un PSA anormal?<\/h3>\n<p>Esto depende de la edad, los valores previos de PSA y los factores de riesgo del paciente. Adem\u00e1s, un componente de PSA llamado PSA gratuito tambi\u00e9n es valioso para tomar esta decisi\u00f3n. Generalmente, un valor de PSA superior a 2,6 (seg\u00fan la edad) se considera anormal y un PSA libre inferior al 25% se considera anormal. Mientras que el 80% de los hombres con PSA anormal no tienen c\u00e1ncer, solo el 6.2% de los hombres sin c\u00e1ncer tienen PSA anormal. En los hombres con alto riesgo, o un grupo de edad m\u00e1s joven, o con un PSA en aumento en serie, los niveles de PSA incluso m\u00e1s bajos se consideran anormales. Un PSA en r\u00e1pido aumento, denominado VELOCIDAD DE PSA ALTA, tambi\u00e9n es un indicador de un posible c\u00e1ncer de pr\u00f3stata, incluso si el valor total est\u00e1 dentro del rango normal. El ur\u00f3logo suele repetir la prueba de PSA para confirmar si es anormal. Con valores m\u00e1s altos de PSA, aumenta el riesgo de albergar CaP.<\/p>\n<h3>\u00bfCu\u00e1l es la evidencia para el cribado de pr\u00f3stata?<\/h3>\n<p><P>Un estudio europeo de referencia demostr\u00f3 una reducci\u00f3n del 21% en las muertes por CaP en su poblaci\u00f3n de estudio a los 11 a\u00f1os desde el momento del inicio del cribado. Se estima que se necesitaron ex\u00e1menes de detecci\u00f3n de 570 hombres para diagnosticar a 18 hombres y evitar 1 muerte por CaP. Las directrices actuales de la <a href=\"https:\/\/www.auanet.org\/guidelines\/oncology-guidelines\/prostate-cancer\" target=\"_blank\" rel=\"noopener\">American urological association<\/a> Recomendamos evaluar a los hombres de entre 55 y 69 a\u00f1os despu\u00e9s de sopesar los beneficios y los riesgos. Para los hombres de 40 a 54 a\u00f1os y que tienen un alto riesgo, tambi\u00e9n se les puede ofrecer la prueba de detecci\u00f3n del CaP. Los hombres con alto riesgo incluyen aquellos con un miembro de la familia diagnosticado con c\u00e1ncer de pr\u00f3stata o de mama, y <a href=\"https:\/\/miamiroboticprostatectomy.com\/prostate-cancer-in-black-men\/\">Hombres afroamericanos<\/a><\/P><\/p>\n","protected":false},"excerpt":{"rendered":"<p>Por qu\u00e9 comprobar el PSA? El c\u00e1ncer de pr\u00f3stata (CaP) es el c\u00e1ncer m\u00e1s com\u00fan entre los hombres. Casi 1 de cada 7 hombres en los EE. UU. Ser\u00e1 diagnosticado con CaP durante su vida. M\u00e1s de 170.000 hombres son diagnosticados con CaP anualmente y casi 30.000 hombres mueren a causa de la enfermedad cada [&hellip;]<\/p>\n","protected":false},"author":1,"featured_media":0,"parent":0,"menu_order":0,"comment_status":"closed","ping_status":"closed","template":"","meta":{"footnotes":""},"class_list":["post-1823","page","type-page","status-publish","hentry"],"_links":{"self":[{"href":"https:\/\/miamiroboticprostatectomy.com\/sp\/wp-json\/wp\/v2\/pages\/1823","targetHints":{"allow":["GET"]}}],"collection":[{"href":"https:\/\/miamiroboticprostatectomy.com\/sp\/wp-json\/wp\/v2\/pages"}],"about":[{"href":"https:\/\/miamiroboticprostatectomy.com\/sp\/wp-json\/wp\/v2\/types\/page"}],"author":[{"embeddable":true,"href":"https:\/\/miamiroboticprostatectomy.com\/sp\/wp-json\/wp\/v2\/users\/1"}],"replies":[{"embeddable":true,"href":"https:\/\/miamiroboticprostatectomy.com\/sp\/wp-json\/wp\/v2\/comments?post=1823"}],"version-history":[{"count":2,"href":"https:\/\/miamiroboticprostatectomy.com\/sp\/wp-json\/wp\/v2\/pages\/1823\/revisions"}],"predecessor-version":[{"id":1825,"href":"https:\/\/miamiroboticprostatectomy.com\/sp\/wp-json\/wp\/v2\/pages\/1823\/revisions\/1825"}],"wp:attachment":[{"href":"https:\/\/miamiroboticprostatectomy.com\/sp\/wp-json\/wp\/v2\/media?parent=1823"}],"curies":[{"name":"wp","href":"https:\/\/api.w.org\/{rel}","templated":true}]}}