{"id":1871,"date":"2022-07-07T20:28:18","date_gmt":"2022-07-07T20:28:18","guid":{"rendered":"https:\/\/miamiroboticprostatectomy.com\/sp\/?page_id=1871"},"modified":"2022-07-07T20:28:18","modified_gmt":"2022-07-07T20:28:18","slug":"vuelo-vip-al-programa-de-tratamiento-de-la-prostata-de-miami","status":"publish","type":"page","link":"https:\/\/miamiroboticprostatectomy.com\/sp\/vuelo-vip-al-programa-de-tratamiento-de-la-prostata-de-miami\/","title":{"rendered":"Vuelo VIP al Programa de Tratamiento de la Pr\u00f3stata de Miami"},"content":{"rendered":"<p><a href=\"https:\/\/miamiroboticprostatectomy.com\/sp\/wp-content\/uploads\/2022\/07\/Untitled-design-2022-07-07T161550.573.png\"><img decoding=\"async\" class=\"aligncenter size-full wp-image-1872\" src=\"https:\/\/miamiroboticprostatectomy.com\/sp\/wp-content\/uploads\/2022\/07\/Untitled-design-2022-07-07T161550.573.png\" alt=\"Vuelo VIP a Miami - Prostata\" width=\"900\" height=\"400\" title=\"\" srcset=\"https:\/\/miamiroboticprostatectomy.com\/sp\/wp-content\/uploads\/2022\/07\/Untitled-design-2022-07-07T161550.573.png 900w, https:\/\/miamiroboticprostatectomy.com\/sp\/wp-content\/uploads\/2022\/07\/Untitled-design-2022-07-07T161550.573-300x133.png 300w, https:\/\/miamiroboticprostatectomy.com\/sp\/wp-content\/uploads\/2022\/07\/Untitled-design-2022-07-07T161550.573-768x341.png 768w, https:\/\/miamiroboticprostatectomy.com\/sp\/wp-content\/uploads\/2022\/07\/Untitled-design-2022-07-07T161550.573-50x22.png 50w\" sizes=\"(max-width: 900px) 100vw, 900px\" \/><\/a><\/p>\n<p>\u00bfUsted o un ser querido est\u00e1 buscando una instituci\u00f3n de primer nivel que ofrezca los mejores resultados para los pacientes con c\u00e1ncer de pr\u00f3stata que se someten a una prostatectom\u00eda? Vuele a Miami, Florida en los Estados Unidos. Esto ser\u00e1 tan f\u00e1cil como tomarse unas vacaciones con nuestro servicio de conserjer\u00eda de c\u00e1ncer de pr\u00f3stata. Ayudamos con el transporte al aeropuerto, alojamiento de lujo y una consulta individual con el especialista en c\u00e1ncer de pr\u00f3stata de renombre mundial, el Dr. Razdan. Para que su experiencia sea lo m\u00e1s placentera posible, atendemos regularmente a pacientes de todos los Estados Unidos, Am\u00e9rica del Sur, el Caribe y aqu\u00ed mismo en el sur de Florida. Pueden decidir si una operaci\u00f3n es necesaria o no trabajando juntos. Si se requiere cirug\u00eda de c\u00e1ncer de pr\u00f3stata, usted y el Dr. Razdan discutir\u00e1n las opciones y coordinar\u00e1n el procedimiento m\u00e1s reciente y m\u00e1s eficiente para extirpar su c\u00e1ncer y recuperar su calidad de vida.<\/p>\n<p>El Instituto Internacional de Prostatectom\u00eda Rob\u00f3tica ofrece atenci\u00f3n de primer nivel y los pacientes de todo Estados Unidos y del mundo pueden viajar a Miami y someterse a una cirug\u00eda de pr\u00f3stata con el Dr. Razdan. El Dr. Razdan, considerado por muchos como uno de los mejores en su campo, tiene innumerables pacientes de todo Estados Unidos que viajan al soleado sur de Florida y se re\u00fanen con \u00e9l en su hermosa oficina de \u00faltima generaci\u00f3n en Doral, FL. Los pacientes pueden esperar alojamiento maravilloso y la mejor atenci\u00f3n y tratamiento cuando viajan para someterse a una cirug\u00eda de pr\u00f3stata con el Dr. Razdan. Un coordinador de atenci\u00f3n al paciente lo guiar\u00e1 durante todo el proceso y, por lo general, los pacientes regresan a casa de 7 a 10 d\u00edas despu\u00e9s de la cirug\u00eda. El Aeropuerto Internacional de Miami es uno de los aeropuertos m\u00e1s utilizados por pacientes nacionales e internacionales, y el Dr. Razdan se enorgullece de atender a los pacientes que viajan para la experiencia VIP de cirug\u00eda de pr\u00f3stata.<\/p>\n<p>Si desea viajar desde otro estado o fuera del pa\u00eds a la soleada Florida y someterse a una cirug\u00eda de c\u00e1ncer de pr\u00f3stata m\u00ednimamente invasiva, comun\u00edquese con nuestra oficina y nuestro coordinador de pacientes le brindar\u00e1 orientaci\u00f3n sobre c\u00f3mo volar a Miami, d\u00f3nde alojarse y qu\u00e9 esperar. preoperatorio, durante la cirug\u00eda y postoperatorio. Exceptuamos muchas formas de pago y trabajaremos con usted para garantizar que reciba una atenci\u00f3n excepcional.<\/p>\n<p><a href=\"https:\/\/miamiroboticprostatectomy.com\/sp\/contacto\/\">Cont\u00e1ctenos ahora para programar su consulta personal<\/a><\/p>\n","protected":false},"excerpt":{"rendered":"<p>\u00bfUsted o un ser querido est\u00e1 buscando una instituci\u00f3n de primer nivel que ofrezca los mejores resultados para los pacientes con c\u00e1ncer de pr\u00f3stata que se someten a una prostatectom\u00eda? Vuele a Miami, Florida en los Estados Unidos. Esto ser\u00e1 tan f\u00e1cil como tomarse unas vacaciones con nuestro servicio de conserjer\u00eda de c\u00e1ncer de pr\u00f3stata. [&hellip;]<\/p>\n","protected":false},"author":1,"featured_media":0,"parent":0,"menu_order":0,"comment_status":"closed","ping_status":"closed","template":"","meta":{"footnotes":""},"class_list":["post-1871","page","type-page","status-publish","hentry"],"_links":{"self":[{"href":"https:\/\/miamiroboticprostatectomy.com\/sp\/wp-json\/wp\/v2\/pages\/1871","targetHints":{"allow":["GET"]}}],"collection":[{"href":"https:\/\/miamiroboticprostatectomy.com\/sp\/wp-json\/wp\/v2\/pages"}],"about":[{"href":"https:\/\/miamiroboticprostatectomy.com\/sp\/wp-json\/wp\/v2\/types\/page"}],"author":[{"embeddable":true,"href":"https:\/\/miamiroboticprostatectomy.com\/sp\/wp-json\/wp\/v2\/users\/1"}],"replies":[{"embeddable":true,"href":"https:\/\/miamiroboticprostatectomy.com\/sp\/wp-json\/wp\/v2\/comments?post=1871"}],"version-history":[{"count":1,"href":"https:\/\/miamiroboticprostatectomy.com\/sp\/wp-json\/wp\/v2\/pages\/1871\/revisions"}],"predecessor-version":[{"id":1873,"href":"https:\/\/miamiroboticprostatectomy.com\/sp\/wp-json\/wp\/v2\/pages\/1871\/revisions\/1873"}],"wp:attachment":[{"href":"https:\/\/miamiroboticprostatectomy.com\/sp\/wp-json\/wp\/v2\/media?parent=1871"}],"curies":[{"name":"wp","href":"https:\/\/api.w.org\/{rel}","templated":true}]}}