{"id":1884,"date":"2022-08-26T22:00:49","date_gmt":"2022-08-26T22:00:49","guid":{"rendered":"https:\/\/miamiroboticprostatectomy.com\/sp\/?page_id=1884"},"modified":"2025-10-27T03:43:58","modified_gmt":"2025-10-27T07:43:58","slug":"prostatectomia-de-salvamiento","status":"publish","type":"page","link":"https:\/\/miamiroboticprostatectomy.com\/sp\/prostatectomia-de-salvamiento\/","title":{"rendered":"Prostatectomia de Salvamiento"},"content":{"rendered":"<p id=\"tw-target-text\" class=\"tw-data-text tw-text-large tw-ta\" dir=\"ltr\" data-placeholder=\"Translation\"><span class=\"Y2IQFc\" lang=\"es\">Los hombres con c\u00e1ncer de pr\u00f3stata localizado generalmente se tratan con cirug\u00eda o radiaci\u00f3n. Si bien generalmente logra erradicar la enfermedad, algunos hombres no se curar\u00e1n del c\u00e1ncer de pr\u00f3stata con este tratamiento inicial. Por lo tanto, algunos pacientes pueden beneficiarse de la terapia de rescate o del tratamiento del c\u00e1ncer residual o recurrente. Si la recurrencia (o enfermedad residual) est\u00e1 en un sitio metast\u00e1sico distante, la terapia con medicamentos (tambi\u00e9n conocida como terapia sist\u00e9mica) es necesaria para que todos los sitios de propagaci\u00f3n en todo el cuerpo est\u00e9n dirigidos. Si el c\u00e1ncer reaparece en el \u00e1rea de la pr\u00f3stata (la fosa prost\u00e1tica), entonces puede estar indicada la terapia local de rescate. Esto significa que un paciente que se someti\u00f3 a una cirug\u00eda puede beneficiarse de la radiaci\u00f3n para destruir las c\u00e9lulas cancerosas residuales. <\/span><\/p>\n<p class=\"tw-data-text tw-text-large tw-ta\" dir=\"ltr\" data-placeholder=\"Translation\"><span class=\"Y2IQFc\" lang=\"es\">Por el contrario, si el tratamiento de radiaci\u00f3n inicial no erradic\u00f3 todo el c\u00e1ncer de pr\u00f3stata, es posible que ese paciente necesite cirug\u00eda para extirpar la pr\u00f3stata y el c\u00e1ncer residual. Esto se conoce como prostatectom\u00eda de rescate. El c\u00e1ncer de pr\u00f3stata sigue siendo un diagn\u00f3stico com\u00fan y una causa de muerte para los hombres en los EE. UU. que afectar\u00e1 a m\u00e1s de uno de cada diez hombres en alg\u00fan momento de sus vidas. En la presentaci\u00f3n, algunos hombres tendr\u00e1n enfermedad metast\u00e1sica o localmente avanzada. De aquellos hombres con enfermedad localizada que eligen un tratamiento con intenci\u00f3n curativa, incluida la prostatectom\u00eda radical, la radioterapia (RT) o terapias locales novedosas, aproximadamente un tercio sufrir\u00e1 una recurrencia de su enfermedad. <\/span><\/p>\n<p class=\"tw-data-text tw-text-large tw-ta\" dir=\"ltr\" data-placeholder=\"Translation\"><span class=\"Y2IQFc\" lang=\"es\">El tratamiento de rescate puede conducir potencialmente a una cura a largo plazo en ciertos pacientes seleccionados adecuadamente. Los pacientes deben ser evaluados para una posible <a href=\"https:\/\/miamiroboticprostatectomy.com\/sp\/prostatectomia-radical-robotica\/\">prostatectom\u00eda<\/a> radical de rescate (SRP) con estimaci\u00f3n de la esperanza de vida y evaluaci\u00f3n de enfermedades distantes a trav\u00e9s de una variedad de opciones de im\u00e1genes avanzadas que incluyen tomograf\u00eda computarizada, gammagraf\u00eda \u00f3sea y\/o resonancia magn\u00e9tica. <\/span><\/p>\n<h3 class=\"tw-data-text tw-text-large tw-ta\" dir=\"ltr\" data-placeholder=\"Translation\"><span class=\"Y2IQFc\" lang=\"es\">Prostatectom\u00eda de rescate despu\u00e9s de la radiaci\u00f3n <\/span><\/h3>\n<p class=\"tw-data-text tw-text-large tw-ta\" dir=\"ltr\" data-placeholder=\"Translation\"><span class=\"Y2IQFc\" lang=\"es\">Hasta el 50 % de los pacientes tratados con radioterapia primaria (radiaci\u00f3n de haz externo o braquiterapia) para el c\u00e1ncer de pr\u00f3stata pueden tener una recurrencia bioqu\u00edmica (un aumento en el PSA) dentro de los 10 a\u00f1os. Si un hombre experimenta una recurrencia del c\u00e1ncer de pr\u00f3stata limitado a la pr\u00f3stata, entonces puede ser candidato para una prostatectom\u00eda de rescate.<\/span><\/p>\n<ul>\n<li dir=\"ltr\" data-placeholder=\"Translation\">\n<p id=\"tw-target-text\" class=\"tw-data-text tw-text-large tw-ta\" dir=\"ltr\" data-placeholder=\"Translation\"><span class=\"Y2IQFc\" lang=\"es\">La prostatectom\u00eda de rescate se puede realizar a trav\u00e9s de un abordaje abierto o rob\u00f3tico (o laparosc\u00f3pico), en el cual se extirpan la pr\u00f3stata, las ves\u00edculas seminales adyacentes y los ganglios linf\u00e1ticos circundantes. <\/span><\/p>\n<\/li>\n<li dir=\"ltr\" data-placeholder=\"Translation\">\n<p id=\"tw-target-text\" class=\"tw-data-text tw-text-large tw-ta\" dir=\"ltr\" data-placeholder=\"Translation\"><span class=\"Y2IQFc\" lang=\"es\">Debido a la cicatrizaci\u00f3n de la radiaci\u00f3n, la prostatectom\u00eda de rescate es m\u00e1s dif\u00edcil que la cirug\u00eda prost\u00e1tica primaria (inicial o de novo). En consecuencia, los efectos secundarios del tratamiento son m\u00e1s comunes. Estos involucran principalmente la vejiga y la disfunci\u00f3n sexual. <\/span><\/p>\n<\/li>\n<li dir=\"ltr\" data-placeholder=\"Translation\">\n<p id=\"tw-target-text\" class=\"tw-data-text tw-text-large tw-ta\" dir=\"ltr\" data-placeholder=\"Translation\"><span class=\"Y2IQFc\" lang=\"es\">Se hace todo lo posible para preservar los nervios que permiten la funci\u00f3n sexual, aunque esto es m\u00e1s dif\u00edcil durante una prostatectom\u00eda de rescate que durante una prostatectom\u00eda primaria. <\/span><\/p>\n<\/li>\n<\/ul>\n<p><span class=\"Y2IQFc\" lang=\"es\">Una vez que a los pacientes se les diagnostica una recurrencia de la enfermedad local confirmada mediante una biopsia de pr\u00f3stata, se pueden ofrecer terapias de rescate que incluyen SRP. Los pacientes deben ser derivados a cirujanos con experiencia adecuada en la realizaci\u00f3n de SRP y el asesoramiento debe incluir discusiones sobre el enfoque quir\u00fargico y los resultados oncol\u00f3gicos, as\u00ed como los resultados funcionales. La prostatectom\u00eda de rescate se asocia con un impacto significativo en la calidad de vida, incluida la incontinencia y la disfunci\u00f3n er\u00e9ctil. Las complicaciones incluyen estenosis anastom\u00f3ticas, fugas de orina, f\u00edstulas y lesi\u00f3n rectal. <\/span><\/p>\n<h3><span class=\"Y2IQFc\" lang=\"es\">Prostatectom\u00eda de rescate despu\u00e9s de HIFU (ultrasonido de alta intensidad) <\/span><\/h3>\n<p><span class=\"Y2IQFc\" lang=\"es\">Cuando un paciente experimenta una recurrencia bioqu\u00edmica despu\u00e9s de HIFU, la cirug\u00eda y la radioterapia se convierten en las principales opciones para la terapia de rescate. Si bien es significativamente m\u00e1s desafiante que en el entorno primario, la prostatectom\u00eda de rescate a\u00fan es posible para los pacientes ex-HIFU, aunque la operaci\u00f3n debe ser realizada por un cirujano experimentado debido a la mayor dificultad t\u00e9cnica debido a la cicatrizaci\u00f3n alrededor de la pr\u00f3stata. De hecho, debido a que la destrucci\u00f3n del tejido causada por HIFU est\u00e1 tan localizada, la prostatectom\u00eda de rescate es, en general, m\u00e1s f\u00e1cil que despu\u00e9s de la radioterapia (incluida la radioterapia de haz externo y la braquiterapia), que causan una cicatrizaci\u00f3n significativamente mayor alrededor de la pr\u00f3stata. <\/span><\/p>\n<p><span class=\"Y2IQFc\" lang=\"es\">Mis resultados muestran que esta disecci\u00f3n m\u00e1s f\u00e1cil parece traducirse en una tasa de complicaciones mucho m\u00e1s baja y resultados funcionales mucho mejores (es decir, para la continencia y la potencia) que despu\u00e9s de una cirug\u00eda de rescate despu\u00e9s de una radioterapia fallida. Si su tratamiento HIFU ha fallado, no pierda la esperanza, \u00a1la cirug\u00eda a\u00fan puede ofrecerle una cura permanente con muy buenos resultados funcionales! <\/span><\/p>\n<p><span class=\"Y2IQFc\" lang=\"es\">El <a href=\"https:\/\/miamiroboticprostatectomy.com\/sp\/sobre-el-medico\/\">Dr. Razdan<\/a> tambi\u00e9n realiza prostatectom\u00edas de rescate despu\u00e9s de HIFU y tiene una vasta experiencia en prostatectom\u00edas de rescate posteriores a HIFU y posteriores a la crioablaci\u00f3n. Si le han diagnosticado c\u00e1ncer de pr\u00f3stata, no lo dude y <a href=\"https:\/\/miamiroboticprostatectomy.com\/sp\/contacto\/\">comun\u00edquese hoy con el Dr. Razdan<\/a> para una cita inmediata.<\/span><\/p>\n<h3><strong>Entendiendo la Prostatectom\u00eda de Salvamento<\/strong><\/h3>\n<p>Una prostatectom\u00eda de rescate es una cirug\u00eda para extirpar la pr\u00f3stata y cualquier c\u00e9lula cancerosa restante que haya reaparecido despu\u00e9s de que otro tratamiento (generalmente radioterapia) no haya curado el c\u00e1ncer. Este tipo de cirug\u00eda es m\u00e1s compleja que una prostatectom\u00eda est\u00e1ndar debido al tejido cicatricial causado por la radiaci\u00f3n previa. Los pacientes que se someten a prostatectom\u00edas de rescate tienen un mayor riesgo de sufrir efectos secundarios como incontinencia urinaria y disfunci\u00f3n er\u00e9ctil. \u00bfQui\u00e9n es candidato para una prostatectom\u00eda de rescate?<br \/>\nUsted es un buen candidato para una prostatectom\u00eda de rescate si cumple con los siguientes criterios:<\/p>\n<ul>\n<li>Normalmente, a los hombres con c\u00e1ncer de pr\u00f3stata que reaparece despu\u00e9s del primer tratamiento, como radioterapia o ultrasonido focal de alta intensidad (HIFU), se les recomienda una prostatectom\u00eda de rescate.<\/li>\n<li>Los mejores candidatos presentan un aumento en los niveles de ant\u00edgeno prost\u00e1tico espec\u00edfico (PSA), lo que indica una recurrencia del c\u00e1ncer de pr\u00f3stata.<\/li>\n<li>Si las im\u00e1genes o la biopsia muestran c\u00e1ncer localizado, que a\u00fan es tratable, se sugiere una prostatectom\u00eda de rescate.<\/li>\n<li>Es fundamental que un cirujano altamente capacitado, como el Dr. Sanjay Razdan, lo eval\u00fae para determinar si est\u00e1 calificado y es seguro para una prostatectom\u00eda de rescate.<\/li>\n<\/ul>\n<p><strong>Tipos de prostatectom\u00eda de rescate<\/strong><\/p>\n<ul>\n<li><strong>Prostatectom\u00eda de rescate abierta Prostatectom\u00eda:<\/strong> Cirug\u00eda tradicional que utiliza una incisi\u00f3n m\u00e1s grande para extirpar la pr\u00f3stata.<\/li>\n<li><strong>Prostatectom\u00eda de Rescate Asistida por Rob\u00f3tica:<\/strong> Cirug\u00eda m\u00ednimamente invasiva que utiliza el Sistema Quir\u00fargico da Vinci\u00ae para una mayor precisi\u00f3n quir\u00fargica.<\/li>\n<\/ul>\n<h4><strong>Puntos destacados de la Prostatectom\u00eda de Rescate Asistida por Rob\u00f3tica:<\/strong><\/h4>\n<p>El abordaje rob\u00f3tico presenta menor p\u00e9rdida de sangre y una recuperaci\u00f3n m\u00e1s r\u00e1pida en comparaci\u00f3n con la prostatectom\u00eda de rescate abierta. Ambas versiones de la prostatectom\u00eda de rescate tienen como objetivo extirpar la pr\u00f3stata, as\u00ed como eliminar completamente el c\u00e1ncer. Sin embargo, la cirug\u00eda rob\u00f3tica ofrece mayores posibilidades de prevenir cualquier disfunci\u00f3n urinaria o sexual.<\/p>\n<p><strong>Resumen del procedimiento paso a paso<\/strong><\/p>\n<ul>\n<li><strong>Consideraciones preoperatorias:<\/strong> Evaluaci\u00f3n completa de im\u00e1genes, PSA y estado general de salud.<\/li>\n<li><strong>Opciones quir\u00fargicas:<\/strong> Cirug\u00eda asistida por robot vs. cirug\u00eda abierta para extirpar el tejido prost\u00e1tico residual.<\/li>\n<\/ul>\n<p><strong>Objetivos clave:<\/strong><\/p>\n<p>Extirpaci\u00f3n completa del tejido canceroso, siempre que sea posible, preservando los nervios para preservar la funci\u00f3n er\u00e9ctil y el control urinario.<\/p>\n<ul>\n<li><strong>Postoperatorio:<\/strong> Estancia hospitalaria, control del dolor y recuperaci\u00f3n temprana.<\/li>\n<li><strong>Seguimiento:<\/strong> Controles regulares de PSA y plan de recuperaci\u00f3n individualizado.<\/li>\n<\/ul>\n<h4><strong>\u00bfCu\u00e1les son los principales beneficios de una prostatectom\u00eda de rescate?<\/strong><\/h4>\n<p>Algunos de los beneficios de una prostatectom\u00eda de rescate realizada por el Dr. Razdan incluyen:<\/p>\n<ul>\n<li><strong>M\u00ednimamente invasiva:<\/strong> La cirug\u00eda asistida por robot permite una cirug\u00eda m\u00e1s precisa e incisiones m\u00e1s peque\u00f1as.<\/li>\n<li><strong>Recuperaci\u00f3n r\u00e1pida:<\/strong> Menos tiempo en la sala de recuperaci\u00f3n\/urgencias del hospital y retorno a las actividades diarias m\u00e1s r\u00e1pido.<\/li>\n<li><strong>Menor riesgo de complicaciones:<\/strong> Menor p\u00e9rdida de sangre esperada y menor incidencia de infecciones. <strong>Mejores resultados funcionales:<\/strong> Mayor probabilidad de recuperar la continencia urinaria y la funci\u00f3n er\u00e9ctil.<\/li>\n<li>Mejor control del c\u00e1ncer: Garantiza la extirpaci\u00f3n selectiva del c\u00e1ncer de pr\u00f3stata recurrente con el mayor \u00e9xito.<\/li>\n<\/ul>\n<h4><strong>\u00bfPor qu\u00e9 elegir al Dr. Sanjay Razdan para la prostatectom\u00eda de rescate?<\/strong><\/h4>\n<p>El Dr. Razdan es un cirujano certificado con experiencia en la realizaci\u00f3n de numerosos procedimientos rob\u00f3ticos y m\u00ednimamente invasivos, incluyendo la prostatectom\u00eda de rescate. Algunas de las razones clave para elegir al Dr. Razdan para la prostatectom\u00eda de rescate incluyen:<\/p>\n<ul>\n<li>M\u00e1s de 10,000 cirug\u00edas rob\u00f3ticas de pr\u00f3stata realizadas<\/li>\n<li>Amplia experiencia en cirug\u00edas rob\u00f3ticas de c\u00e1ncer de pr\u00f3stata<\/li>\n<li>Experiencia en prostatectom\u00eda de rescate asistida por robot<\/li>\n<li>Enfoque centrado en el paciente y cuidados postoperatorios avanzados<\/li>\n<\/ul>\n<h2><strong>Preguntas frecuentes<\/strong><\/h2>\n<h5><strong>Pregunta 1. \u00bfQui\u00e9n es candidato adecuado para la prostatectom\u00eda de rescate?<\/strong><\/h5>\n<p>Respuesta. Los pacientes son candidatos adecuados para la prostatectom\u00eda de rescate si presentan c\u00e1ncer de pr\u00f3stata recurrente que no se ha propagado a otras partes del cuerpo, despu\u00e9s de un tratamiento inicial como la radioterapia.<\/p>\n<h5><strong>Pregunta 2. \u00bfCu\u00e1les son las diferencias entre la prostatectom\u00eda de rescate asistida por robot y la prostatectom\u00eda de rescate abierta?<\/strong><\/h5>\n<p>Respuesta. La prostatectom\u00eda de rescate asistida por robot (PRRAS) ofrece ventajas potenciales, como menor p\u00e9rdida de sangre, estancias hospitalarias m\u00e1s cortas y niveles de dolor m\u00e1s bajos, gracias a una mayor destreza y visi\u00f3n 3D en comparaci\u00f3n con la prostatectom\u00eda de rescate abierta (PRS).<\/p>\n<h5><strong>Pregunta 3. \u00bfCu\u00e1nto dura la recuperaci\u00f3n tras una prostatectom\u00eda de rescate?<\/strong><\/h5>\n<p>Respuesta. El tiempo promedio de recuperaci\u00f3n inicial tras una prostatectom\u00eda de rescate es de aproximadamente uno a dos d\u00edas.<\/p>\n<h5><strong>Pregunta 4. \u00bfMantendr\u00e9 la continencia urinaria y la funci\u00f3n sexual despu\u00e9s de la cirug\u00eda?<\/strong><\/h5>\n<p>Respuesta. S\u00ed, es probable que mantenga la continencia urinaria y la funci\u00f3n sexual, pero la recuperaci\u00f3n var\u00eda seg\u00fan la persona y puede llevar tiempo mantenerlas correctamente.<br \/>\n<script type=\"application\/ld+json\">\n{\n  \"@context\": \"https:\/\/schema.org\",\n  \"@type\": \"FAQPage\",\n  \"mainEntity\": [\n    {\n      \"@type\": \"Question\",\n      \"name\": \"\u00bfQui\u00e9n es candidato adecuado para una prostatectom\u00eda de rescate?\",\n      \"acceptedAnswer\": {\n        \"@type\": \"Answer\",\n        \"text\": \"Los pacientes son candidatos adecuados para una prostatectom\u00eda de rescate si presentan c\u00e1ncer de pr\u00f3stata recurrente que no se ha propagado a otras partes del cuerpo, despu\u00e9s de un tratamiento inicial como la radioterapia.\"\n      }\n    },\n    {\n      \"@type\": \"Question\",\n      \"name\": \"\u00bfCu\u00e1les son las diferencias entre la prostatectom\u00eda de rescate asistida por robot y la prostatectom\u00eda de rescate abierta?\",\n      \"acceptedAnswer\": {\n        \"@type\": \"Answer\",\n        \"text\": \"La prostatectom\u00eda de rescate asistida por robot (PRRAS) ofrece ventajas potenciales, como menor p\u00e9rdida de sangre, estancias hospitalarias m\u00e1s cortas y puntuaciones de dolor m\u00e1s bajas, gracias a una mayor destreza y visi\u00f3n 3D en comparaci\u00f3n con la prostatectom\u00eda de rescate abierta (PRS).\"\n      }\n    },\n    {\n      \"@type\": \"Question\",\n      \"name\": \"\u00bfCu\u00e1nto dura la recuperaci\u00f3n tras una prostatectom\u00eda de rescate?\",\n      \"acceptedAnswer\": {\n        \"@type\": \"Answer\",\n        \"text\": \"El tiempo promedio de recuperaci\u00f3n inicial tras una prostatectom\u00eda de rescate es de uno a dos meses, pero la recuperaci\u00f3n completa puede tardar entre varios meses y un a\u00f1o.\"\n      }\n    },\n    {\n      \"@type\": \"Question\",\n      \"name\": \"\u00bfMantendr\u00e9 la continencia urinaria y la funci\u00f3n sexual despu\u00e9s de la cirug\u00eda?\",\n      \"acceptedAnswer\": {\n        \"@type\": \"Answer\",\n        \"text\": \"S\u00ed, es probable que mantenga la continencia urinaria y la funci\u00f3n sexual, pero la recuperaci\u00f3n var\u00eda seg\u00fan la persona y puede llevar tiempo mantener la continencia urinaria y la funci\u00f3n sexual correctamente.\"\n      }\n    }\n  ]\n}\n<\/script><\/p>\n","protected":false},"excerpt":{"rendered":"<p>Los hombres con c\u00e1ncer de pr\u00f3stata localizado generalmente se tratan con cirug\u00eda o radiaci\u00f3n. Si bien generalmente logra erradicar la enfermedad, algunos hombres no se curar\u00e1n del c\u00e1ncer de pr\u00f3stata con este tratamiento inicial. Por lo tanto, algunos pacientes pueden beneficiarse de la terapia de rescate o del tratamiento del c\u00e1ncer residual o recurrente. Si [&hellip;]<\/p>\n","protected":false},"author":1,"featured_media":0,"parent":0,"menu_order":0,"comment_status":"closed","ping_status":"closed","template":"","meta":{"footnotes":""},"class_list":["post-1884","page","type-page","status-publish","hentry"],"_links":{"self":[{"href":"https:\/\/miamiroboticprostatectomy.com\/sp\/wp-json\/wp\/v2\/pages\/1884","targetHints":{"allow":["GET"]}}],"collection":[{"href":"https:\/\/miamiroboticprostatectomy.com\/sp\/wp-json\/wp\/v2\/pages"}],"about":[{"href":"https:\/\/miamiroboticprostatectomy.com\/sp\/wp-json\/wp\/v2\/types\/page"}],"author":[{"embeddable":true,"href":"https:\/\/miamiroboticprostatectomy.com\/sp\/wp-json\/wp\/v2\/users\/1"}],"replies":[{"embeddable":true,"href":"https:\/\/miamiroboticprostatectomy.com\/sp\/wp-json\/wp\/v2\/comments?post=1884"}],"version-history":[{"count":5,"href":"https:\/\/miamiroboticprostatectomy.com\/sp\/wp-json\/wp\/v2\/pages\/1884\/revisions"}],"predecessor-version":[{"id":2587,"href":"https:\/\/miamiroboticprostatectomy.com\/sp\/wp-json\/wp\/v2\/pages\/1884\/revisions\/2587"}],"wp:attachment":[{"href":"https:\/\/miamiroboticprostatectomy.com\/sp\/wp-json\/wp\/v2\/media?parent=1884"}],"curies":[{"name":"wp","href":"https:\/\/api.w.org\/{rel}","templated":true}]}}