{"id":214,"date":"2017-09-22T12:49:54","date_gmt":"2017-09-22T12:49:54","guid":{"rendered":"https:\/\/miamiroboticprostatectomy.com\/sp?page_id=214"},"modified":"2022-09-22T16:08:57","modified_gmt":"2022-09-22T16:08:57","slug":"beneficios-de-la-cirugia-robotica","status":"publish","type":"page","link":"https:\/\/miamiroboticprostatectomy.com\/sp\/beneficios-de-la-cirugia-robotica\/","title":{"rendered":"Beneficios De La Cirug\u00eda Rob\u00f3tica"},"content":{"rendered":"<p><iframe src=\"https:\/\/www.youtube.com\/embed\/x44eg55S2oM?autoplay=1&amp;autohide=2&amp;modestbranding=1\" width=\"100%\" height=\"315\" frameborder=\"0\" allowfullscreen=\"allowfullscreen\"><\/iframe><\/p>\n<h3 class=\"pg-hdng\">PROSTATECTOM\u00cdA ROB\u00d3TICA VINCI: PROCEDIMIENTO QUIR\u00daRGICO MINIMAMENTE INVASIVO<\/h3>\n<p>Ante un diagn\u00f3stico de c\u00e1ncer de pr\u00f3stata, es importante conocer todos los tratamientos y opciones quir\u00fargicas.<\/p>\n<p>Si su m\u00e9dico recomienda una cirug\u00eda para tratar su c\u00e1ncer de pr\u00f3stata, puede ser candidato para una nueva cirug\u00eda menos invasiva.<br \/>\nun procedimiento llamado prostatectom\u00eda rob\u00f3tica da Vinci. Este procedimiento de prostatectom\u00eda rob\u00f3tica incorpora una t\u00e9cnica quir\u00fargica de vanguardia.<br \/>\nsistema que ayuda al cirujano a ver las estructuras anat\u00f3micas vitales con mayor claridad y a realizar un procedimiento quir\u00fargico m\u00e1s preciso.<\/p>\n<h3>Por qu\u00e9 la cirug\u00eda da Vinci?<\/h3>\n<p>Con el sistema da Vinci, los cirujanos operan a trav\u00e9s de unas pocas incisiones peque\u00f1as en lugar de una gran incisi\u00f3n abierta, similar a la laparoscopia tradicional. El sistema da Vinci cuenta con un sistema de visualizaci\u00f3n 3D de alta definici\u00f3n ampliada e instrumentos especiales con forma de mu\u00f1eca que se doblan y giran mucho m\u00e1s que la mu\u00f1eca humana. da Vinci le permite a su m\u00e9dico operar con mejor visi\u00f3n, precisi\u00f3n, destreza y control.<\/p>\n<p>Como resultado de la tecnolog\u00eda da Vinci, la prostatectom\u00eda da Vinci ofrece muchos beneficios potenciales en comparaci\u00f3n con la cirug\u00eda abierta tradicional, que incluyen:<\/p>\n<ul class=\"list1\">\n<li>Extracci\u00f3n m\u00e1s precisa de pr\u00f3stata cancerosa<\/li>\n<li>Aunque la cirug\u00eda para preservar los nervios es posible independientemente del enfoque quir\u00fargico, los estudios sugieren que la cirug\u00eda para preservar los nervios con Da Vinci permite:<\/li>\n<li>Retorno m\u00e1s r\u00e1pido de la funci\u00f3n er\u00e9ctil (sexual): los estudios muestran que los pacientes que eran potentes antes de la cirug\u00eda da Vinci experimentan un retorno m\u00e1s r\u00e1pido de la funci\u00f3n er\u00e9ctil que los pacientes que antes eran potentes y se sometieron a una cirug\u00eda abierta.<\/li>\n<li>Mayor probabilidad de retorno de la continencia urinaria: estudios recientes muestran que m\u00e1s pacientes con cirug\u00eda da Vinci tienen un retorno completo de la continencia urinaria en 6 meses en comparaci\u00f3n con los pacientes que se someten a cirug\u00eda abierta.<\/li>\n<li><b> Menos p\u00e9rdida de sangre <\/b><\/li>\n<li>Menos necesidad de una transfusi\u00f3n de sangre<\/li>\n<li><b> Menos dolor <\/b><\/li>\n<li>Menor riesgo de complicaciones<\/li>\n<li>Menor riesgo de infecci\u00f3n de la herida<\/li>\n<li>Estad\u00eda hospitalaria m\u00e1s corta&#8211;&gt;<\/li>\n<li>Menos posibilidades de reingreso al hospital<\/li>\n<li>Menos posibilidades de necesitar una cirug\u00eda de seguimiento<\/li>\n<li><b> Menos d\u00edas con el cat\u00e9ter <\/b><\/li>\n<li>Menor riesgo de trombosis venosa profunda (afecci\u00f3n potencialmente mortal en la que se forma un co\u00e1gulo de sangre en las profundidades del cuerpo)<\/li>\n<li><b> Recuperaci\u00c3\u00b3n m\u00c3\u00a1s r\u00c3\u00a1pida 10 y regreso a las actividades normales <\/b><\/li>\n<\/ul>\n<p>As a result of the da Vinci technology, da Vinci prostatectomy offers the following potential benefits compared to traditional laparoscopy:<\/p>\n<ul class=\"list1\">\n<li><b> M\u00e1s pacientes regresan a la funci\u00f3n er\u00e9ctil antes de la cirug\u00eda en el control de 12 meses <\/b><\/li>\n<li><b> Retorno m\u00e1s r\u00e1pido de la continencia urinaria <\/b><\/li>\n<li>Menor riesgo de complicaciones<\/li>\n<li>Menos p\u00e9rdida de sangre y necesidad de transfusi\u00f3n<\/li>\n<li>Menos posibilidades de lesi\u00f3n nerviosa<\/li>\n<li>Menos posibilidades de lesionar el recto<\/li>\n<li>Operaci\u00f3n m\u00e1s corta<\/li>\n<li>Menor riesgo de trombosis venosa profunda (afecci\u00f3n potencialmente mortal en la que se forma un co\u00e1gulo de sangre en las profundidades del cuerpo)<\/li>\n<li>Shorter hospital stay<\/li>\n<li>Menos posibilidades de reingreso al hospital<\/li>\n<li>Menos posibilidades de necesitar una cirug\u00eda de seguimiento<\/li>\n<\/ul>\n<p>El sistema quir\u00fargico da Vinci se utiliza en 4 de 5 prostatectom\u00edas radicales en los Estados Unidos.<\/p>\n<p>El da Vinci State of the Art utiliza lo \u00faltimo en tecnolog\u00edas quir\u00fargicas y rob\u00f3ticas y es beneficioso para realizar cirug\u00edas complejas. El Dr. Razdan tiene el 100% de control del sistema da Vinci, que traduce los movimientos de sus manos en movimientos m\u00e1s peque\u00f1os y precisos de peque\u00f1os instrumentos dentro de su cuerpo. da Vinci: Llevando la cirug\u00eda m\u00e1s all\u00e1 de los l\u00edmites de la mano humana.<\/p>\n<p><strong class=\"txt-red\">M\u00e9dicos experimentados como el Dr. Razdan que utilizan el sistema da Vinci han realizado m\u00e1s de 9,000 procedimientos quir\u00fargicos hasta la fecha y contando.<\/strong> El sistema quir\u00fargico da Vinci est\u00e1 cambiando la experiencia de la cirug\u00eda para personas de todo el mundo.<\/p>\n<p><iframe style=\"border: 0;\" src=\"https:\/\/www.google.com\/maps\/embed?pb=!1m14!1m8!1m3!1d14367.412158183242!2d-80.33006!3d25.808422!3m2!1i1024!2i768!4f13.1!3m3!1m2!1s0x0%3A0x6be16910198dacc1!2sDr.%20Sanjay%20Razdan!5e0!3m2!1sen!2sin!4v1642511173340!5m2!1sen!2sin\" width=\"100%\" height=\"400\" allowfullscreen=\"allowfullscreen\"><\/iframe><\/p>\n","protected":false},"excerpt":{"rendered":"<p>PROSTATECTOM\u00cdA ROB\u00d3TICA VINCI: PROCEDIMIENTO QUIR\u00daRGICO MINIMAMENTE INVASIVO Ante un diagn\u00f3stico de c\u00e1ncer de pr\u00f3stata, es importante conocer todos los tratamientos y opciones quir\u00fargicas. Si su m\u00e9dico recomienda una cirug\u00eda para tratar su c\u00e1ncer de pr\u00f3stata, puede ser candidato para una nueva cirug\u00eda menos invasiva. un procedimiento llamado prostatectom\u00eda rob\u00f3tica da Vinci. Este procedimiento de prostatectom\u00eda [&hellip;]<\/p>\n","protected":false},"author":1,"featured_media":0,"parent":0,"menu_order":0,"comment_status":"closed","ping_status":"closed","template":"","meta":{"footnotes":""},"class_list":["post-214","page","type-page","status-publish","hentry"],"_links":{"self":[{"href":"https:\/\/miamiroboticprostatectomy.com\/sp\/wp-json\/wp\/v2\/pages\/214","targetHints":{"allow":["GET"]}}],"collection":[{"href":"https:\/\/miamiroboticprostatectomy.com\/sp\/wp-json\/wp\/v2\/pages"}],"about":[{"href":"https:\/\/miamiroboticprostatectomy.com\/sp\/wp-json\/wp\/v2\/types\/page"}],"author":[{"embeddable":true,"href":"https:\/\/miamiroboticprostatectomy.com\/sp\/wp-json\/wp\/v2\/users\/1"}],"replies":[{"embeddable":true,"href":"https:\/\/miamiroboticprostatectomy.com\/sp\/wp-json\/wp\/v2\/comments?post=214"}],"version-history":[{"count":20,"href":"https:\/\/miamiroboticprostatectomy.com\/sp\/wp-json\/wp\/v2\/pages\/214\/revisions"}],"predecessor-version":[{"id":1903,"href":"https:\/\/miamiroboticprostatectomy.com\/sp\/wp-json\/wp\/v2\/pages\/214\/revisions\/1903"}],"wp:attachment":[{"href":"https:\/\/miamiroboticprostatectomy.com\/sp\/wp-json\/wp\/v2\/media?parent=214"}],"curies":[{"name":"wp","href":"https:\/\/api.w.org\/{rel}","templated":true}]}}