{"id":22,"date":"2017-09-21T11:22:39","date_gmt":"2017-09-21T11:22:39","guid":{"rendered":"https:\/\/miamiroboticprostatectomy.com\/sp\/?page_id=22"},"modified":"2024-04-03T01:42:26","modified_gmt":"2024-04-03T05:42:26","slug":"por-que-el-dr-razdan","status":"publish","type":"page","link":"https:\/\/miamiroboticprostatectomy.com\/sp\/por-que-el-dr-razdan\/","title":{"rendered":"Por QU\u00c9 EL DR Razdan"},"content":{"rendered":"\r\n<h3>Procedimiento revolucionario desarrollado por el Dr. Razdan<\/h3>\r\n<h5><strong>\u00a1Ayude a lograr el retorno \u201ctemprano\u201d de la funci\u00f3n sexual y el control urinario!<\/strong><\/h5>\r\n<p>El primer estudio prospectivo aleatorizado del mundo que utiliz\u00f3 membrana amni\u00f3tica humana en pacientes con prostatectom\u00eda radical post-rob\u00f3tica se complet\u00f3 con \u00e9xito en el Instituto Internacional de Prostatectom\u00eda Rob\u00f3tica en Miami y el \u00faltimo paciente se inscribi\u00f3 en noviembre de 2013.<\/p>\r\n<p><img decoding=\"async\" class=\"img-responsive\" src=\"http:\/\/jrmdlive.com\/doctormiami\/new\/wp-content\/uploads\/2017\/09\/43916.jpg\" alt=\"\" title=\"\"><\/p>\r\n<p>Como uno de los pocos \u00e9lite en el pa\u00eds que est\u00e1 capacitado en cirug\u00eda rob\u00f3tica y l\u00e1ser de alta tecnolog\u00eda, el Dr. Razdan ha presentado en muchos seminarios m\u00e9dicos nacionales e internacionales y ha recibido m\u00faltiples premios. . Adem\u00e1s, es profesor y presidente del Instituto Internacional de Prostatectom\u00eda Rob\u00f3tica, una instalaci\u00f3n de vanguardia de renombre mundial dedicada exclusivamente al tratamiento del c\u00e1ncer de pr\u00f3stata. El Dr. Razdan es el ex director del Centro de Excelencia de Urolog\u00eda y ex presidente del Departamento de Cirug\u00eda del Jackson South Hospital en Miami. El Dr. Razdan est\u00e1 certificado por la Junta Estadounidense de Urolog\u00eda y la Sociedad de Endourolog\u00eda.<\/p>\r\n<h3>POR QU\u00c9 DR. RAZDAN<\/h3>\r\n<ul class=\"list1\">\r\n<li>Uno de los cirujanos rob\u00f3ticos de c\u00e1ncer de pr\u00f3stata con m\u00e1s experiencia del mundo.<\/li>\r\n<li>M\u00e1s de 9,500 procedimientos y conteo (todos los procedimientos son realizados por el Dr. Razdan)<\/li>\r\n<li>Investigador y cirujano pionero en c\u00e1ncer de pr\u00f3stata y resultados de cirug\u00eda rob\u00f3tica<\/li>\r\n<li><strong>Primer cirujano del mundo en UTILIZAR MEMBRANA AMNI\u00d3TICA HUMANA para el RETORNO TEMPRANO de la FUNCI\u00d3N ER\u00c9CTIL despu\u00e9s de la cirug\u00eda rob\u00f3tica de pr\u00f3stata (primer premio por investigaci\u00f3n original de la Endourology Society, 2014). Fue pionera en la t\u00e9cnica MULTI-LENGTH PRESERVATION (MULP) para el RETORNO TEMPRANO DE LA CONTINENCIA URINARIA despu\u00e9s de la cirug\u00eda rob\u00f3tica de pr\u00f3stata (Journal of Endourology, agosto de 2014).<\/strong><\/li>\r\n<li><strong>Los mejores resultados en t\u00e9rminos de control del c\u00e1ncer, continencia urinaria y funci\u00f3n er\u00e9ctil<\/strong><\/li>\r\n<li>La mayor\u00eda de los pacientes tienen un control completo de la orina, a menudo en los d\u00edas posteriores a la cirug\u00eda, y casi el 98% son continentes a los 6 meses.<\/li>\r\n<li>La mayor\u00eda de los pacientes tienen erecciones suficientes para la actividad sexual a los 6 meses (los resultados individuales pueden variar)<\/li>\r\n<li>El 99% de los pacientes abandonan el hospital dentro de las 24 horas.<\/li>\r\n<li>Atenci\u00f3n personalizada de alta calidad en el centro de cirug\u00eda rob\u00f3tica de pr\u00f3stata m\u00e1s concurrido de Robotic Prostate Surgery en el sudeste de los Estados Unidos, es decir, <strong> INTERNATIONAL ROBOTIC PROSTATECTOMY INSTITUTE <\/strong>, Miami, FL.<\/li>\r\n<\/ul>\r\n<p><br \/><img decoding=\"async\" class=\"img-responsive\" src=\"https:\/\/miamiroboticprostatectomy.com\/sp\/wp-content\/uploads\/2022\/07\/florida-1.jpg\" alt=\"\" title=\"\"><\/p>\r\n\r\n\r\n<iframe src=\"https:\/\/www.google.com\/maps\/embed?pb=!1m14!1m8!1m3!1d14367.412158183242!2d-80.33006!3d25.808422!3m2!1i1024!2i768!4f13.1!3m3!1m2!1s0x0%3A0x6be16910198dacc1!2sDr.%20Sanjay%20Razdan!5e0!3m2!1sen!2sin!4v1642511173340!5m2!1sen!2sin\" width=\"100%\" height=\"400\" style=\"border:0;\" allowfullscreen=\"\" loading=\"lazy\"><\/iframe>","protected":false},"excerpt":{"rendered":"<ul>\n<li>Uno de los cirujanos de c\u00c3\u00a1ncer de pr\u00c3\u00b3stata m\u00c3\u00a1s experimentados en el mundo<\/li>\n<li>M\u00c3\u00a1s de 8,500 procedimientos y conteo (todos los procedimientos son realizados por el Dr. Razdan)<\/li>\n<li>Investigador pionero y cirujano en c\u00c3\u00a1ncer de pr\u00c3\u00b3stata y resultados de cirug\u00c3\u00ada rob\u00c3\u00b3tica<\/li>\n<\/ul>\n","protected":false},"author":1,"featured_media":0,"parent":0,"menu_order":0,"comment_status":"closed","ping_status":"closed","template":"","meta":{"footnotes":""},"class_list":["post-22","page","type-page","status-publish","hentry"],"_links":{"self":[{"href":"https:\/\/miamiroboticprostatectomy.com\/sp\/wp-json\/wp\/v2\/pages\/22","targetHints":{"allow":["GET"]}}],"collection":[{"href":"https:\/\/miamiroboticprostatectomy.com\/sp\/wp-json\/wp\/v2\/pages"}],"about":[{"href":"https:\/\/miamiroboticprostatectomy.com\/sp\/wp-json\/wp\/v2\/types\/page"}],"author":[{"embeddable":true,"href":"https:\/\/miamiroboticprostatectomy.com\/sp\/wp-json\/wp\/v2\/users\/1"}],"replies":[{"embeddable":true,"href":"https:\/\/miamiroboticprostatectomy.com\/sp\/wp-json\/wp\/v2\/comments?post=22"}],"version-history":[{"count":58,"href":"https:\/\/miamiroboticprostatectomy.com\/sp\/wp-json\/wp\/v2\/pages\/22\/revisions"}],"predecessor-version":[{"id":2021,"href":"https:\/\/miamiroboticprostatectomy.com\/sp\/wp-json\/wp\/v2\/pages\/22\/revisions\/2021"}],"wp:attachment":[{"href":"https:\/\/miamiroboticprostatectomy.com\/sp\/wp-json\/wp\/v2\/media?parent=22"}],"curies":[{"name":"wp","href":"https:\/\/api.w.org\/{rel}","templated":true}]}}