{"id":2272,"date":"2025-05-05T03:24:59","date_gmt":"2025-05-05T07:24:59","guid":{"rendered":"https:\/\/miamiroboticprostatectomy.com\/sp\/?page_id=2272"},"modified":"2025-07-01T03:49:28","modified_gmt":"2025-07-01T07:49:28","slug":"cirujano-de-cancer-de-prostata-charlotte","status":"publish","type":"page","link":"https:\/\/miamiroboticprostatectomy.com\/sp\/cirujano-de-cancer-de-prostata-charlotte\/","title":{"rendered":"Cirujano de c\u00e1ncer de pr\u00f3stata Charlotte"},"content":{"rendered":"<p><a href=\"https:\/\/miamiroboticprostatectomy.com\/sp\/wp-content\/uploads\/2025\/07\/01-4.jpg\"><img decoding=\"async\" class=\"alignnone size-full wp-image-2311\" src=\"https:\/\/miamiroboticprostatectomy.com\/sp\/wp-content\/uploads\/2025\/07\/01-4.jpg\" alt=\"Cirujano de c\u00e1ncer de pr\u00f3stata Charlotte\" width=\"800\" height=\"500\" title=\"\" srcset=\"https:\/\/miamiroboticprostatectomy.com\/sp\/wp-content\/uploads\/2025\/07\/01-4.jpg 800w, https:\/\/miamiroboticprostatectomy.com\/sp\/wp-content\/uploads\/2025\/07\/01-4-300x188.jpg 300w, https:\/\/miamiroboticprostatectomy.com\/sp\/wp-content\/uploads\/2025\/07\/01-4-768x480.jpg 768w, https:\/\/miamiroboticprostatectomy.com\/sp\/wp-content\/uploads\/2025\/07\/01-4-50x31.jpg 50w\" sizes=\"(max-width: 800px) 100vw, 800px\" \/><\/a><\/p>\n<h3><strong>RECONOCIDO COMO UNO DE LOS MEJORES CIRUJANOS DE PR\u00d3STATA ROB\u00d3TICOS DEL MUNDO<\/strong><\/h3>\n<p>El Dr. Razdan es reconocido como el mejor cirujano de c\u00e1ncer de pr\u00f3stata del mundo, con miles de pacientes satisfechos que llegan desde Charlotte, Carolina del Norte. Ha sido reconocido como uno de los pocos cirujanos de c\u00e1ncer de pr\u00f3stata de \u00e9lite a nivel nacional, capacitado en cirug\u00eda rob\u00f3tica y l\u00e1ser de alta tecnolog\u00eda.<\/p>\n<p>El Dr. Razdan ha compartido su experiencia en numerosos seminarios m\u00e9dicos a nivel nacional e internacional. Tambi\u00e9n ha recibido numerosos premios por su destacada contribuci\u00f3n a la industria.<\/p>\n<p>Actualmente es profesor y presidente del Instituto Internacional de Rob\u00f3tica para el C\u00e1ncer de Pr\u00f3stata, un centro de vanguardia reconocido mundialmente. Este centro est\u00e1 comprometido con la atenci\u00f3n a pacientes con c\u00e1ncer de pr\u00f3stata.<\/p>\n<p>El Dr. Razdan tambi\u00e9n es director de Urolog\u00eda Rob\u00f3tica en MiVIP Centers de Miami.<\/p>\n<p>Anteriormente, el Dr. Razdan se desempe\u00f1\u00f3 como Director del Centro de Excelencia en Urolog\u00eda y Presidente del Departamento de Cirug\u00eda del Hospital Jackson South de Miami.<\/p>\n<p>El Dr. Razdan est\u00e1 certificado por la Junta Americana de Urolog\u00eda y la Sociedad de Endourolog\u00eda.<\/p>\n<p>El centro, fundado por el Dr. Razdan, se compromete a ayudar a los pacientes con c\u00e1ncer de pr\u00f3stata a recuperar la funci\u00f3n sexual y el control urinario de forma m\u00e1s temprana despu\u00e9s de la cirug\u00eda.<\/p>\n<p>El Instituto Internacional de Rob\u00f3tica para el C\u00e1ncer de Pr\u00f3stata en Miami es el \u00fanico centro donde se realiz\u00f3 con \u00e9xito el primer estudio prospectivo aleatorizado con membrana amni\u00f3tica humana en pacientes sometidos a prostatectom\u00eda radical rob\u00f3tica.<\/p>\n<p><img decoding=\"async\" class=\"img-responsive alignnone\" src=\"https:\/\/miamiroboticprostatectomy.com\/wp-content\/uploads\/2018\/10\/13.jpg\" alt=\"Cirujano de C\u00e1ncer de Pr\u00f3stata de Aventura\" width=\"820\" height=\"350\" title=\"\"><\/p>\n<h3>Razones para consultar al Dr. Razdan<\/h3>\n<ul>\n<li>El cirujano rob\u00f3tico de c\u00e1ncer de pr\u00f3stata con mayor experiencia del mundo<\/li>\n<li>El Dr. Razdan cuenta con una amplia experiencia, habiendo realizado con \u00e9xito m\u00e1s de 10,000 procedimientos.<\/li>\n<li>Ha sido pionero en la investigaci\u00f3n y la cirug\u00eda del c\u00e1ncer de pr\u00f3stata y los resultados de la cirug\u00eda rob\u00f3tica.<\/li>\n<li>El Dr. Razdan es el Primer cirujano del mundo en usar membrana amni\u00f3tica humana para la recuperaci\u00f3n temprana de la funci\u00f3n er\u00e9ctil tras una cirug\u00eda rob\u00f3tica de pr\u00f3stata.<\/li>\n<li>Galardonado con el prestigioso primer premio a la investigaci\u00f3n original por la Endourology Society en 2014.<\/li>\n<li>La t\u00e9cnica de <a href=\"https:\/\/miamiroboticprostatectomy.com\/video\/maximum-urethral-length-preservation-mulp-using-human-amniotic-membrane-robotic-prostatectomy\/\">preservaci\u00f3n m\u00e1xima de la longitud uretral<\/a> (MULP) fue desarrollada por el Dr. Razdan. Este procedimiento ha demostrado ser \u00fatil para la recuperaci\u00f3n temprana de la continencia urinaria en pacientes sometidos a cirug\u00eda rob\u00f3tica de pr\u00f3stata (Journal of Endourology, agosto de 2014).<\/li>\n<\/ul>\n<p><img decoding=\"async\" class=\"img-responsive\" src=\"https:\/\/miamiroboticprostatectomy.com\/wp-content\/uploads\/2017\/09\/patimg-1.png\" alt=\" Cirujanos rob\u00f3ticos de c\u00e1ncer de pr\u00f3stata con mayor experiencia\" title=\"\"><\/p>\n<ul>\n<li>El Dr. Razdan recibe pacientes de Charlotte, Carolina del Norte, que viajan a Miami con regularidad debido a sus excelentes resultados en control del c\u00e1ncer, continencia urinaria y funci\u00f3n er\u00e9ctil.<\/li>\n<li>La mayor\u00eda de los pacientes de Charlotte logran un control urinario completo, generalmente a los pocos d\u00edas de la cirug\u00eda. Alrededor del 98 % mantiene la continencia a los 6 meses de la cirug\u00eda.<\/li>\n<li>La mayor\u00eda de los pacientes de Charlotte sometidos a cirug\u00eda de c\u00e1ncer de pr\u00f3stata han reportado erecciones suficientes para la actividad sexual a los 6 meses (los resultados individuales pueden variar).<\/li>\n<li>Bajo la atenci\u00f3n ejemplar del Dr. Razdan, casi el 99 % de los pacientes egresan del hospital en 24 horas.<\/li>\n<\/ul>\n<p>El INSTITUTO ROB\u00d3TICO INTERNACIONAL PARA EL C\u00c1NCER DE PR\u00d3STATA es considerado uno de los centros con mayor actividad en cirug\u00eda rob\u00f3tica de c\u00e1ncer de pr\u00f3stata. Est\u00e1 equipado con la tecnolog\u00eda m\u00e1s avanzada.<\/p>\n<p>\u00bfLe diagnosticaron c\u00e1ncer de pr\u00f3stata? Cont\u00e1ctenos hoy mismo. Le ayudaremos a coordinar vuelos y programar su prostatectom\u00eda rob\u00f3tica con el Dr. Razdan en Miami.<\/p>\n<h3><strong>\u00bfQu\u00e9 indica que alguien podr\u00eda tener c\u00e1ncer de pr\u00f3stata?<\/strong><\/h3>\n<p>El c\u00e1ncer de pr\u00f3stata no presenta s\u00edntomas graves en las primeras etapas, pero hay algunos que indican que es necesario buscar atenci\u00f3n m\u00e9dica. Los s\u00edntomas graves del c\u00e1ncer de pr\u00f3stata incluyen:<\/p>\n<ul>\n<li>Los problemas urinarios son los principales s\u00edntomas de esta afecci\u00f3n, incluyendo micci\u00f3n frecuente con flujo urinario d\u00e9bil. La presencia de sangre en la orina y el dolor al orinar pueden ser un signo de c\u00e1ncer de pr\u00f3stata.<\/li>\n<li>Orinar tarda mucho tiempo y causa ardor al orinar.<\/li>\n<li>Problemas sexuales como eyaculaci\u00f3n dolorosa, sangre en el semen y dificultad para mantener una erecci\u00f3n son s\u00edntomas de c\u00e1ncer de pr\u00f3stata.<\/li>\n<li>Dolor en la zona lumbar y las caderas, con dolor p\u00e9lvico, son los s\u00edntomas que se observan en las etapas avanzadas del c\u00e1ncer de pr\u00f3stata.<\/li>\n<li>Si el c\u00e1ncer se ha propagado a los huesos, puede provocar dolor \u00f3seo e hinchaz\u00f3n en las piernas, y en ocasiones fatiga.<\/li>\n<li>En algunos casos, los hombres experimentan p\u00e9rdida del control de la vejiga o p\u00e9rdida de peso no deseada.<\/li>\n<\/ul>\n<p>Si nota estos s\u00edntomas, debe consultar a un m\u00e9dico para determinar el tratamiento m\u00e9dico adecuado. La detecci\u00f3n temprana puede aumentar las probabilidades de \u00e9xito del tratamiento.<\/p>\n<h2><strong>Dr. Sanjay Razdan: Cirujano de confianza para la cirug\u00eda rob\u00f3tica de c\u00e1ncer de pr\u00f3stata<\/strong><\/h2>\n<p>El Dr. Sanjay Razdan es un cirujano y ur\u00f3logo con sede en Miami, reconocido mundialmente por ofrecer el mejor tratamiento para el c\u00e1ncer de pr\u00f3stata mediante cirug\u00eda rob\u00f3tica. Ha realizado m\u00e1s de 10,000 procedimientos rob\u00f3ticos, lo que lo convierte en uno de los cirujanos de c\u00e1ncer de pr\u00f3stata m\u00e1s experimentados y confiables. Como el mejor cirujano de c\u00e1ncer de pr\u00f3stata, ha atendido a miles de pacientes que llegan desde Charlotte, Carolina del Norte. Gracias a su experiencia, ha recibido numerosos premios por su contribuci\u00f3n a la industria. Es profesor y presidente del Instituto Internacional de Rob\u00f3tica para Pacientes de Pr\u00f3stata.<\/p>\n<p>Cuando las c\u00e9lulas anormales de la gl\u00e1ndula prost\u00e1tica comienzan a crecer descontroladamente, esta afecci\u00f3n provoca c\u00e1ncer de pr\u00f3stata. El c\u00e1ncer de pr\u00f3stata se desarrolla en la gl\u00e1ndula prost\u00e1tica, una peque\u00f1a gl\u00e1ndula del sistema reproductor masculino. Esta gl\u00e1ndula es responsable de producir l\u00edquido, parte del semen. El c\u00e1ncer de pr\u00f3stata puede afectar la actividad sexual en los hombres. Este c\u00e1ncer no presenta s\u00edntomas graves en las primeras etapas. Sin embargo, su detecci\u00f3n temprana es fundamental para un tratamiento oportuno y una mejor supervivencia tras la cirug\u00eda.<\/p>\n<p>Supongamos que reside en Charlotte y padece esta afecci\u00f3n m\u00e9dica, buscando el mejor tratamiento. En ese caso, el Dr. Sanjay Razdan es un reconocido y reputado cirujano de c\u00e1ncer de pr\u00f3stata, reconocido por ofrecer el mejor tratamiento gracias a su experiencia.<\/p>\n<h3><strong>\u00bfQu\u00e9 hace del Dr. Razdan el cirujano de c\u00e1ncer de pr\u00f3stata ideal?<\/strong><\/h3>\n<p><strong>Amplia experiencia:<\/strong><\/p>\n<p>El Dr. Sanjay Razdan es uno de los cirujanos de c\u00e1ncer de pr\u00f3stata rob\u00f3tico m\u00e1s cualificados y experimentados del mundo, con m\u00e1s de 10\u00a0000 procedimientos quir\u00fargicos. Su amplia experiencia en numerosas cirug\u00edas lo convierte en la opci\u00f3n ideal para el tratamiento del c\u00e1ncer de pr\u00f3stata.<\/p>\n<p><strong>T\u00e9cnicas pioneras:<\/strong><\/p>\n<p>El Dr. Razdan es un cirujano que busca el mejor control urinario tras la prostatectom\u00eda rob\u00f3tica. Se especializa en la aplicaci\u00f3n de t\u00e9cnicas avanzadas para el tratamiento del c\u00e1ncer de pr\u00f3stata, que resultan en una recuperaci\u00f3n m\u00e1s r\u00e1pida y menos dolor.<\/p>\n<p><strong>Enfoque en los resultados:<\/strong><\/p>\n<p>El Dr. Sanjay Razdan es reconocido por lograr los mejores resultados en el control del c\u00e1ncer y la funcionalidad sexual. Tras el tratamiento realizado por el Dr. Razdan, muchos pacientes recuperan el control urinario completo en pocos d\u00edas. Con un alto porcentaje de pacientes que logran erecciones suficientes para la actividad sexual en un plazo de seis meses, el Dr. Razdan ofrece los posibles resultados de la cirug\u00eda.<\/p>\n<p><strong>Reconocimiento mundial:<\/strong><\/p>\n<p>El Dr. Razdan es ampliamente reconocido por su experiencia en ofrecer el mejor tratamiento para el c\u00e1ncer de pr\u00f3stata. Pacientes de todo el mundo lo visitan en Miami para cirug\u00eda de c\u00e1ncer de pr\u00f3stata. Con su experiencia, el Dr. Razdan aborda esta afecci\u00f3n y se centra en ofrecer los mejores resultados quir\u00fargicos para abordar la continencia urinaria.<\/p>\n<p><strong>Enfoque centrado en el paciente<\/strong><\/p>\n<p>El Dr. Razdan ofrece un enfoque centrado en el paciente, lo que lo convierte en una opci\u00f3n popular entre los pacientes. Se toma el tiempo necesario para comprender la condici\u00f3n m\u00e9dica y las necesidades espec\u00edficas del paciente. Los pacientes admiran al Dr. Razdan por su atenci\u00f3n tan personalizada, y sus comentarios positivos lo convierten en una excelente opci\u00f3n para la cirug\u00eda de c\u00e1ncer de pr\u00f3stata.<\/p>\n<h3><strong>\u00bfQu\u00e9 tratamientos ofrece el Dr. Sanjay Razdan en Charlotte?<\/strong><\/h3>\n<p>El Dr. Sanjay Razdan es ur\u00f3logo y se especializa en cirug\u00edas rob\u00f3ticas m\u00ednimamente invasivas. Con su amplia experiencia, t\u00e9cnicas avanzadas y un enfoque centrado en el paciente, el Dr. Razdan ofrece resultados excepcionales despu\u00e9s de la cirug\u00eda. Sus trabajos y m\u00e9todos de tratamiento, con resultados positivos, ofrecen una mejor calidad de vida a los hombres que luchan contra el c\u00e1ncer de pr\u00f3stata. Estos son los diferentes tratamientos que ofrece el Dr. Razdan:<\/p>\n<ul>\n<li><strong>Prostatectom\u00eda Rob\u00f3tica<\/strong> es el procedimiento quir\u00fargico para el tratamiento del c\u00e1ncer de pr\u00f3stata realizado por el Dr. Sanjay Razdan, un destacado experto con una amplia experiencia en numerosos procedimientos quir\u00fargicos exitosos.<\/li>\n<li><strong>Membrana amni\u00f3tica<\/strong>: El Dr. Razdan es el primer cirujano del mundo en utilizar membrana amni\u00f3tica humana para pacientes con c\u00e1ncer de pr\u00f3stata durante la cirug\u00eda rob\u00f3tica de pr\u00f3stata y es un experto l\u00edder en esta t\u00e9cnica a nivel mundial.<\/li>\n<li><strong>Prostatectom\u00eda de Salvamento<\/strong>: El Dr. Razdan ofrece tratamiento para el c\u00e1ncer de pr\u00f3stata. La prostatectom\u00eda de salvamento es un procedimiento que se realiza despu\u00e9s del fracaso de otros tratamientos, como la radiaci\u00f3n y el HIFU.<\/li>\n<\/ul>\n<h4><strong>Tasa de supervivencia despu\u00e9s de la cirug\u00eda de c\u00e1ncer de pr\u00f3stata:<\/strong><\/h4>\n<p>La tasa de supervivencia despu\u00e9s de la cirug\u00eda de c\u00e1ncer de pr\u00f3stata es alta cuando el c\u00e1ncer se detecta en las primeras etapas y se trata a tiempo. Un gran n\u00famero de hombres han experimentado altas tasas de supervivencia. Sin embargo, tambi\u00e9n es importante comprender que las tasas de supervivencia despu\u00e9s de la cirug\u00eda son promedios estad\u00edsticos basados \u200b\u200ben un gran n\u00famero de hombres y no pueden predecir los resultados individuales. Diferentes factores, como la salud general y la edad del paciente, pueden influir en las tasas de supervivencia despu\u00e9s de la cirug\u00eda.<\/p>\n<h5><strong>\u00a1Reserve su cita!<\/strong><\/h5>\n<p>Reserve su cita con el Dr. Razdan para el diagn\u00f3stico y las opciones de tratamiento para el c\u00e1ncer de pr\u00f3stata. Puede viajar a Doral (donde se encuentra el instituto del Dr. Razdan) para obtener las mejores opciones de tratamiento para diferentes afecciones relacionadas con el c\u00e1ncer de pr\u00f3stata. El Dr. Razdan es considerado el mejor cirujano de c\u00e1ncer de pr\u00f3stata, especializado en ofrecer resultados positivos en la cirug\u00eda.<\/p>\n<h2>Preguntas frecuentes sobre el cirujano de c\u00e1ncer de pr\u00f3stata en Charlotte:<\/h2>\n<h4><strong>Pregunta: \u00bfPuede un hombre recuperarse completamente despu\u00e9s del tratamiento del c\u00e1ncer de pr\u00f3stata?<\/strong><\/h4>\n<p>Respuesta: S\u00ed, un gran n\u00famero de hombres han logrado una recuperaci\u00f3n completa despu\u00e9s del tratamiento del c\u00e1ncer de pr\u00f3stata. La recuperaci\u00f3n completa es posible si el c\u00e1ncer se detecta a tiempo y se realiza el tratamiento ideal. El tratamiento puede eliminar el c\u00e1ncer y llevar a los hombres a una vida saludable. El tratamiento puede presentar algunos efectos secundarios que pueden afectar la calidad de vida, pero en algunos casos, el c\u00e1ncer no se elimina por completo y puede regresar a la gl\u00e1ndula.<\/p>\n<h4><strong>Pregunta: \u00bfCu\u00e1les son los diferentes desaf\u00edos que enfrenta un hombre despu\u00e9s de una cirug\u00eda de pr\u00f3stata?<\/strong><\/h4>\n<p>Respuesta: Varios desaf\u00edos que enfrenta un hombre despu\u00e9s de una cirug\u00eda de pr\u00f3stata pueden afectar la funci\u00f3n urinaria y sexual, la disfunci\u00f3n er\u00e9ctil, la incontinencia urinaria (en la que puede ocurrir p\u00e9rdida de orina), el impacto emocional o, en ocasiones, el impacto psicol\u00f3gico de la cirug\u00eda en el paciente.<\/p>\n<h4><strong>Pregunta: \u00bfQu\u00e9 puedo hacer para una recuperaci\u00f3n m\u00e1s r\u00e1pida despu\u00e9s del tratamiento del c\u00e1ncer de pr\u00f3stata?<\/strong><\/h4>\n<p>Respuesta: Para una recuperaci\u00f3n m\u00e1s r\u00e1pida despu\u00e9s del tratamiento del c\u00e1ncer de pr\u00f3stata, debe centrarse en una dieta saludable, actividad f\u00edsica, descanso y dejar de fumar. Adoptar un estilo de vida saludable puede ayudar a una recuperaci\u00f3n m\u00e1s r\u00e1pida y reducir los efectos secundarios despu\u00e9s de la cirug\u00eda.<\/p>\n<h4><strong>Pregunta: \u00bfCu\u00e1l es el mejor centro para la cirug\u00eda rob\u00f3tica de c\u00e1ncer de pr\u00f3stata?<\/strong><\/h4>\n<p>Respuesta: El mejor centro para la cirug\u00eda rob\u00f3tica de c\u00e1ncer de pr\u00f3stata es el Instituto Internacional de Cirug\u00eda Rob\u00f3tica de C\u00e1ncer de Pr\u00f3stata, que cuenta con tecnolog\u00eda innovadora.<\/p>\n<h4><strong>Pregunta: \u00bfCu\u00e1les son los beneficios de la cirug\u00eda de pr\u00f3stata?<\/strong><\/h4>\n<p>Respuesta: La cirug\u00eda de c\u00e1ncer de pr\u00f3stata ofrece numerosos beneficios para los pacientes con c\u00e1ncer de pr\u00f3stata. Radical es una cura para el c\u00e1ncer, alivia los problemas urinarios y mejora la calidad de vida. Este es un procedimiento m\u00ednimamente invasivo que ofrece una recuperaci\u00f3n m\u00e1s r\u00e1pida con menos dolor y mejores resultados para la funci\u00f3n sexual.<\/p>\n<h4><strong>Pregunta: \u00bfQu\u00e9 afecciones trata el Dr. Sanjay Razdan?<\/strong><\/h4>\n<p>Respuesta: El Dr. Sanjay Razdan ofrece tratamientos confiables para diferentes afecciones, como el c\u00e1ncer de pr\u00f3stata, los c\u00e1lculos renales, el c\u00e1ncer de vejiga, las infecciones del tracto urinario y la biopsia de fusi\u00f3n de pr\u00f3stata.<\/p>\n<h4><strong>Pregunta. \u00bfQu\u00e9 esperar de la recuperaci\u00f3n despu\u00e9s de una cirug\u00eda de c\u00e1ncer de pr\u00f3stata?<\/strong><\/h4>\n<p>Respuesta: Despu\u00e9s de una cirug\u00eda de c\u00e1ncer de pr\u00f3stata, se puede retomar la actividad normal en un plazo de 4 a 8 semanas, y el per\u00edodo de recuperaci\u00f3n incluye un periodo de cicatrizaci\u00f3n. Debe seguir las instrucciones de su cirujano\/m\u00e9dico, y una cita de seguimiento con su m\u00e9dico puede ayudar a supervisar la cicatrizaci\u00f3n y abordar cualquier inquietud relacionada con la cirug\u00eda.<br \/>\n<script type=\"application\/ld+json\">\n{\n  \"@context\": \"https:\/\/schema.org\",\n  \"@type\": \"FAQPage\",\n  \"mainEntity\": [{\n    \"@type\": \"Question\",\n    \"name\": \"\u00bfPuede un hombre recuperarse completamente despu\u00e9s del tratamiento del c\u00e1ncer de pr\u00f3stata?\",\n    \"acceptedAnswer\": {\n      \"@type\": \"Answer\",\n      \"text\": \"S\u00ed, un gran n\u00famero de hombres han logrado una recuperaci\u00f3n completa despu\u00e9s del tratamiento del c\u00e1ncer de pr\u00f3stata. La recuperaci\u00f3n completa es posible si el c\u00e1ncer se detecta a tiempo y se realiza el tratamiento ideal. El tratamiento puede eliminar el c\u00e1ncer y llevar a los hombres a una vida saludable. El tratamiento puede presentar algunos efectos secundarios que pueden afectar la calidad de vida, pero en algunos casos, el c\u00e1ncer no se elimina por completo y puede regresar a la gl\u00e1ndula.\"\n    }\n  },{\n    \"@type\": \"Question\",\n    \"name\": \"\u00bfCu\u00e1les son los diferentes desaf\u00edos que enfrenta un hombre despu\u00e9s de una cirug\u00eda de pr\u00f3stata?\",\n    \"acceptedAnswer\": {\n      \"@type\": \"Answer\",\n      \"text\": \"Varios desaf\u00edos que enfrenta un hombre despu\u00e9s de una cirug\u00eda de pr\u00f3stata pueden afectar la funci\u00f3n urinaria y sexual, la disfunci\u00f3n er\u00e9ctil, la incontinencia urinaria (en la que puede ocurrir p\u00e9rdida de orina), el impacto emocional o, en ocasiones, el impacto psicol\u00f3gico de la cirug\u00eda en el paciente.\"\n    }\n  },{\n    \"@type\": \"Question\",\n    \"name\": \"\u00bfQu\u00e9 puedo hacer para una recuperaci\u00f3n m\u00e1s r\u00e1pida despu\u00e9s del tratamiento del c\u00e1ncer de pr\u00f3stata?\",\n    \"acceptedAnswer\": {\n      \"@type\": \"Answer\",\n      \"text\": \"Para una recuperaci\u00f3n m\u00e1s r\u00e1pida despu\u00e9s del tratamiento del c\u00e1ncer de pr\u00f3stata, debe centrarse en una dieta saludable, actividad f\u00edsica, descanso y dejar de fumar. Adoptar un estilo de vida saludable puede ayudar a una recuperaci\u00f3n m\u00e1s r\u00e1pida y reducir los efectos secundarios despu\u00e9s de la cirug\u00eda.\"\n    }\n  },{\n    \"@type\": \"Question\",\n    \"name\": \"\u00bfCu\u00e1l es el mejor centro para la cirug\u00eda rob\u00f3tica de c\u00e1ncer de pr\u00f3stata?\",\n    \"acceptedAnswer\": {\n      \"@type\": \"Answer\",\n      \"text\": \"El mejor centro para la cirug\u00eda rob\u00f3tica de c\u00e1ncer de pr\u00f3stata es el Instituto Internacional de Cirug\u00eda Rob\u00f3tica de C\u00e1ncer de Pr\u00f3stata, que cuenta con tecnolog\u00eda innovadora.\"\n    }\n  },{\n    \"@type\": \"Question\",\n    \"name\": \"\u00bfCu\u00e1les son los beneficios de la cirug\u00eda de pr\u00f3stata?\",\n    \"acceptedAnswer\": {\n      \"@type\": \"Answer\",\n      \"text\": \"La cirug\u00eda de c\u00e1ncer de pr\u00f3stata ofrece numerosos beneficios para los pacientes con c\u00e1ncer de pr\u00f3stata. Radical es una cura para el c\u00e1ncer, alivia los problemas urinarios y mejora la calidad de vida. Este es un procedimiento m\u00ednimamente invasivo que ofrece una recuperaci\u00f3n m\u00e1s r\u00e1pida con menos dolor y mejores resultados para la funci\u00f3n sexual.\"\n    }\n  },{\n    \"@type\": \"Question\",\n    \"name\": \"\u00bfQu\u00e9 afecciones trata el Dr. Sanjay Razdan?\",\n    \"acceptedAnswer\": {\n      \"@type\": \"Answer\",\n      \"text\": \"El Dr. Sanjay Razdan ofrece tratamientos confiables para diferentes afecciones, como el c\u00e1ncer de pr\u00f3stata, los c\u00e1lculos renales, el c\u00e1ncer de vejiga, las infecciones del tracto urinario y la biopsia de fusi\u00f3n de pr\u00f3stata.\"\n    }\n  },{\n    \"@type\": \"Question\",\n    \"name\": \"\u00bfQu\u00e9 esperar de la recuperaci\u00f3n despu\u00e9s de una cirug\u00eda de c\u00e1ncer de pr\u00f3stata?\",\n    \"acceptedAnswer\": {\n      \"@type\": \"Answer\",\n      \"text\": \"Despu\u00e9s de una cirug\u00eda de c\u00e1ncer de pr\u00f3stata, se puede retomar la actividad normal en un plazo de 4 a 8 semanas, y el per\u00edodo de recuperaci\u00f3n incluye un periodo de cicatrizaci\u00f3n. Debe seguir las instrucciones de su cirujano\/m\u00e9dico, y una cita de seguimiento con su m\u00e9dico puede ayudar a supervisar la cicatrizaci\u00f3n y abordar cualquier inquietud relacionada con la cirug\u00eda.\"\n    }\n  }]\n}\n<\/script><\/p>\n","protected":false},"excerpt":{"rendered":"<p>RECONOCIDO COMO UNO DE LOS MEJORES CIRUJANOS DE PR\u00d3STATA ROB\u00d3TICOS DEL MUNDO El Dr. Razdan es reconocido como el mejor cirujano de c\u00e1ncer de pr\u00f3stata del mundo, con miles de pacientes satisfechos que llegan desde Charlotte, Carolina del Norte. Ha sido reconocido como uno de los pocos cirujanos de c\u00e1ncer de pr\u00f3stata de \u00e9lite a [&hellip;]<\/p>\n","protected":false},"author":1,"featured_media":0,"parent":0,"menu_order":0,"comment_status":"closed","ping_status":"closed","template":"","meta":{"footnotes":""},"class_list":["post-2272","page","type-page","status-publish","hentry"],"_links":{"self":[{"href":"https:\/\/miamiroboticprostatectomy.com\/sp\/wp-json\/wp\/v2\/pages\/2272","targetHints":{"allow":["GET"]}}],"collection":[{"href":"https:\/\/miamiroboticprostatectomy.com\/sp\/wp-json\/wp\/v2\/pages"}],"about":[{"href":"https:\/\/miamiroboticprostatectomy.com\/sp\/wp-json\/wp\/v2\/types\/page"}],"author":[{"embeddable":true,"href":"https:\/\/miamiroboticprostatectomy.com\/sp\/wp-json\/wp\/v2\/users\/1"}],"replies":[{"embeddable":true,"href":"https:\/\/miamiroboticprostatectomy.com\/sp\/wp-json\/wp\/v2\/comments?post=2272"}],"version-history":[{"count":3,"href":"https:\/\/miamiroboticprostatectomy.com\/sp\/wp-json\/wp\/v2\/pages\/2272\/revisions"}],"predecessor-version":[{"id":2324,"href":"https:\/\/miamiroboticprostatectomy.com\/sp\/wp-json\/wp\/v2\/pages\/2272\/revisions\/2324"}],"wp:attachment":[{"href":"https:\/\/miamiroboticprostatectomy.com\/sp\/wp-json\/wp\/v2\/media?parent=2272"}],"curies":[{"name":"wp","href":"https:\/\/api.w.org\/{rel}","templated":true}]}}