{"id":23,"date":"2017-09-21T11:23:40","date_gmt":"2017-09-21T11:23:40","guid":{"rendered":"https:\/\/miamiroboticprostatectomy.com\/sp\/?page_id=23"},"modified":"2022-08-21T14:48:34","modified_gmt":"2022-08-21T14:48:34","slug":"sobre-el-medico","status":"publish","type":"page","link":"https:\/\/miamiroboticprostatectomy.com\/sp\/sobre-el-medico\/","title":{"rendered":"Sobre el Medico"},"content":{"rendered":"<p><iframe src=\"https:\/\/www.youtube.com\/embed\/hoHahLBWxCY?&amp;autohide=2&amp;modestbranding=1\" width=\"100%\" height=\"350\" frameborder=\"0\" allowfullscreen=\"allowfullscreen\"><span data-mce-type=\"bookmark\" style=\"display: inline-block; width: 0px; overflow: hidden; line-height: 0;\" class=\"mce_SELRES_start\">\ufeff<\/span><span data-mce-type=\"bookmark\" style=\"display: inline-block; width: 0px; overflow: hidden; line-height: 0;\" class=\"mce_SELRES_start\">\u00ef\u00bb\u00bf<\/span><\/iframe><\/p>\n<h3>Procedimiento revolucionario desarrollado por el Dr. Razdan<\/h3>\n<h5 class=\"pg-hdng txt-red\">Ayude a lograr el retorno \u201ctemprano\u201d de la funci\u00f3n sexual y el control urinario!<\/h5>\n<p>&#8220;El primer estudio prospectivo aleatorizado del mundo en el que se utiliz\u00f3 la <b> Membrana Amni\u00f3tica Humana <\/b> en pacientes con prostatectom\u00eda radical post-rob\u00f3tica se complet\u00f3 con \u00e9xito en el Instituto Internacional de Prostatectom\u00eda Rob\u00f3tica en Miami y el \u00faltimo paciente se inscribi\u00f3 en noviembre de 2013&#8243;.<\/p>\n<p><iframe class=\"iframed-video\" src=\"https:\/\/www.youtube.com\/embed\/23xpEsmF0Aw?rel=0&amp;autoplay=1&amp;autohide=2&amp;modestbranding=1\" width=\"100%^\" height=\"315\" frameborder=\"0\" allowfullscreen=\"allowfullscreen\"><\/iframe><\/p>\n<h3 id=\"tw-target-text\" class=\"tw-data-text tw-text-large tw-ta\" dir=\"ltr\" data-placeholder=\"Translation\"><span class=\"Y2IQFc\" lang=\"es\">Los pacientes viajan de todo el mundo para ver al Dr. Razdan! <\/span><\/h3>\n<p class=\"tw-data-text tw-text-large tw-ta\" dir=\"ltr\" data-placeholder=\"Translation\"><span class=\"Y2IQFc\" lang=\"es\">Sanjay Razdan, MD, MCh, FRCS (Glasg) es profesor y presidente de<\/span><span class=\"Y2IQFc\" lang=\"es\">l Instituto Internacional de Prostatectom\u00eda Rob\u00f3tica, una instalaci\u00f3n de vanguardia reconocida a nivel mundial, dedicada exclusivamente al tratamiento del c\u00e1ncer de pr\u00f3stata. Es el ex director del Centro de Excelencia en Urolog\u00eda y ex presidente del Departamento de Cirug\u00eda del Jackson South Hospital en Miami. Como uno de los l\u00edderes mundiales en cirug\u00eda rob\u00f3tica de pr\u00f3stata para el c\u00e1ncer de pr\u00f3stata, su serie se encuentra entre las m\u00e1s grandes realizadas por un solo cirujano en el mundo. El Dr. Razdan tambi\u00e9n es uno de los pioneros en la realizaci\u00f3n exitosa de procedimientos rob\u00f3ticos de rescate para fallas de radiaci\u00f3n, braquiterapia (conocida como semillas), ultrasonido enfocado de alta intensidad (HIFU) y crioablaci\u00f3n. El centro cuenta con una l\u00ednea de apoyo para el c\u00e1ncer donde todos sus pacientes pueden compartir su experiencia con la cirug\u00eda de pr\u00f3stata.<\/span><\/p>\n<p>El Dr. Razdan se gradu\u00f3 como el mejor de su clase en la escuela de medicina y ha recibido m\u00e1s de <strong class=\"txt-blue\">12 medallas de oro por excelencia acad\u00e9mica<\/strong>. Complet\u00f3 su residencia en Urolog\u00eda en UM \/ Jackson, donde nuevamente fue clasificado como el mejor residente para graduarse. Luego pas\u00f3 a una beca avanzada en oncolog\u00eda y endourolog\u00eda urol\u00f3gica m\u00ednimamente invasiva, que incluye el sistema de cirug\u00eda rob\u00f3tica daVinci en el Hospital Universitario Thomas Jefferson en Filadelfia. Mientras estaba en Jefferson, recibi\u00f3 por segunda vez en su carrera el <strong class=\"txt-blue\">premio Pfizer<\/strong> por su destacada contribuci\u00f3n al campo de la urolog\u00eda. Tambi\u00e9n ha recibido el prestigioso premio de &#8220;Cirujano Laparosc\u00f3pico Destacado&#8221; de la Sociedad de Cirujanos Laparoendosc\u00f3picos. El Dr. Razdan es uno de los primeros ur\u00f3logos en el sur de Florida en realizar lo \u00faltimo en tecnolog\u00eda de &#8220;cirug\u00eda de pr\u00f3stata radical rob\u00f3tica daVinci&#8221;. Tambi\u00e9n es el Director del Centro Integral de C\u00e1lculos Renales de Miami, que aborda todos los aspectos del tratamiento y la prevenci\u00f3n de la enfermedad de c\u00e1lculos renales.<\/p>\n<p><iframe style=\"border: 0;\" src=\"https:\/\/www.google.com\/maps\/embed?pb=!1m14!1m8!1m3!1d14367.412158183242!2d-80.33006!3d25.808422!3m2!1i1024!2i768!4f13.1!3m3!1m2!1s0x0%3A0x6be16910198dacc1!2sDr.%20Sanjay%20Razdan!5e0!3m2!1sen!2sin!4v1642511173340!5m2!1sen!2sin\" width=\"100%\" height=\"400\" allowfullscreen=\"allowfullscreen\"><\/iframe><\/p>\n","protected":false},"excerpt":{"rendered":"<p>Sanjay Razdan, M.D.,MCh. is Professor and Chairman of the International Robotic<br \/>\n\t\t\t\t\t\t\t\tProstatectomy Institute a globally recognized, state of the art facility, dedicated exclusively to prostate cancer treatment.  He is the former<br \/>\n\t\t\t\t\t\t\t\tDirector of the Urology Center of Excellence and the Chairman of the Department of Surgery at Jackson South Hospital in Miami.As one of the global leaders Director of the Urology Center of Excellence and the Chairman of the Department of Surgery at Jackson South Hospital in Miami.As one of the global leaders&#8230;.<\/p>\n","protected":false},"author":1,"featured_media":0,"parent":0,"menu_order":0,"comment_status":"closed","ping_status":"closed","template":"","meta":{"footnotes":""},"class_list":["post-23","page","type-page","status-publish","hentry"],"_links":{"self":[{"href":"https:\/\/miamiroboticprostatectomy.com\/sp\/wp-json\/wp\/v2\/pages\/23","targetHints":{"allow":["GET"]}}],"collection":[{"href":"https:\/\/miamiroboticprostatectomy.com\/sp\/wp-json\/wp\/v2\/pages"}],"about":[{"href":"https:\/\/miamiroboticprostatectomy.com\/sp\/wp-json\/wp\/v2\/types\/page"}],"author":[{"embeddable":true,"href":"https:\/\/miamiroboticprostatectomy.com\/sp\/wp-json\/wp\/v2\/users\/1"}],"replies":[{"embeddable":true,"href":"https:\/\/miamiroboticprostatectomy.com\/sp\/wp-json\/wp\/v2\/comments?post=23"}],"version-history":[{"count":34,"href":"https:\/\/miamiroboticprostatectomy.com\/sp\/wp-json\/wp\/v2\/pages\/23\/revisions"}],"predecessor-version":[{"id":1883,"href":"https:\/\/miamiroboticprostatectomy.com\/sp\/wp-json\/wp\/v2\/pages\/23\/revisions\/1883"}],"wp:attachment":[{"href":"https:\/\/miamiroboticprostatectomy.com\/sp\/wp-json\/wp\/v2\/media?parent=23"}],"curies":[{"name":"wp","href":"https:\/\/api.w.org\/{rel}","templated":true}]}}