{"id":2361,"date":"2025-07-04T03:43:07","date_gmt":"2025-07-04T07:43:07","guid":{"rendered":"https:\/\/miamiroboticprostatectomy.com\/sp\/?page_id=2361"},"modified":"2025-07-04T03:43:07","modified_gmt":"2025-07-04T07:43:07","slug":"accesibilidad-del-sitio-web","status":"publish","type":"page","link":"https:\/\/miamiroboticprostatectomy.com\/sp\/accesibilidad-del-sitio-web\/","title":{"rendered":"Accesibilidad del sitio web"},"content":{"rendered":"<h2><strong>C\u00f3mo hacer que el sitio web de nuestra empresa sea accesible para personas con discapacidad.<\/strong><\/h2>\n<h3><strong>Declaraci\u00f3n para el sitio web de nuestra empresa<\/strong><\/h3>\n<p><strong>Dr. Sanjay Razdan MD, MCh, FRCS (Glasg)<\/strong><\/p>\n<div>y su sitio web www.miamiroboticprostatectomy.com se comprometen a garantizar la accesibilidad digital para las personas con discapacidad. Mejoramos continuamente la experiencia del usuario y aplicamos los est\u00e1ndares de accesibilidad pertinentes.<\/div>\n<h3><strong>Medidas para facilitar la accesibilidad<\/strong><\/h3>\n<div><strong>Dr. Sanjay Razdan MD, MCh, FRCS (Glasg)<\/strong><\/div>\n<div>y su sitio web www.miamiroboticprostatectomy.com<\/div>\n<div>toma las siguientes medidas para garantizar la accesibilidad del sitio web de nuestra empresa:<\/div>\n<ul>\n<li>Incluir la accesibilidad en todas nuestras pol\u00edticas internas.<\/li>\n<li>Emplear m\u00e9todos formales de garant\u00eda de calidad de la accesibilidad.<\/li>\n<\/ul>\n<h3><strong>Estado de conformidad<\/strong><\/h3>\n<div>Las <a href=\"https:\/\/www.w3.org\/WAI\/standards-guidelines\/wcag\/\" target=\"_blank\" rel=\"noopener noreferrer\">Pautas de Accesibilidad al Contenido Web (WCAG)<\/a>definen los requisitos que los dise\u00f1adores y desarrolladores deben cumplir para mejorar la accesibilidad para las personas con discapacidad. Definen tres niveles de conformidad: Nivel A, Nivel AA y Nivel AAA. No existe una prueba definitiva ni una certificaci\u00f3n de conformidad con el nivel AA de WCAG 2.1, pero hemos utilizado diversos m\u00e9todos para evaluar la accesibilidad.<\/div>\n<div>\n<p>Para su sitio web corporativo,\u00a0<strong>Dr. El Dr. Sanjay Razdan, MD, MCh, FRCS (Glasg)<\/strong> y su sitio web www.miamiroboticprostatectomy.com se han esforzado por implementar las recomendaciones de las <a href=\"https:\/\/www.w3.org\/TR\/WCAG21\/\" target=\"_blank\" rel=\"noopener noreferrer\">Pautas de Accesibilidad al Contenido Web<\/a> (WCAG) publicadas por la <a href=\"https:\/\/www.w3.org\/WAI\/\" target=\"_blank\" rel=\"noopener noreferrer\">Iniciativa de Accesibilidad Web<\/a> (WAI) del <a href=\"https:\/\/www.w3.org\/\" target=\"_blank\" rel=\"noopener noreferrer\">Consorcio World Wide Web<\/a> (W3C). Si bien el Dr. El Dr. Sanjay Razdan, MCh, FRCS (Glasg) y su sitio web www.miamiroboticprostatectomy.com tienen como objetivo que todas las p\u00e1ginas de su sitio web corporativo sean accesibles para los usuarios. Sin embargo, no podemos garantizar que todas las p\u00e1ginas cumplan con el Nivel AA.<\/p>\n<div><strong>El Dr. Sanjay Razdan, MCh, FRCS (Glasg)<\/strong><\/div>\n<div>y su sitio web www.miamiroboticprostatectomy.com<\/div>\n<div>\n<p>utilizaron las pautas WCAG para el cumplimiento, seg\u00fan lo sugerido por el Departamento de Justicia. Si bien parte del cumplimiento encontrado en las WCAG cumple con el Art\u00edculo 508, el sitio web corporativo no cumple con dicho art\u00edculo.<\/p>\n<div><strong>El Dr. Sanjay Razdan MD, MCh, FRCS (Glasg)<\/strong><\/div>\n<div>y su sitio web www.miamiroboticprostatectomy.com<\/div>\n<div>eligieron usar las WCAG para el cumplimiento porque est\u00e1n determinadas por el W3C, el consorcio que crea todas las pautas para Internet a nivel mundial.<\/div>\n<h3><strong>Comentarios<\/strong><\/h3>\n<div>Agradecemos sus comentarios sobre la accesibilidad del sitio web de nuestra empresa. Por favor, inf\u00f3rmenos si encuentra barreras de accesibilidad en el sitio web de nuestra empresa:<\/div>\n<ul>\n<li>Correo electr\u00f3nico: info<a href=\"mailto:marketing@rectanglehealth.com\" target=\"_blank\" rel=\"noopener noreferrer\">@miamiroboticprostatectomy.<\/a>com<\/li>\n<\/ul>\n<h3><strong>Especificaciones t\u00e9cnicas<\/strong><\/h3>\n<div>La accesibilidad del sitio web de nuestra empresa se basa en las siguientes tecnolog\u00edas para funcionar con la combinaci\u00f3n espec\u00edfica de navegador web y cualquier tecnolog\u00eda de asistencia o complemento instalado en su computadora:<\/div>\n<ul>\n<li>HTML<\/li>\n<li>CSS<\/li>\n<li>JavaScript<\/li>\n<\/ul>\n<div>Estas tecnolog\u00edas se utilizan para cumplir con los est\u00e1ndares de accesibilidad utilizados.<\/div>\n<h3><strong>Enfoque de evaluaci\u00f3n<\/strong><\/h3>\n<div>\n<p>El <strong>Dr. Sanjay Razdan, MCh, FRCS (Glasg) <\/strong>y su sitio web www.miamiroboticprostatectomy.com evaluaron la accesibilidad del sitio web de nuestra empresa mediante los siguientes enfoques:<\/p>\n<ul>\n<li>Autoevaluaci\u00f3n<\/li>\n<li>Integraci\u00f3n con AccessiBe CMS<\/li>\n<\/ul>\n<div>\n<p>Esta declaraci\u00f3n se actualiz\u00f3 el 3 de julio de 2025.<\/p>\n<\/div>\n<\/div>\n<\/div>\n<\/div>\n","protected":false},"excerpt":{"rendered":"<p>C\u00f3mo hacer que el sitio web de nuestra empresa sea accesible para personas con discapacidad. Declaraci\u00f3n para el sitio web de nuestra empresa Dr. Sanjay Razdan MD, MCh, FRCS (Glasg) y su sitio web www.miamiroboticprostatectomy.com se comprometen a garantizar la accesibilidad digital para las personas con discapacidad. Mejoramos continuamente la experiencia del usuario y aplicamos [&hellip;]<\/p>\n","protected":false},"author":1,"featured_media":0,"parent":0,"menu_order":0,"comment_status":"closed","ping_status":"closed","template":"","meta":{"footnotes":""},"class_list":["post-2361","page","type-page","status-publish","hentry"],"_links":{"self":[{"href":"https:\/\/miamiroboticprostatectomy.com\/sp\/wp-json\/wp\/v2\/pages\/2361","targetHints":{"allow":["GET"]}}],"collection":[{"href":"https:\/\/miamiroboticprostatectomy.com\/sp\/wp-json\/wp\/v2\/pages"}],"about":[{"href":"https:\/\/miamiroboticprostatectomy.com\/sp\/wp-json\/wp\/v2\/types\/page"}],"author":[{"embeddable":true,"href":"https:\/\/miamiroboticprostatectomy.com\/sp\/wp-json\/wp\/v2\/users\/1"}],"replies":[{"embeddable":true,"href":"https:\/\/miamiroboticprostatectomy.com\/sp\/wp-json\/wp\/v2\/comments?post=2361"}],"version-history":[{"count":2,"href":"https:\/\/miamiroboticprostatectomy.com\/sp\/wp-json\/wp\/v2\/pages\/2361\/revisions"}],"predecessor-version":[{"id":2363,"href":"https:\/\/miamiroboticprostatectomy.com\/sp\/wp-json\/wp\/v2\/pages\/2361\/revisions\/2363"}],"wp:attachment":[{"href":"https:\/\/miamiroboticprostatectomy.com\/sp\/wp-json\/wp\/v2\/media?parent=2361"}],"curies":[{"name":"wp","href":"https:\/\/api.w.org\/{rel}","templated":true}]}}