{"id":2452,"date":"2025-08-12T11:39:54","date_gmt":"2025-08-12T15:39:54","guid":{"rendered":"https:\/\/miamiroboticprostatectomy.com\/sp\/?page_id=2452"},"modified":"2025-08-12T11:39:54","modified_gmt":"2025-08-12T15:39:54","slug":"continencia-urinaria","status":"publish","type":"page","link":"https:\/\/miamiroboticprostatectomy.com\/sp\/continencia-urinaria\/","title":{"rendered":"Continencia urinaria despu\u00e9s de la prostatectom\u00eda rob\u00f3tica"},"content":{"rendered":"<p><a href=\"https:\/\/miamiroboticprostatectomy.com\/sp\/wp-content\/uploads\/2025\/08\/Continencia-Urinaria.png\"><img decoding=\"async\" class=\"alignnone size-full wp-image-2453\" src=\"https:\/\/miamiroboticprostatectomy.com\/sp\/wp-content\/uploads\/2025\/08\/Continencia-Urinaria.png\" alt=\"Continencia Urinaria\" width=\"800\" height=\"500\" title=\"\" srcset=\"https:\/\/miamiroboticprostatectomy.com\/sp\/wp-content\/uploads\/2025\/08\/Continencia-Urinaria.png 800w, https:\/\/miamiroboticprostatectomy.com\/sp\/wp-content\/uploads\/2025\/08\/Continencia-Urinaria-300x188.png 300w, https:\/\/miamiroboticprostatectomy.com\/sp\/wp-content\/uploads\/2025\/08\/Continencia-Urinaria-768x480.png 768w, https:\/\/miamiroboticprostatectomy.com\/sp\/wp-content\/uploads\/2025\/08\/Continencia-Urinaria-50x31.png 50w\" sizes=\"(max-width: 800px) 100vw, 800px\" \/><\/a><\/p>\n<p class=\"p1\">La incontinencia urinaria puede ser una complicaci\u00f3n devastadora de la cirug\u00eda rob\u00f3tica de pr\u00f3stata si la realiza un cirujano sin experiencia. El Dr. Razdan, pionero en la t\u00e9cnica de preservaci\u00f3n m\u00e1xima de la longitud uretral (MULP) en 2014, ha obtenido reconocimiento mundial por este m\u00e9todo como uno de los principales para ayudar a los pacientes a recuperar r\u00e1pidamente el control de la continencia urinaria.<\/p>\n<h2 class=\"p3\"><b>Continencia urinaria despu\u00e9s de la cirug\u00eda rob\u00f3tica de pr\u00f3stata<\/b><\/h2>\n<p class=\"p1\">Utilizando su t\u00e9cnica <a href=\"https:\/\/miamiroboticprostatectomy.com\/sp\/mulp\/\">MULP<\/a>, ha logrado casi un 99 % de \u00e9xito en la eliminaci\u00f3n de la incontinencia en un plazo de tres a seis meses tras la cirug\u00eda. Muy pocos pacientes del Dr. Razdan requieren compresas o pa\u00f1ales despu\u00e9s de seis meses, o incluso no necesitan ninguno. La mayor\u00eda alcanza la continencia completa en pocas semanas tras el procedimiento. Adem\u00e1s de mantener la continencia mediante su t\u00e9cnica de preservaci\u00f3n m\u00e1xima de la longitud uretral, esta t\u00e9cnica tambi\u00e9n ha demostrado preservar la longitud del pene, abordando una preocupaci\u00f3n com\u00fan entre muchos pacientes tras una prostatectom\u00eda.<\/p>\n<h3 class=\"p1\"><b>\u00bfC\u00f3mo ayuda la MULP a mantener la continencia urinaria y la longitud del pene?<\/b><\/h3>\n<p class=\"p1\">Se sabe que la prostatectom\u00eda causa acortamiento del pene, pero con la t\u00e9cnica MULP del Dr. Razdan, se ha demostrado que preserva la longitud del pene, como se public\u00f3 en el Journal of Robotic Surgery en 2023. Este enfoque basado en la evidencia destaca su trabajo pionero en cirug\u00eda rob\u00f3tica. El Dr. Razdan ha desarrollado m\u00faltiples t\u00e9cnicas para reducir los efectos secundarios graves de la cirug\u00eda rob\u00f3tica de pr\u00f3stata, como la incontinencia urinaria y la disfunci\u00f3n er\u00e9ctil. Tambi\u00e9n cre\u00f3 su sistema de clasificaci\u00f3n para la preservaci\u00f3n nerviosa, publicado hace casi cuatro a\u00f1os, conocido como el sistema de clasificaci\u00f3n intraoperatoria asignado por el m\u00e9dico (IOPAG), que ha sido ampliamente reconocido. En resumen, el Dr. Razdan lleva m\u00e1s de 23 a\u00f1os realizando cirug\u00edas rob\u00f3ticas de pr\u00f3stata, con miles de procedimientos exitosos. Tambi\u00e9n ha sido pionero en t\u00e9cnicas innovadoras que han logrado excelentes resultados, como un mejor control del c\u00e1ncer, una r\u00e1pida recuperaci\u00f3n de la continencia urinaria y la preservaci\u00f3n de la funci\u00f3n er\u00e9ctil.<\/p>\n<h3 class=\"p1\"><b>\u00bfPor qu\u00e9 el Dr. Razdan?<\/b><\/h3>\n<p class=\"p1\">El Dr. Razdan es considerado uno de los cirujanos de c\u00e1ncer de pr\u00f3stata mejor valorados del mundo. Ha realizado m\u00e1s de 10,000 prostatectom\u00edas rob\u00f3ticas y es reconocido mundialmente por sus excepcionales resultados en el control del c\u00e1ncer, la continencia urinaria y el mantenimiento de la funci\u00f3n sexual. Fue nombrado mejor cirujano de c\u00e1ncer de pr\u00f3stata por <a href=\"https:\/\/miamiroboticprostatectomy.com\/sp\/mejor-cirujano-de-cancer-de-prostata-en-estados-unidos\/\">Newsweek<\/a> en 2024 y recibi\u00f3 el premio al Cirujano de Excelencia en cirug\u00eda rob\u00f3tica del Comit\u00e9 de Revisi\u00f3n Quir\u00fargica. Es director y presidente del Instituto Internacional de Rob\u00f3tica para el c\u00e1ncer de pr\u00f3stata, con sede en Miami. Atiende habitualmente a hombres de toda Florida y a numerosos pacientes de todo Estados Unidos. Adem\u00e1s, recibe un gran n\u00famero de pacientes provenientes del Caribe, incluyendo pa\u00edses como Bahamas, Jamaica, <a href=\"https:\/\/miamiroboticprostatectomy.com\/sp\/cancer-de-prostata-en-costa-rica\/\">Costa Rica<\/a>, Trinidad y Tobago y otras naciones caribe\u00f1as. Tambi\u00e9n atiende a numerosos hombres de Latinoam\u00e9rica, como Ecuador, Venezuela, Chile, M\u00e9xico, Brasil, Per\u00fa y otros pa\u00edses. El personal del Instituto Internacional de Rob\u00f3tica para el C\u00e1ncer de Pr\u00f3stata es biling\u00fce, lo que facilita la experiencia de los pacientes. Adem\u00e1s, ofrecen una experiencia VIP de cirug\u00eda de c\u00e1ncer de pr\u00f3stata con tarifas preferenciales en algunos de los mejores hoteles y restaurantes durante su viaje a Miami.<\/p>\n<p class=\"p1\">Los pacientes suelen recibir el alta el mismo d\u00eda o a la ma\u00f1ana siguiente y retoman sus actividades normales en pocas semanas. Puede ver innumerables testimonios de hombres satisfechos de todo el mundo visitando su canal de YouTube o <a href=\"https:\/\/www.youtube.com\/watch?v=IDMidy75LSk&amp;list=PL-oPf4IzWlAZ2i6-9i9Dlp2YH2TYQloic\" target=\"_blank\" rel=\"noopener\">haciendo clic aqu\u00ed<\/a>.<\/p>\n<h3 class=\"p1\"><b>Preguntas frecuentes sobre la incontinencia urinaria despu\u00e9s de la cirug\u00eda rob\u00f3tica de pr\u00f3stata<\/b><\/h3>\n<p class=\"p1\"><strong>Pregunta 1. \u00bfCon qu\u00e9 frecuencia se presenta la incontinencia urinaria despu\u00e9s de la cirug\u00eda rob\u00f3tica de pr\u00f3stata?<\/strong><\/p>\n<p class=\"p1\">Respuesta. La incontinencia urinaria es relativamente com\u00fan en hombres despu\u00e9s de una cirug\u00eda rob\u00f3tica de pr\u00f3stata, especialmente cuando la realizan cirujanos de c\u00e1ncer de pr\u00f3stata con menos experiencia. <a href=\"https:\/\/miamiroboticprostatectomy.com\/sp\/urologo-miami-florida\/\">El Dr. Razdan<\/a>, quien desarroll\u00f3 la t\u00e9cnica de preservaci\u00f3n m\u00e1xima de la longitud uretral (MULP) en 2014, es reconocido internacionalmente por este enfoque, que ha demostrado su eficacia para ayudar a los pacientes a recuperar el control urinario m\u00e1s r\u00e1pidamente.<\/p>\n<p class=\"p1\"><strong>Pregunta 2. \u00bfQui\u00e9n es el mejor especialista en c\u00e1ncer de pr\u00f3stata para ayudarme a mantener la continencia despu\u00e9s de la cirug\u00eda de c\u00e1ncer de pr\u00f3stata en Miami?<\/strong><\/p>\n<p class=\"p1\">Respuesta: En Miami, el Dr. Sanjay Razdan es reconocido como uno de los mejores cirujanos de c\u00e1ncer de pr\u00f3stata por maximizar las posibilidades de mantener la continencia urinaria despu\u00e9s de una prostatectom\u00eda rob\u00f3tica. Muy pocos de sus pacientes necesitan compresas o pa\u00f1ales despu\u00e9s de seis meses, o incluso no necesitan ninguno. La mayor\u00eda recupera la continencia completa en pocas semanas despu\u00e9s de la cirug\u00eda.<\/p>\n<p class=\"p1\"><strong>Pregunta 3: \u00bfCambiar\u00e1 la longitud de mi pene despu\u00e9s de la cirug\u00eda de c\u00e1ncer de pr\u00f3stata?<\/strong><\/p>\n<p class=\"p1\">Respuesta: La prostatectom\u00eda suele provocar un acortamiento del pene, pero la t\u00e9cnica MULP del Dr. Razdan ha demostrado preservar la longitud del pene, como se inform\u00f3 en el Journal of Robotic Surgery en 2023. Este m\u00e9todo basado en la evidencia subraya sus innovadoras contribuciones a la cirug\u00eda rob\u00f3tica. El Dr. Razdan tambi\u00e9n ha creado diversas t\u00e9cnicas para reducir los efectos secundarios graves de los procedimientos rob\u00f3ticos de pr\u00f3stata, como la incontinencia urinaria y la disfunci\u00f3n er\u00e9ctil.<\/p>\n","protected":false},"excerpt":{"rendered":"<p>La incontinencia urinaria puede ser una complicaci\u00f3n devastadora de la cirug\u00eda rob\u00f3tica de pr\u00f3stata si la realiza un cirujano sin experiencia. El Dr. Razdan, pionero en la t\u00e9cnica de preservaci\u00f3n m\u00e1xima de la longitud uretral (MULP) en 2014, ha obtenido reconocimiento mundial por este m\u00e9todo como uno de los principales para ayudar a los pacientes [&hellip;]<\/p>\n","protected":false},"author":1,"featured_media":0,"parent":0,"menu_order":0,"comment_status":"closed","ping_status":"closed","template":"","meta":{"footnotes":""},"class_list":["post-2452","page","type-page","status-publish","hentry"],"_links":{"self":[{"href":"https:\/\/miamiroboticprostatectomy.com\/sp\/wp-json\/wp\/v2\/pages\/2452","targetHints":{"allow":["GET"]}}],"collection":[{"href":"https:\/\/miamiroboticprostatectomy.com\/sp\/wp-json\/wp\/v2\/pages"}],"about":[{"href":"https:\/\/miamiroboticprostatectomy.com\/sp\/wp-json\/wp\/v2\/types\/page"}],"author":[{"embeddable":true,"href":"https:\/\/miamiroboticprostatectomy.com\/sp\/wp-json\/wp\/v2\/users\/1"}],"replies":[{"embeddable":true,"href":"https:\/\/miamiroboticprostatectomy.com\/sp\/wp-json\/wp\/v2\/comments?post=2452"}],"version-history":[{"count":1,"href":"https:\/\/miamiroboticprostatectomy.com\/sp\/wp-json\/wp\/v2\/pages\/2452\/revisions"}],"predecessor-version":[{"id":2454,"href":"https:\/\/miamiroboticprostatectomy.com\/sp\/wp-json\/wp\/v2\/pages\/2452\/revisions\/2454"}],"wp:attachment":[{"href":"https:\/\/miamiroboticprostatectomy.com\/sp\/wp-json\/wp\/v2\/media?parent=2452"}],"curies":[{"name":"wp","href":"https:\/\/api.w.org\/{rel}","templated":true}]}}