{"id":2490,"date":"2025-08-23T08:00:16","date_gmt":"2025-08-23T12:00:16","guid":{"rendered":"https:\/\/miamiroboticprostatectomy.com\/sp\/?page_id=2490"},"modified":"2025-08-23T08:09:51","modified_gmt":"2025-08-23T12:09:51","slug":"cancer-de-prostata","status":"publish","type":"page","link":"https:\/\/miamiroboticprostatectomy.com\/sp\/cancer-de-prostata\/","title":{"rendered":"El mejor cirujano de c\u00e1ncer de pr\u00f3stata en Miami, Florida"},"content":{"rendered":"<div class=\"row\">\n<div class=\"col-md-8\">\n<div class=\"sidebar-block\">\n<div class=\"tp-bx mbgfrm\">\n<div class=\"tp-bg-border tp-bg-box\"><\/div>\n<\/div>\n<\/div>\n<p>El Dr. Sanjay Razdan, MD, MCh, FRCS (Glasg), es profesor y presidente del Instituto Internacional de Rob\u00f3tica para el C\u00e1ncer de Pr\u00f3stata, un centro de vanguardia y reconocimiento mundial, dedicado exclusivamente al tratamiento del c\u00e1ncer de pr\u00f3stata.<\/p>\n<p>Como uno de los l\u00edderes mundiales en cirug\u00eda rob\u00f3tica de pr\u00f3stata para el c\u00e1ncer de pr\u00f3stata, su serie de procedimientos se encuentra entre las m\u00e1s extensas realizadas por un solo cirujano en el mundo. El Dr. Razdan tambi\u00e9n es pionero en la realizaci\u00f3n exitosa de procedimientos rob\u00f3ticos de rescate para casos de radioterapia y crioterapia. Es tambi\u00e9n pionero y cient\u00edfico en el desarrollo de nuevas t\u00e9cnicas para obtener mejores resultados en cuanto a continencia urinaria y funci\u00f3n sexual en pacientes sometidos a prostatectom\u00eda radical rob\u00f3tica. El centro cuenta con una l\u00ednea de apoyo oncol\u00f3gico donde todos sus pacientes pueden compartir sus experiencias con la cirug\u00eda de pr\u00f3stata.<\/p>\n<p>El Dr. Razdan fue el autor del primer texto centrado exclusivamente en los aspectos anat\u00f3micos, fisiol\u00f3gicos, patol\u00f3gicos y t\u00e9cnicos de la continencia urinaria y la funci\u00f3n er\u00e9ctil tras la prostatectom\u00eda rob\u00f3tica. <a href=\"https:\/\/www.amazon.com\/Continence-Function-Prostatectomy-Radiation-Therapies\/dp\/3031642449\" target=\"_blank\" rel=\"noopener\"><strong>Ahora, en 2024, ha publicado el primer libro de texto, m\u00e1s completo y completo<\/strong><\/a>, que se centra en los resultados de la cirug\u00eda rob\u00f3tica de pr\u00f3stata y la compara con otras modalidades de tratamiento.<\/p>\n<\/div>\n<div class=\"col-md-4\"><img decoding=\"async\" src=\"https:\/\/miamiroboticprostatectomy.com\/wp-content\/uploads\/2017\/09\/43917.jpg\" alt=\"director\" title=\"\"><\/div>\n<\/div>\n<div class=\"row\">\n<div class=\"col-md-4\"><img decoding=\"async\" src=\"https:\/\/miamiroboticprostatectomy.com\/wp-content\/uploads\/2017\/09\/bio-2.jpg\" alt=\"laparoscopic surgeon\" title=\"\"><\/div>\n<div class=\"col-md-8\">\n<p>El Dr. Razdan se gradu\u00f3 con las mejores calificaciones de su generaci\u00f3n en la facultad de medicina y ha recibido m\u00e1s de 12 medallas de oro por excelencia acad\u00e9mica. Complet\u00f3 su residencia en urolog\u00eda en la Universidad de Michigan\/Jackson, donde nuevamente fue reconocido como el mejor residente graduado.<\/p>\n<p>Posteriormente, realiz\u00f3 una beca avanzada en Endourolog\u00eda y Oncolog\u00eda Urol\u00f3gica M\u00ednimamente Invasiva, incluyendo el sistema quir\u00fargico rob\u00f3tico daVinci en el Hospital Universitario Thomas Jefferson y el Centro Oncol\u00f3gico Integral Bodine de Filadelfia. Durante su estancia en Jefferson, por segunda vez en su carrera, recibi\u00f3 el Premio Pfizer por su destacada contribuci\u00f3n al campo de la urolog\u00eda.<\/p>\n<p>Tambi\u00e9n recibi\u00f3 el prestigioso premio al &#8220;cirujano laparosc\u00f3pico destacado&#8221; de la Sociedad de Cirujanos Laparoendosc\u00f3picos. El Dr. Razdan fue uno de los primeros ur\u00f3logos del sur de Florida en realizar la vanguardista &#8220;Cirug\u00eda Radical Rob\u00f3tica de Pr\u00f3stata daVinci&#8221;. Adem\u00e1s, es director del Centro Integral de C\u00e1lculos Renales de Miami, que abarca todos los aspectos del tratamiento y la prevenci\u00f3n de la enfermedad de c\u00e1lculos renales.<\/p>\n<\/div>\n<\/div>\n<p><img decoding=\"async\" class=\"alignnone\" src=\"https:\/\/miamiroboticprostatectomy.com\/wp-content\/uploads\/2017\/09\/bio-3.jpg\" alt=\"Best prostate cancer surgeon\" width=\"820\" height=\"350\" title=\"\"><\/p>\n<p>Como uno de los pocos cirujanos de \u00e9lite del pa\u00eds capacitados en cirug\u00eda rob\u00f3tica y l\u00e1ser de alta tecnolog\u00eda, el <a href=\"https:\/\/miamiroboticprostatectomy.com\/sp\/por-que-el-dr-razdan\/\">Dr. Razdan<\/a> ha presentado numerosos seminarios m\u00e9dicos a nivel nacional e internacional y ha recibido m\u00faltiples premios. Es un l\u00edder de opini\u00f3n clave, investigador y cient\u00edfico en el tratamiento y los resultados del c\u00e1ncer de pr\u00f3stata.<\/p>\n<p>En el caso del <a href=\"https:\/\/miamiroboticprostatectomy.com\/sp\/sobre-el-cancer-de-prostata\/\">c\u00e1ncer de pr\u00f3stata<\/a>, la detecci\u00f3n temprana y el cirujano adecuado son cruciales para un tratamiento eficaz y resultados \u00f3ptimos. Con instalaciones de vanguardia y t\u00e9cnicas m\u00ednimamente invasivas, los pacientes ahora tienen acceso a procedimientos de tratamiento y atenci\u00f3n m\u00e9dica de calidad. Si busca un cirujano de c\u00e1ncer de pr\u00f3stata experto y confiable, el Dr. Sanjay Razdan es un cirujano de c\u00e1ncer de pr\u00f3stata certificado que atiende a pacientes en todo Miami, Florida. Con un equipo de expertos m\u00e9dicos, ha realizado m\u00e1s de 10,000 cirug\u00edas con resultados \u00f3ptimos. Con un enfoque centrado en el paciente, se dedica a brindar atenci\u00f3n m\u00e9dica pre y postoperatoria personalizada para una mejor recuperaci\u00f3n.<\/p>\n<h2><strong>Acerca del Dr. Razdan | Cirujano L\u00edder en C\u00e1ncer de Pr\u00f3stata en Miami, Florida<\/strong><\/h2>\n<p>El Dr. Razdan es un reconocido cirujano de c\u00e1ncer de pr\u00f3stata con amplia experiencia en numerosas cirug\u00edas rob\u00f3ticas de c\u00e1ncer de pr\u00f3stata. En el Instituto Internacional de Rob\u00f3tica para el C\u00e1ncer de Pr\u00f3stata de Miami, el Dr. Razdan es presidente y profesor. Es un referente en cirug\u00eda rob\u00f3tica de pr\u00f3stata y ha recibido la certificaci\u00f3n de Cirujano de Excelencia en Cirug\u00eda Rob\u00f3tica de Surgical Review Corporation. El Dr. Razdan ha recibido m\u00faltiples premios y reconocimientos, entre ellos:<\/p>\n<ul>\n<li>Premio Pfizer a la Excelencia en Urolog\u00eda<\/li>\n<li>Cirujano Laparosc\u00f3pico Destacado<\/li>\n<li>M\u00e1s de 12 Medallas de Oro en la Facultad de Medicina<\/li>\n<li>Cirujano de Excelencia en Cirug\u00eda Rob\u00f3tica en 2023<\/li>\n<li>Mejor Cirujano de C\u00e1ncer de Pr\u00f3stata seg\u00fan Newsweek en 2024<\/li>\n<\/ul>\n<h3><strong>\u00bfQu\u00e9 es la Prostatectom\u00eda Rob\u00f3tica?<\/strong><\/h3>\n<p><a href=\"https:\/\/miamiroboticprostatectomy.com\/sp\/prostatectomia-robotica\/\">La Prostatectom\u00eda Rob\u00f3tica<\/a> es un procedimiento quir\u00fargico m\u00ednimamente invasivo que se utiliza para tratar el c\u00e1ncer de pr\u00f3stata mediante la extirpaci\u00f3n completa de la pr\u00f3stata y el tejido circundante, tambi\u00e9n conocida como prostatectom\u00eda radical laparosc\u00f3pica asistida por robot. Se utilizan sistemas rob\u00f3ticos especializados, como el Sistema Quir\u00fargico da Vinci, para realizar cirug\u00edas complejas mediante peque\u00f1as incisiones con mayor precisi\u00f3n y visualizaci\u00f3n.<\/p>\n<h3><strong>T\u00e9cnicas Avanzadas Utilizadas por el Dr. Razdan<\/strong><\/h3>\n<p>El Dr. Razdan tambi\u00e9n es reconocido por su experiencia en t\u00e9cnicas quir\u00fargicas de vanguardia que priorizan la seguridad y la calidad de vida del paciente. A continuaci\u00f3n, se presentan algunas t\u00e9cnicas avanzadas que el Dr. Razdan utiliza para tratar el c\u00e1ncer de pr\u00f3stata:<\/p>\n<h5><strong>1. Prostatectom\u00eda con Preservaci\u00f3n Nerviosa<\/strong><\/h5>\n<p>Despu\u00e9s de la cirug\u00eda de pr\u00f3stata, la prostatectom\u00eda con preservaci\u00f3n nerviosa es una de las mejores opciones para que los pacientes preserven la continencia urinaria y la funci\u00f3n sexual. La experiencia del Dr. Razdan en t\u00e9cnicas de preservaci\u00f3n nerviosa mejora los resultados postoperatorios relacionados con la funci\u00f3n er\u00e9ctil y el control urinario.<\/p>\n<h5><strong>2. T\u00e9cnicas Laparosc\u00f3picas M\u00ednimamente Invasivas<\/strong><\/h5>\n<p>Las t\u00e9cnicas m\u00ednimamente invasivas se utilizan para minimizar las molestias quir\u00fargicas. En este procedimiento, se realizan peque\u00f1as incisiones a trav\u00e9s de las cuales se extirpa la pr\u00f3stata con excelente precisi\u00f3n, lo que resulta en menos dolor, menor p\u00e9rdida de sangre y una recuperaci\u00f3n m\u00e1s r\u00e1pida en comparaci\u00f3n con la cirug\u00eda abierta tradicional. Se reduce el riesgo de infecci\u00f3n y aumenta la tasa de \u00e9xito con este procedimiento de tratamiento.<\/p>\n<h5><strong>3. Cirug\u00eda Asistida por Robot con el Sistema Da Vinci<\/strong><\/h5>\n<p>Este procedimiento de tratamiento de vanguardia mejora la destreza, la precisi\u00f3n y la visualizaci\u00f3n. Se utilizan sistemas asistidos por robot para realizar toda la cirug\u00eda con visualizaci\u00f3n 3D mejorada, lo que resulta en una precisi\u00f3n superior, incluso en cirug\u00edas complejas.<\/p>\n<p><a href=\"https:\/\/miamiroboticprostatectomy.com\/wp-content\/uploads\/2025\/08\/01-8.jpg\"><img decoding=\"async\" class=\"aligncenter wp-image-4564 size-full\" src=\"https:\/\/miamiroboticprostatectomy.com\/wp-content\/uploads\/2025\/08\/01-8.jpg\" alt=\"Cirujano de C\u00e1ncer de Pr\u00f3stata Destacado en Miami, Florida\" width=\"800\" height=\"500\" title=\"\"><\/a><\/p>\n<h4><strong>S\u00edntomas Comunes del C\u00e1ncer de Pr\u00f3stata<\/strong><\/h4>\n<p>Algunos signos comunes del c\u00e1ncer de pr\u00f3stata incluyen los siguientes:<\/p>\n<ul>\n<li>Dificultad para iniciar o detener la micci\u00f3n<\/li>\n<li>Orina frecuente, especialmente por la noche (nicturia)<\/li>\n<li>Flujo de orina d\u00e9bil o interrumpido<\/li>\n<li>Dificultad para vaciar la vejiga por completo<\/li>\n<li>Urgencia para orinar<\/li>\n<li>Sangre en la orina o el semen<\/li>\n<\/ul>\n<h4><strong>Beneficios de la Cirug\u00eda Rob\u00f3tica de Pr\u00f3stata<\/strong><\/h4>\n<p>Algunos de los posibles <a href=\"https:\/\/miamiroboticprostatectomy.com\/sp\/beneficios-de-la-cirugia-robotica\/\">beneficios de la cirug\u00eda rob\u00f3tica de pr\u00f3stata<\/a> incluyen los siguientes:<\/p>\n<ul>\n<li>Menos dolor y molestias<\/li>\n<li>Menor p\u00e9rdida de sangre<\/li>\n<li>Recuperaci\u00f3n m\u00e1s r\u00e1pida<\/li>\n<li>Menor riesgo de complicaciones<\/li>\n<li>Mejor est\u00e9tica<\/li>\n<li>Preservaci\u00f3n de la funci\u00f3n sexual<\/li>\n<li>Mejor continencia urinaria<\/li>\n<li>Mejor visualizaci\u00f3n<\/li>\n<li>Movimientos m\u00e1s precisos<\/li>\n<li>Menor estancia hospitalaria<\/li>\n<\/ul>\n<h3><strong>\u00bfQui\u00e9n deber\u00eda consultar a un cirujano de c\u00e1ncer de pr\u00f3stata?<\/strong><\/h3>\n<p>Estas son las se\u00f1ales de que Una persona podr\u00eda necesitar consultar a un cirujano especialista en c\u00e1ncer de pr\u00f3stata:<\/p>\n<ul>\n<li>Hombres con s\u00edntomas de problemas de pr\u00f3stata<\/li>\n<li>Individuos con niveles elevados de PSA<\/li>\n<li>Resultados anormales en el examen digital rectal (EDR)<\/li>\n<li>Individuos de alto riesgo\n<ul>\n<li>Hombres mayores de 50 a\u00f1os<\/li>\n<li>Hombres afroamericanos<\/li>\n<li>Hombres con antecedentes familiares de c\u00e1ncer de pr\u00f3stata<\/li>\n<li>Hombres con mutaciones gen\u00e9ticas<\/li>\n<\/ul>\n<\/li>\n<\/ul>\n<h3><strong>Diagn\u00f3stico y detecci\u00f3n del c\u00e1ncer de pr\u00f3stata<\/strong><\/h3>\n<p>A continuaci\u00f3n, se presentan algunos ex\u00e1menes de diagn\u00f3stico y detecci\u00f3n del c\u00e1ncer de pr\u00f3stata, que incluyen:<\/p>\n<p><strong>Pruebas diagn\u00f3sticas:<\/strong><\/p>\n<ul>\n<li>Biopsia de pr\u00f3stata<\/li>\n<li>Ecograf\u00eda transrectal (ETR)<\/li>\n<li>Resonancia magn\u00e9tica<\/li>\n<li>Tomograf\u00eda computarizada<\/li>\n<li>PET con PSMA<\/li>\n<\/ul>\n<p><strong>Pruebas de detecci\u00f3n:<\/strong><\/p>\n<ul>\n<li>Prueba de PSA<\/li>\n<li>Examen rectal digital (EDR)<\/li>\n<li>Resonancia magn\u00e9tica de pr\u00f3stata<\/li>\n<\/ul>\n<h3><strong>\u00bfPor qu\u00e9 elegir al Dr. Razdan para el tratamiento del c\u00e1ncer de pr\u00f3stata en Miami, Florida?<\/strong><\/h3>\n<p>Con a\u00f1os de experiencia y conocimientos, el Dr. Razdan es un cirujano de renombre especializado en cirug\u00eda rob\u00f3tica de pr\u00f3stata. Se toma el tiempo necesario para evaluar la condici\u00f3n de cada paciente y brindar un plan de tratamiento personalizado con atenci\u00f3n m\u00e9dica pre y postoperatoria de calidad. Algunas de las principales razones para elegir al Dr. Razdan para el tratamiento del c\u00e1ncer de pr\u00f3stata incluyen:<\/p>\n<ul>\n<li>Instalaciones quir\u00fargicas de vanguardia<\/li>\n<li>Enfoque centrado en el paciente<\/li>\n<li>Planes de tratamiento personalizados para cada paciente<\/li>\n<li>T\u00e9cnicas avanzadas y Tecnolog\u00eda<\/li>\n<li>Atenci\u00f3n m\u00e9dica postoperatoria personalizada<\/li>\n<\/ul>\n<h5><strong>Contacte con el Dr. Sanjay Razdan<\/strong><\/h5>\n<p>\u00bfTiene c\u00e1ncer de pr\u00f3stata y busca un cirujano experto en c\u00e1ncer de pr\u00f3stata en Miami, Florida? Programe una cita con el Dr. Razdan a trav\u00e9s de los siguientes datos de contacto:<\/p>\n<p><strong>Dr. Sanjay Razdan, MD, MCh, FRCS (Glasg)<\/strong><\/p>\n<p><strong>N\u00famero de tel\u00e9fono<\/strong>: 1-305-251-8650, 1-305-251-8913<br \/>\n<strong>Horario de atenci\u00f3n<\/strong>:<\/p>\n<ul>\n<li>Lunes a viernes: de 8:30 a. m. a 5 p. m.<\/li>\n<li>Cerrado los fines de semana<\/li>\n<\/ul>\n<p><strong>Direcci\u00f3n<\/strong>: Instituto Rob\u00f3tico Internacional para el C\u00e1ncer de Pr\u00f3stata, 3650 N.W. 82nd Avenue, Suite PH 501, Doral, FL 33166<\/p>\n<h2><strong>Preguntas frecuentes sobre cirujanos de c\u00e1ncer de pr\u00f3stata, Miami, Florida<\/strong><\/h2>\n<h4><strong>Pregunta 1. \u00bfCu\u00e1l es la tasa de \u00e9xito de la cirug\u00eda rob\u00f3tica para el c\u00e1ncer de pr\u00f3stata?<\/strong><\/h4>\n<p>Respuesta. Con la cirug\u00eda rob\u00f3tica para el c\u00e1ncer de pr\u00f3stata, la tasa de \u00e9xito se sit\u00faa entre el 94 % y el 100 %. Tanto para el c\u00e1ncer de pr\u00f3stata localizado como para el de alto riesgo, la prostatectom\u00eda radical asistida por robot ha demostrado ser el procedimiento de tratamiento m\u00e1s eficaz.<\/p>\n<h4><strong>Pregunta 2. \u00bfCu\u00e1nto tiempo lleva la recuperaci\u00f3n despu\u00e9s de una prostatectom\u00eda rob\u00f3tica?<\/strong><\/h4>\n<p>Respuesta. Despu\u00e9s de una prostatectom\u00eda rob\u00f3tica, el tiempo de recuperaci\u00f3n suele variar de unas pocas semanas a meses. Los pacientes pueden retomar sus actividades normales en un plazo de 4 a 6 semanas, mientras que la recuperaci\u00f3n completa puede tardar un a\u00f1o o m\u00e1s para una funci\u00f3n urinaria y sexual adecuada.<\/p>\n<h4><strong>Pregunta 3. \u00bfQui\u00e9n es candidato para la cirug\u00eda rob\u00f3tica de pr\u00f3stata?<\/strong><\/h4>\n<p>Respuesta. Los pacientes con diagn\u00f3stico de c\u00e1ncer de pr\u00f3stata en etapa temprana o localizado generalmente son candidatos adecuados, y una consulta con especialistas como el Dr. Razdan determinar\u00e1 el mejor plan de tratamiento.<\/p>\n<h4><strong>Pregunta 4. \u00bfCu\u00e1les son los signos que indican que se debe consultar a un especialista en c\u00e1ncer de pr\u00f3stata?<\/strong><\/h4>\n<p>Respuesta. Algunos signos comunes incluyen dificultad para orinar, micci\u00f3n frecuente, sangre en la orina y molestias p\u00e9lvicas.<br \/>\n<script type=\"application\/ld+json\">\n{\n  \"@context\": \"https:\/\/schema.org\",\n  \"@type\": \"FAQPage\",\n  \"mainEntity\": [{\n    \"@type\": \"Question\",\n    \"name\": \"\u00bfCu\u00e1l es la tasa de \u00e9xito de la cirug\u00eda rob\u00f3tica para el c\u00e1ncer de pr\u00f3stata?\",\n    \"acceptedAnswer\": {\n      \"@type\": \"Answer\",\n      \"text\": \"Con la cirug\u00eda rob\u00f3tica para el c\u00e1ncer de pr\u00f3stata, la tasa de \u00e9xito se sit\u00faa entre el 94 % y el 100 %. Tanto para el c\u00e1ncer de pr\u00f3stata localizado como para el de alto riesgo, la prostatectom\u00eda radical asistida por robot ha demostrado ser el procedimiento de tratamiento m\u00e1s eficaz.\"\n    }\n  },{\n    \"@type\": \"Question\",\n    \"name\": \"\u00bfCu\u00e1nto tiempo lleva la recuperaci\u00f3n despu\u00e9s de una prostatectom\u00eda rob\u00f3tica?\",\n    \"acceptedAnswer\": {\n      \"@type\": \"Answer\",\n      \"text\": \"Despu\u00e9s de una prostatectom\u00eda rob\u00f3tica, el tiempo de recuperaci\u00f3n suele variar de unas pocas semanas a meses. Los pacientes pueden retomar sus actividades normales en un plazo de 4 a 6 semanas, mientras que la recuperaci\u00f3n completa puede tardar un a\u00f1o o m\u00e1s para una funci\u00f3n urinaria y sexual adecuada.\"\n    }\n  },{\n    \"@type\": \"Question\",\n    \"name\": \"\u00bfQui\u00e9n es candidato para la cirug\u00eda rob\u00f3tica de pr\u00f3stata?\",\n    \"acceptedAnswer\": {\n      \"@type\": \"Answer\",\n      \"text\": \"Los pacientes con diagn\u00f3stico de c\u00e1ncer de pr\u00f3stata en etapa temprana o localizado generalmente son candidatos adecuados, y una consulta con especialistas como el Dr. Razdan determinar\u00e1 el mejor plan de tratamiento.\"\n    }\n  },{\n    \"@type\": \"Question\",\n    \"name\": \"\u00bfCu\u00e1les son los signos que indican que se debe consultar a un especialista en c\u00e1ncer de pr\u00f3stata?\",\n    \"acceptedAnswer\": {\n      \"@type\": \"Answer\",\n      \"text\": \"Algunos signos comunes incluyen dificultad para orinar, micci\u00f3n frecuente, sangre en la orina y molestias p\u00e9lvicas.\"\n    }\n  }]\n}\n<\/script><\/p>\n","protected":false},"excerpt":{"rendered":"<p>El Dr. Sanjay Razdan, MD, MCh, FRCS (Glasg), es profesor y presidente del Instituto Internacional de Rob\u00f3tica para el C\u00e1ncer de Pr\u00f3stata, un centro de vanguardia y reconocimiento mundial, dedicado exclusivamente al tratamiento del c\u00e1ncer de pr\u00f3stata. Como uno de los l\u00edderes mundiales en cirug\u00eda rob\u00f3tica de pr\u00f3stata para el c\u00e1ncer de pr\u00f3stata, su serie [&hellip;]<\/p>\n","protected":false},"author":1,"featured_media":0,"parent":0,"menu_order":0,"comment_status":"closed","ping_status":"closed","template":"","meta":{"footnotes":""},"class_list":["post-2490","page","type-page","status-publish","hentry"],"_links":{"self":[{"href":"https:\/\/miamiroboticprostatectomy.com\/sp\/wp-json\/wp\/v2\/pages\/2490","targetHints":{"allow":["GET"]}}],"collection":[{"href":"https:\/\/miamiroboticprostatectomy.com\/sp\/wp-json\/wp\/v2\/pages"}],"about":[{"href":"https:\/\/miamiroboticprostatectomy.com\/sp\/wp-json\/wp\/v2\/types\/page"}],"author":[{"embeddable":true,"href":"https:\/\/miamiroboticprostatectomy.com\/sp\/wp-json\/wp\/v2\/users\/1"}],"replies":[{"embeddable":true,"href":"https:\/\/miamiroboticprostatectomy.com\/sp\/wp-json\/wp\/v2\/comments?post=2490"}],"version-history":[{"count":3,"href":"https:\/\/miamiroboticprostatectomy.com\/sp\/wp-json\/wp\/v2\/pages\/2490\/revisions"}],"predecessor-version":[{"id":2493,"href":"https:\/\/miamiroboticprostatectomy.com\/sp\/wp-json\/wp\/v2\/pages\/2490\/revisions\/2493"}],"wp:attachment":[{"href":"https:\/\/miamiroboticprostatectomy.com\/sp\/wp-json\/wp\/v2\/media?parent=2490"}],"curies":[{"name":"wp","href":"https:\/\/api.w.org\/{rel}","templated":true}]}}