{"id":25,"date":"2017-09-21T11:28:30","date_gmt":"2017-09-21T11:28:30","guid":{"rendered":"https:\/\/miamiroboticprostatectomy.com\/sp\/?page_id=25"},"modified":"2025-10-31T07:06:36","modified_gmt":"2025-10-31T11:06:36","slug":"membrana-amniotica","status":"publish","type":"page","link":"https:\/\/miamiroboticprostatectomy.com\/sp\/membrana-amniotica\/","title":{"rendered":"Membrana Amni\u00f3tica"},"content":{"rendered":"<p><iframe src=\"https:\/\/www.youtube.com\/embed\/hoHahLBWxCY?&amp;autohide=2&amp;modestbranding=1\" width=\"100%\" height=\"350px\" frameborder=\"0\" allowfullscreen=\"allowfullscreen\"><span data-mce-type=\"bookmark\" style=\"display: inline-block; width: 0px; overflow: hidden; line-height: 0;\" class=\"mce_SELRES_start\">\ufeff<\/span><\/iframe><\/p>\n<h3>Procedimiento revolucionario desarrollado por el Dr. Razdan<\/h3>\n<h5 class=\"pg-hdng\">Ayuda a lograr el retorno &#8220;temprano&#8221; de la funci\u00f3n sexual y el control urinario.<\/h5>\n<p>&#8220;El primer estudio prospectivo aleatorizado del mundo que utiliz\u00f3 la membrana amni\u00f3tica humana en pacientes con prostatectom\u00eda radical post-rob\u00f3tica se complet\u00f3 con \u00e9xito en el Instituto Internacional de Prostatectom\u00eda Rob\u00f3tica en Miami, Florida, y el \u00faltimo paciente se inscribi\u00f3 en noviembre de 2013&#8221;. .<\/p>\n<p><iframe src=\"https:\/\/www.youtube.com\/embed\/23xpEsmF0Aw?autoplay=1&amp;autohide=2&amp;modestbranding=1\" width=\"100%^\" height=\"315\" frameborder=\"0\" allowfullscreen=\"allowfullscreen\"><\/iframe><\/p>\n<p>Desde el estudio original en 2012-2013, el Dr. Razdan ha realizado m\u00e1s de <strong>3,000<\/strong> colocaciones de membranas amni\u00f3ticas. Es el <strong class=\"txt-red\">PRIMER CIRUJANO DEL MUNDO EN SER PIONERO Y UTILIZAR la<\/strong> membrana amni\u00f3tica humana en pacientes con c\u00e1ncer de pr\u00f3stata sometidos a cirug\u00eda rob\u00f3tica de pr\u00f3stata y es el <strong class=\"txt-blue\">L\u00cdDER MUNDIAL<\/strong> en esta t\u00e9cnica quir\u00fargica.<\/p>\n<p>Exploraremos el uso innovador de la membrana amni\u00f3tica. La membrana amni\u00f3tica es un extraordinario material biol\u00f3gico natural utilizado por uno de los cirujanos rob\u00f3ticos m\u00e1s experimentados del mundo.<\/p>\n<p>Conocer\u00e1 al Dr. Sanjay Razdan, un renombrado cirujano de c\u00e1ncer de pr\u00f3stata con sede en Miami y pionero en prostatectom\u00eda rob\u00f3tica, quien ha realizado m\u00e1s de 10\u00a0000 procedimientos.<\/p>\n<p>Descubra c\u00f3mo el Dr. Sanjay Razdan, especialista l\u00edder en Miami, est\u00e1 integrando la membrana amni\u00f3tica en la cirug\u00eda avanzada.<\/p>\n<p>Su investigaci\u00f3n ha dado lugar a resultados significativamente mejores en t\u00e9rminos de recuperaci\u00f3n temprana de la funci\u00f3n er\u00e9ctil, a veces d\u00edas despu\u00e9s de la extirpaci\u00f3n rob\u00f3tica de la pr\u00f3stata. El Dr. Razdan recibi\u00f3 el <b>PRIMER PREMIO<\/b> por su investigaci\u00f3n original sobre el uso de MEMBRANA DE <b>AMNIA HUMANA<\/b> en cirug\u00eda rob\u00f3tica de pr\u00f3stata en el Congreso Mundial de Endourolog\u00eda y Cirug\u00eda Rob\u00f3tica en Taiw\u00e1n en 2014.<\/p>\n<p>La cirug\u00eda rob\u00f3tica de pr\u00f3stata del Dr. Razdan es verdaderamente \u00fanica, especialmente su t\u00e9cnica de <b>PRESERVACI\u00d3N M\u00c1XIMA DE LA LONGITUD URETRAL (MULP)<\/b>, que ha dado como resultado que la mayor\u00eda de sus pacientes tengan un control urinario completo casi inmediatamente despu\u00e9s de la extracci\u00f3n del cat\u00e9ter. Esto, combinado con su novedosa t\u00e9cnica de preservaci\u00f3n nerviosa y el uso de membrana amni\u00f3tica humana, ha dado como <b>resultado EXCELENTES RESULTADOS EN T\u00c9RMINOS DE PRESERVACI\u00d3N DE CONTINENCIA URINARIA Y FUNCI\u00d3N ER\u00c9CTIL<\/b>.<\/p>\n<h2><strong>Un nuevo amanecer en la recuperaci\u00f3n postoperatoria: La revoluci\u00f3n de la membrana amni\u00f3tica<\/strong><\/h2>\n<p>Imagine una herramienta quir\u00fargica que no est\u00e1 hecha de acero ni de rob\u00f3tica, sino de una delicada barrera natural dise\u00f1ada para mejorar la cicatrizaci\u00f3n y brindar protecci\u00f3n. Esta herramienta es la membrana amni\u00f3tica. El Dr. Sanjay Razdan utiliza la membrana amni\u00f3tica para mejorar los resultados de pacientes en todo el mundo.<\/p>\n<p>El Dr. Razdan es reconocido como una autoridad mundial con experiencia en la realizaci\u00f3n de m\u00e1s de 10\u00a0000 prostatectom\u00edas rob\u00f3ticas. Incluso con t\u00e9cnicas avanzadas de preservaci\u00f3n de nervios, los fr\u00e1giles haces neurovasculares son cruciales para mantener la funci\u00f3n er\u00e9ctil y la continencia urinaria, ya que corren el riesgo de sufrir traumatismos, inflamaci\u00f3n y cicatrices tras la cirug\u00eda. El Dr. Razdan cre\u00eda que un vendaje biol\u00f3gico que contuviera factores de curaci\u00f3n naturales podr\u00eda ofrecer una capa de protecci\u00f3n esencial.<\/p>\n<p>La membrana amni\u00f3tica es una fuente inagotable de factores de crecimiento y citoquinas que pueden ser beneficiosas para:<\/p>\n<p><strong>Reducir la inflamaci\u00f3n:<\/strong><\/p>\n<p>La membrana amni\u00f3tica crea un entorno \u00f3ptimo para la recuperaci\u00f3n nerviosa y ayuda a proteger los nervios de la respuesta inflamatoria que se produce naturalmente tras la cirug\u00eda.<\/p>\n<p><strong>Prevenir la formaci\u00f3n de tejido cicatricial:<\/strong><\/p>\n<p>La membrana amni\u00f3tica puede inhibir la formaci\u00f3n de cicatrices, manteniendo as\u00ed las v\u00edas nerviosas despejadas y funcionales.<\/p>\n<h3><strong>Promover la regeneraci\u00f3n nerviosa:<\/strong><\/h3>\n<p>Los factores de crecimiento pueden mejorar la curaci\u00f3n y la regeneraci\u00f3n del tejido nervioso esencial. Al integrar esta innovaci\u00f3n basada en la naturaleza en sus procedimientos quir\u00fargicos rob\u00f3ticos altamente especializados, incluyendo la Preservaci\u00f3n M\u00e1xima de la Longitud Uretral (MULP), el Dr. Razdan ha establecido un est\u00e1ndar de oro para maximizar la calidad de vida y la supervivencia tras el tratamiento del c\u00e1ncer de pr\u00f3stata.<\/p>\n<p>Esta presentaci\u00f3n profundizar\u00e1 en la ciencia y los impresionantes resultados cl\u00ednicos de la membrana amni\u00f3tica, destacando el objetivo del Dr. Razdan de lograr el resultado \u00f3ptimo: curaci\u00f3n del c\u00e1ncer, continencia y funci\u00f3n sexual.<\/p>\n<h2><strong>Preguntas frecuentes sobre la membrana amni\u00f3tica<\/strong><\/h2>\n<p><strong>Pregunta 1. \u00bfQu\u00e9 es la membrana amni\u00f3tica?<\/strong><\/p>\n<p>Respuesta. La membrana amni\u00f3tica es una capa delgada e interna de la placenta, compuesta de material biol\u00f3gico que se desecha despu\u00e9s del nacimiento. Este tejido contiene numerosos factores de crecimiento y actualmente se considera un aloinjerto biol\u00f3gico capaz de favorecer la cicatrizaci\u00f3n y regeneraci\u00f3n de tejidos en el contexto quir\u00fargico.<\/p>\n<h4><strong>Pregunta 2. \u00bfPor qu\u00e9 el Dr. Razdan utiliza la membrana amni\u00f3tica durante la prostatectom\u00eda rob\u00f3tica?<\/strong><\/h4>\n<p>Respuesta. El Dr. Sanjay Razdan fue el primero en utilizarla para envolver los haces neurovasculares. Su funci\u00f3n es mediar un efecto protector, reducir la inflamaci\u00f3n, prevenir la formaci\u00f3n de cicatrices fibrosas y maximizar la recuperaci\u00f3n de la funci\u00f3n er\u00e9ctil y el control urinario.<\/p>\n<h4><strong>Pregunta 3: \u00bfCu\u00e1les son los principales beneficios del uso de esta membrana despu\u00e9s de la cirug\u00eda de c\u00e1ncer de pr\u00f3stata?<\/strong><\/h4>\n<p>Respuesta: Con esta membrana, los pacientes suelen experimentar una recuperaci\u00f3n m\u00e1s r\u00e1pida de la potencia y la continencia urinaria en comparaci\u00f3n con quienes no reciben el aloinjerto.<\/p>\n<h4><strong>Pregunta 4: \u00bfEs segura la membrana amni\u00f3tica y existen riesgos?<\/strong><\/h4>\n<p>Respuesta: S\u00ed, la membrana amni\u00f3tica\/cori\u00f3nica humana deshidratada (dHACM) se procesa de forma segura y se somete a pruebas rigurosas. Es un injerto biol\u00f3gicamente inerte con un riesgo muy bajo de rechazo o reacci\u00f3n cuando se utiliza como complemento quir\u00fargico.<\/p>\n<h4><strong>Pregunta 5: \u00bfInfluye el uso de la membrana amni\u00f3tica en los resultados del tratamiento del c\u00e1ncer?<\/strong><\/h4>\n<p>Respuesta: Los datos cl\u00ednicos sugieren que el uso de la membrana amni\u00f3tica no afecta negativamente los resultados oncol\u00f3gicos (control del c\u00e1ncer o tasas de recurrencia). Se utiliza exclusivamente como complemento para mejorar la recuperaci\u00f3n funcional tras la prostatectom\u00eda.<br \/>\n<script type=\"application\/ld+json\">\n{\n  \"@context\": \"https:\/\/schema.org\",\n  \"@type\": \"FAQPage\",\n  \"mainEntity\": [\n    {\n      \"@type\": \"Question\",\n      \"name\": \"\u00bfQu\u00e9 es la membrana amni\u00f3tica?\",\n      \"acceptedAnswer\": {\n        \"@type\": \"Answer\",\n        \"text\": \"La membrana amni\u00f3tica es una capa delgada e interna de la placenta, compuesta de material biol\u00f3gico que se desecha despu\u00e9s del nacimiento. Este tejido contiene numerosos factores de crecimiento y actualmente se considera un aloinjerto biol\u00f3gico capaz de favorecer la cicatrizaci\u00f3n y regeneraci\u00f3n de tejidos en el contexto quir\u00fargico.\"\n      }\n    },\n    {\n      \"@type\": \"Question\",\n      \"name\": \"\u00bfPor qu\u00e9 el Dr. Razdan utiliza la membrana amni\u00f3tica durante la prostatectom\u00eda rob\u00f3tica?\",\n      \"acceptedAnswer\": {\n        \"@type\": \"Answer\",\n        \"text\": \"El Dr. Sanjay Razdan fue el primero en utilizarla para envolver los haces neurovasculares. Su funci\u00f3n es mediar un efecto protector, reducir la inflamaci\u00f3n, prevenir la formaci\u00f3n de cicatrices fibrosas y maximizar la recuperaci\u00f3n de la funci\u00f3n er\u00e9ctil y el control urinario.\"\n      }\n    },\n    {\n      \"@type\": \"Question\",\n      \"name\": \"\u00bfCu\u00e1les son los principales beneficios del uso de esta membrana despu\u00e9s de la cirug\u00eda de c\u00e1ncer de pr\u00f3stata?\",\n      \"acceptedAnswer\": {\n        \"@type\": \"Answer\",\n        \"text\": \"Con esta membrana, los pacientes suelen experimentar una recuperaci\u00f3n m\u00e1s r\u00e1pida de la potencia y la continencia urinaria en comparaci\u00f3n con quienes no reciben el aloinjerto.\"\n      }\n    },\n    {\n      \"@type\": \"Question\",\n      \"name\": \"\u00bfEs segura la membrana amni\u00f3tica y existen riesgos?\",\n      \"acceptedAnswer\": {\n        \"@type\": \"Answer\",\n        \"text\": \"S\u00ed, la membrana amni\u00f3tica\/cori\u00f3nica humana deshidratada (dHACM) se procesa de forma segura y se somete a pruebas rigurosas. Es un injerto biol\u00f3gicamente inerte con un riesgo muy bajo de rechazo o reacci\u00f3n cuando se utiliza como complemento quir\u00fargico.\"\n      }\n    },\n    {\n      \"@type\": \"Question\",\n      \"name\": \"\u00bfInfluye el uso de la membrana amni\u00f3tica en los resultados del tratamiento del c\u00e1ncer?\",\n      \"acceptedAnswer\": {\n        \"@type\": \"Answer\",\n        \"text\": \"Los datos cl\u00ednicos sugieren que el uso de la membrana amni\u00f3tica no afecta negativamente los resultados oncol\u00f3gicos (control del c\u00e1ncer o tasas de recurrencia). Se utiliza exclusivamente como complemento para mejorar la recuperaci\u00f3n funcional tras la prostatectom\u00eda.\"\n      }\n    }\n  ]\n}\n<\/script><\/p>\n<p><iframe style=\"border: 0;\" src=\"https:\/\/www.google.com\/maps\/embed?pb=!1m14!1m8!1m3!1d14367.412158183242!2d-80.33006!3d25.808422!3m2!1i1024!2i768!4f13.1!3m3!1m2!1s0x0%3A0x6be16910198dacc1!2sDr.%20Sanjay%20Razdan!5e0!3m2!1sen!2sin!4v1642511173340!5m2!1sen!2sin\" width=\"100%\" height=\"400\" allowfullscreen=\"allowfullscreen\"><\/iframe><\/p>\n","protected":false},"excerpt":{"rendered":"<p>\ufeff Procedimiento revolucionario desarrollado por el Dr. Razdan Ayuda a lograr el retorno &#8220;temprano&#8221; de la funci\u00f3n sexual y el control urinario. &#8220;El primer estudio prospectivo aleatorizado del mundo que utiliz\u00f3 la membrana amni\u00f3tica humana en pacientes con prostatectom\u00eda radical post-rob\u00f3tica se complet\u00f3 con \u00e9xito en el Instituto Internacional de Prostatectom\u00eda Rob\u00f3tica en Miami, Florida, [&hellip;]<\/p>\n","protected":false},"author":1,"featured_media":0,"parent":0,"menu_order":0,"comment_status":"closed","ping_status":"closed","template":"","meta":{"footnotes":""},"class_list":["post-25","page","type-page","status-publish","hentry"],"_links":{"self":[{"href":"https:\/\/miamiroboticprostatectomy.com\/sp\/wp-json\/wp\/v2\/pages\/25","targetHints":{"allow":["GET"]}}],"collection":[{"href":"https:\/\/miamiroboticprostatectomy.com\/sp\/wp-json\/wp\/v2\/pages"}],"about":[{"href":"https:\/\/miamiroboticprostatectomy.com\/sp\/wp-json\/wp\/v2\/types\/page"}],"author":[{"embeddable":true,"href":"https:\/\/miamiroboticprostatectomy.com\/sp\/wp-json\/wp\/v2\/users\/1"}],"replies":[{"embeddable":true,"href":"https:\/\/miamiroboticprostatectomy.com\/sp\/wp-json\/wp\/v2\/comments?post=25"}],"version-history":[{"count":28,"href":"https:\/\/miamiroboticprostatectomy.com\/sp\/wp-json\/wp\/v2\/pages\/25\/revisions"}],"predecessor-version":[{"id":2591,"href":"https:\/\/miamiroboticprostatectomy.com\/sp\/wp-json\/wp\/v2\/pages\/25\/revisions\/2591"}],"wp:attachment":[{"href":"https:\/\/miamiroboticprostatectomy.com\/sp\/wp-json\/wp\/v2\/media?parent=25"}],"curies":[{"name":"wp","href":"https:\/\/api.w.org\/{rel}","templated":true}]}}