{"id":2566,"date":"2025-10-16T01:35:30","date_gmt":"2025-10-16T05:35:30","guid":{"rendered":"https:\/\/miamiroboticprostatectomy.com\/sp\/?page_id=2566"},"modified":"2025-10-16T01:35:30","modified_gmt":"2025-10-16T05:35:30","slug":"resonancia-magnetica-biopsia-prostata-fusion","status":"publish","type":"page","link":"https:\/\/miamiroboticprostatectomy.com\/sp\/resonancia-magnetica-biopsia-prostata-fusion\/","title":{"rendered":"Resonancia Magn\u00e9tica Biopsia Pr\u00f3stata Fusion"},"content":{"rendered":"<p><a href=\"https:\/\/miamiroboticprostatectomy.com\/sp\/wp-content\/uploads\/2025\/10\/Resonancia-Magnetica-Biopsia-Prostata-Fusion.webp\"><img decoding=\"async\" class=\"alignnone size-full wp-image-2567\" src=\"https:\/\/miamiroboticprostatectomy.com\/sp\/wp-content\/uploads\/2025\/10\/Resonancia-Magnetica-Biopsia-Prostata-Fusion.webp\" alt=\"Resonancia Magn\u00e9tica Biopsia Pr\u00f3stata Fusion\" width=\"900\" height=\"450\" title=\"\" srcset=\"https:\/\/miamiroboticprostatectomy.com\/sp\/wp-content\/uploads\/2025\/10\/Resonancia-Magnetica-Biopsia-Prostata-Fusion.webp 900w, https:\/\/miamiroboticprostatectomy.com\/sp\/wp-content\/uploads\/2025\/10\/Resonancia-Magnetica-Biopsia-Prostata-Fusion-300x150.webp 300w, https:\/\/miamiroboticprostatectomy.com\/sp\/wp-content\/uploads\/2025\/10\/Resonancia-Magnetica-Biopsia-Prostata-Fusion-768x384.webp 768w, https:\/\/miamiroboticprostatectomy.com\/sp\/wp-content\/uploads\/2025\/10\/Resonancia-Magnetica-Biopsia-Prostata-Fusion-50x25.webp 50w\" sizes=\"(max-width: 900px) 100vw, 900px\" \/><\/a><\/p>\n<p>Miami, Florida, 12 de octubre de 2020 &#8212; El Instituto Rob\u00f3tico Internacional para el C\u00e1ncer de Pr\u00f3stata, un centro de vanguardia reconocido mundialmente y dedicado exclusivamente al tratamiento del c\u00e1ncer de pr\u00f3stata, anunci\u00f3 hoy que es el primer centro del sur de Florida en presentar ARTEMIS, una innovadora soluci\u00f3n rob\u00f3tica para mejorar la focalizaci\u00f3n de las biopsias en el c\u00e1ncer de pr\u00f3stata. El Sistema Semi-Rob\u00f3tico de Biopsia por Fusi\u00f3n de Pr\u00f3stata Artemis 3D es la \u00faltima innovaci\u00f3n de Innomedicus. ARTEMIS es pionero y l\u00edder reconocido en biopsia de fusi\u00f3n guiada por imagen de pr\u00f3stata y terapia dirigida, con m\u00e1s de 10 a\u00f1os de experiencia cl\u00ednica y convincentes resultados cl\u00ednicos publicados.<\/p>\n<p>La fusi\u00f3n de im\u00e1genes de resonancia magn\u00e9tica m\u00faltiple (mpMRI) con ultrasonidos en tiempo real, junto con el seguimiento semi-rob\u00f3tico y electr\u00f3nico-mec\u00e1nico del \u00f3rgano y las agujas, ofrece ventajas cl\u00ednicas nunca antes vistas:<\/p>\n<p>Mejora significativa de la precisi\u00f3n de la biopsia de pr\u00f3stata;<br \/>\nNavegaci\u00f3n precisa de la aguja para identificar lesiones;<br \/>\nReproducci\u00f3n exacta del tratamiento para su an\u00e1lisis y rebiopsia.<\/p>\n<p>Diagnosticar el c\u00e1ncer de pr\u00f3stata puede ser un desaf\u00edo, y las biopsias convencionales y sistem\u00e1ticas a menudo no son concluyentes, lo que aumenta el riesgo de pasar por alto tumores de alto grado o de subestadificar lesiones para la vigilancia activa. El Dr. Razdan utiliza PROFUSE, la herramienta m\u00e1s avanzada de diagn\u00f3stico por imagen y detecci\u00f3n asistida por computadora para el c\u00e1ncer de pr\u00f3stata. Este software de vanguardia proporciona an\u00e1lisis en tiempo real de la mpMRI de la pr\u00f3stata, la notificaci\u00f3n de hallazgos y la preparaci\u00f3n de datos de RM para su fusi\u00f3n en el sistema de biopsia ARTEMIS. La biopsia de fusi\u00f3n de pr\u00f3stata es un avance significativo en la visualizaci\u00f3n diagn\u00f3stica que combina im\u00e1genes de ultrasonido en tiempo real con datos sobre la extensi\u00f3n y la ubicaci\u00f3n de las lesiones obtenidos por RM. Al fusionar sin problemas la informaci\u00f3n de la RM con im\u00e1genes de ultrasonido en tiempo real sin interrumpir el flujo de trabajo, esta tecnolog\u00eda proporciona gu\u00eda en tiempo real para ayudar a localizar y biopsiar lesiones con precisi\u00f3n y rapidez. Los detalles de la RM del departamento de radiolog\u00eda se pueden importar f\u00e1cilmente a ARTEMIS mediante PACS, USB, CD o una plataforma en la nube, lo que permite una transferencia de datos segura y conforme a la HIPAA.<\/p>\n<p>&#8220;Estoy muy contento de ser el primero en el sur de Florida en ofrecer ARTEMIS combinado con tecnolog\u00eda de Inteligencia Artificial (IA) recientemente aprobada por la FDA para nuestros pacientes&#8221;, dijo el Dr. Sanjay Razdan, profesor y presidente del Instituto Internacional de Rob\u00f3tica para el C\u00e1ncer de Pr\u00f3stata. Esta es la soluci\u00f3n que la comunidad urol\u00f3gica ha estado esperando, posible gracias a la combinaci\u00f3n de la experiencia de Artemis en procesamiento de im\u00e1genes m\u00e9dicas para la visualizaci\u00f3n del c\u00e1ncer con nuestra experiencia en ultrasonido especializado. A diferencia de las soluciones actuales para la fusi\u00f3n de resonancia magn\u00e9tica, donde el enfoque se centra en la resonancia magn\u00e9tica, el sistema de biopsia de fusi\u00f3n ARTEMIS, combinado con tecnolog\u00eda de inteligencia artificial, ha establecido un nuevo est\u00e1ndar en el cuidado integral de la pr\u00f3stata.<\/p>\n<p>\u201cNos entusiasma asociarnos con ARTEMIS para llevar esta innovaci\u00f3n en urolog\u00eda a nuestros pacientes\u201d, afirma el Dr. Razdan. La biopsia de fusi\u00f3n de pr\u00f3stata potencia la obtenci\u00f3n de im\u00e1genes por resonancia magn\u00e9tica en la consulta de urolog\u00eda, a la vez que ofrece los beneficios cl\u00ednicos centrados en el paciente de la biopsia dirigida, todo ello en la privacidad y comodidad de un entorno ambulatorio conveniente.<\/p>\n<p>El Dr. Sanjay Razdan es uno de los cirujanos rob\u00f3ticos de c\u00e1ncer de pr\u00f3stata con mayor experiencia del mundo, con los MEJORES resultados en t\u00e9rminos de control del c\u00e1ncer, continencia urinaria y funci\u00f3n er\u00e9ctil.<\/p>\n<p>El Instituto Internacional de Rob\u00f3tica para el C\u00e1ncer de Pr\u00f3stata ahora ofrece a los pacientes la tecnolog\u00eda m\u00e1s segura, eficiente y Proceso de biopsia preciso disponible en todo el sur de Florida. Guiados por im\u00e1genes de resonancia magn\u00e9tica en tiempo real y la primera Inteligencia Artificial (IA) aprobada por la FDA, los resultados ofrecen un grado significativo de confianza y precisi\u00f3n en comparaci\u00f3n con los m\u00e9todos de biopsia tradicionales. El Dr. Razdan conf\u00eda en que la biopsia guiada por fusi\u00f3n de ultrasonido y resonancia magn\u00e9tica con inteligencia artificial representa un gran avance en el campo de la urolog\u00eda, ayudando a los ur\u00f3logos a implementar biopsias m\u00e1s espec\u00edficas y precisas en su pr\u00e1ctica.<\/p>\n<p>El Dr. Razdan tiene la distinci\u00f3n de ser el primer onc\u00f3logo urol\u00f3gico del sur de Florida en emplear IA en todas sus biopsias de fusi\u00f3n de resonancia magn\u00e9tica.<\/p>\n<h2><strong>\u00bfCu\u00e1les son las dos v\u00edas por las que se pueden realizar biopsias de pr\u00f3stata?<\/strong><\/h2>\n<p>Existen varias maneras de realizar la biopsia. Su profesional de la salud le explicar\u00e1 las opciones y seleccionar\u00e1 el mejor m\u00e9todo para su afecci\u00f3n particular. Las opciones de biopsia incluyen:<\/p>\n<p>Biopsia transrectal: Su profesional de la salud extrae la muestra de tejido a trav\u00e9s del recto, la \u00faltima parte del intestino grueso (el colon).<br \/>\nBiopsia transperineal: Su proveedor extrae la muestra de tejido a trav\u00e9s del perineo, la zona de piel entre el ano y el escroto.<\/p>\n<h2><strong>\u00bfQu\u00e9 es una biopsia de pr\u00f3stata guiada por resonancia magn\u00e9tica multiparam\u00e9trica?<\/strong><\/h2>\n<p>Los profesionales de la salud tambi\u00e9n utilizan la tecnolog\u00eda de resonancia magn\u00e9tica y biopsias con aguja para realizar:<\/p>\n<p>Resonancia magn\u00e9tica multiparam\u00e9trica (RMmp): Su proveedor de atenci\u00f3n m\u00e9dica compara los resultados de una resonancia magn\u00e9tica est\u00e1ndar con un m\u00e9todo de RM m\u00e1s reciente. Una RMmp es muy sensible y puede identificar \u00e1reas cancerosas mejor que una resonancia magn\u00e9tica est\u00e1ndar. Generalmente, sigue siendo necesaria una biopsia de pr\u00f3stata, ya que la RMmp no puede detectar el c\u00e1ncer de pr\u00f3stata por s\u00ed sola.<\/p>\n<p>Biopsia de pr\u00f3stata guiada por fusi\u00f3n: Esta prueba de biopsia combina la tecnolog\u00eda de resonancia magn\u00e9tica y ecograf\u00eda transrectal (TRUS). En este caso, el profesional de la salud comienza con una resonancia magn\u00e9tica para detectar cualquier sospecha. Durante la biopsia, combina im\u00e1genes de resonancia magn\u00e9tica con ecograf\u00eda mediante un software avanzado y una sonda de ecograf\u00eda prost\u00e1tica. Estas im\u00e1genes ayudan a los profesionales a detectar con precisi\u00f3n el c\u00e1ncer y los tejidos.<\/p>\n<h2><strong>Beneficios de la biopsia de pr\u00f3stata guiada por fusi\u00f3n<\/strong><\/h2>\n<p>La biopsia de pr\u00f3stata guiada por resonancia magn\u00e9tica y ecograf\u00eda combina im\u00e1genes de resonancia magn\u00e9tica (RM) altamente detalladas con ecograf\u00eda.<\/p>\n<p>Biopsia guiada por fusi\u00f3n:<\/p>\n<p>Ofrece respuestas claras: Con una biopsia de pr\u00f3stata guiada por resonancia magn\u00e9tica, los m\u00e9dicos pueden diferenciar entre c\u00e1nceres de pr\u00f3stata agresivos y c\u00e1nceres de crecimiento lento.<br \/>\nDetecta tumores agresivos: La prueba mejora la capacidad del m\u00e9dico para detectar tumores de pr\u00f3stata que requieren tratamiento.<br \/>\nAyuda a prevenir procedimientos innecesarios: Con este m\u00e9todo de biopsia dirigida, puede evitar el tratamiento de tumores de pr\u00f3stata de crecimiento lento o repetir las biopsias de pr\u00f3stata.<\/p>\n<p>Para programar su cita o para obtener m\u00e1s informaci\u00f3n sobre la biopsia de fusi\u00f3n de pr\u00f3stata por resonancia magn\u00e9tica, ll\u00e1menos al <a href=\"tel:1-305-251-8650\">305-251-8650<\/a>.<\/p>\n<h4><strong>Preguntas frecuentes<\/strong><\/h4>\n<h5><strong>Pregunta: \u00bfQu\u00e9 significan los resultados de la biopsia?<\/strong><\/h5>\n<p>Respuesta: Los resultados de su biopsia pueden ser:<\/p>\n<p>Negativo: No hay signos de c\u00e9lulas cancerosas. Es posible obtener un resultado falso negativo. Esto significa que tiene c\u00e1ncer aunque la prueba indique lo contrario.<\/p>\n<p>Positivo: Hay c\u00e9lulas cancerosas, lo que indica c\u00e1ncer de pr\u00f3stata. Su m\u00e9dico le explicar\u00e1 los siguientes pasos, como las opciones de tratamiento o la vigilancia.<br \/>\nSospechoso: Los resultados fueron anormales y no se pudo descartar el c\u00e1ncer. Su m\u00e9dico podr\u00eda solicitar pruebas adicionales u otra biopsia en unos meses.<\/p>\n<h5><strong>Pregunta: \u00bfEs dolorosa la biopsia de fusi\u00f3n por resonancia magn\u00e9tica?<\/strong><\/h5>\n<p>Respuesta: Gracias al uso de analgesia local y al bloqueo del haz nervioso periprost\u00e1tico, la biopsia de fusi\u00f3n de pr\u00f3stata no es un procedimiento doloroso.<\/p>\n<h5><strong>Pregunta: \u00bfCu\u00e1nto dura una biopsia de fusi\u00f3n por resonancia magn\u00e9tica?<\/strong><\/h5>\n<p>Respuesta: La mayor\u00eda de los procedimientos se realizan en dos visitas separadas. La primera visita requiere una resonancia magn\u00e9tica de pr\u00f3stata y dura aproximadamente 45 minutos. Este procedimiento no requiere sedaci\u00f3n. En la segunda visita, se realiza una biopsia transrectal fusionada con ecograf\u00eda.<\/p>\n","protected":false},"excerpt":{"rendered":"<p>Miami, Florida, 12 de octubre de 2020 &#8212; El Instituto Rob\u00f3tico Internacional para el C\u00e1ncer de Pr\u00f3stata, un centro de vanguardia reconocido mundialmente y dedicado exclusivamente al tratamiento del c\u00e1ncer de pr\u00f3stata, anunci\u00f3 hoy que es el primer centro del sur de Florida en presentar ARTEMIS, una innovadora soluci\u00f3n rob\u00f3tica para mejorar la focalizaci\u00f3n de [&hellip;]<\/p>\n","protected":false},"author":1,"featured_media":0,"parent":0,"menu_order":0,"comment_status":"closed","ping_status":"closed","template":"","meta":{"footnotes":""},"class_list":["post-2566","page","type-page","status-publish","hentry"],"_links":{"self":[{"href":"https:\/\/miamiroboticprostatectomy.com\/sp\/wp-json\/wp\/v2\/pages\/2566","targetHints":{"allow":["GET"]}}],"collection":[{"href":"https:\/\/miamiroboticprostatectomy.com\/sp\/wp-json\/wp\/v2\/pages"}],"about":[{"href":"https:\/\/miamiroboticprostatectomy.com\/sp\/wp-json\/wp\/v2\/types\/page"}],"author":[{"embeddable":true,"href":"https:\/\/miamiroboticprostatectomy.com\/sp\/wp-json\/wp\/v2\/users\/1"}],"replies":[{"embeddable":true,"href":"https:\/\/miamiroboticprostatectomy.com\/sp\/wp-json\/wp\/v2\/comments?post=2566"}],"version-history":[{"count":1,"href":"https:\/\/miamiroboticprostatectomy.com\/sp\/wp-json\/wp\/v2\/pages\/2566\/revisions"}],"predecessor-version":[{"id":2568,"href":"https:\/\/miamiroboticprostatectomy.com\/sp\/wp-json\/wp\/v2\/pages\/2566\/revisions\/2568"}],"wp:attachment":[{"href":"https:\/\/miamiroboticprostatectomy.com\/sp\/wp-json\/wp\/v2\/media?parent=2566"}],"curies":[{"name":"wp","href":"https:\/\/api.w.org\/{rel}","templated":true}]}}