{"id":2569,"date":"2025-10-16T01:44:09","date_gmt":"2025-10-16T05:44:09","guid":{"rendered":"https:\/\/miamiroboticprostatectomy.com\/sp\/?page_id=2569"},"modified":"2025-10-16T01:44:09","modified_gmt":"2025-10-16T05:44:09","slug":"prostatectomia-robotica-con-preservacion-nerviosa","status":"publish","type":"page","link":"https:\/\/miamiroboticprostatectomy.com\/sp\/prostatectomia-robotica-con-preservacion-nerviosa\/","title":{"rendered":"Prostatectom\u00eda Rob\u00f3tica Con Preservaci\u00f3n Nerviosa"},"content":{"rendered":"<h2><strong>\u00bfPor qu\u00e9 se realiza una prostatectom\u00eda?<\/strong><\/h2>\n<p>La prostatectom\u00eda es un procedimiento para curar el c\u00e1ncer de pr\u00f3stata localizado. Puede utilizarse sola o en combinaci\u00f3n con radioterapia, quimioterapia y terapia hormonal. La prostatectom\u00eda para tratar el c\u00e1ncer de pr\u00f3stata implica la extirpaci\u00f3n completa de la pr\u00f3stata, las ves\u00edculas seminales y parte del tejido circundante, incluidos los ganglios linf\u00e1ticos. La prostatectom\u00eda radical, que implica la extirpaci\u00f3n completa de la pr\u00f3stata, es el procedimiento de referencia para la mayor\u00eda de los pacientes con c\u00e1ncer de pr\u00f3stata confinado en el \u00f3rgano. Su atractivo reside en la certeza que ofrece al extirpar la enfermedad de una sola vez. Se considera la forma m\u00e1s segura de erradicar el c\u00e1ncer, pero puede presentar efectos secundarios si no la realiza un cirujano experto en c\u00e1ncer de pr\u00f3stata.<\/p>\n<h3><strong>Riesgos de la prostatectom\u00eda radical:<\/strong><\/h3>\n<p>La prostatectom\u00eda radical tradicional se realiza utilizando m\u00e1rgenes amplios alrededor de la pr\u00f3stata, lo que da\u00f1a los nervios que controlan el suministro de sangre al pene. Esto puede provocar incontinencia urinaria (incapacidad para controlar la orina) y disfunci\u00f3n er\u00e9ctil (incapacidad para lograr una erecci\u00f3n).<\/p>\n<h2><strong>\u00bfQu\u00e9 es la prostatectom\u00eda rob\u00f3tica?<\/strong><\/h2>\n<p>En una prostatectom\u00eda rob\u00f3tica, la cirug\u00eda m\u00ednimamente invasiva se realiza utilizando el sistema rob\u00f3tico Davinci. El Dr. Razdan se sienta en un panel de control en el quir\u00f3fano y mueve los brazos rob\u00f3ticos para operar a trav\u00e9s de varias incisiones peque\u00f1as en el abdomen del paciente. La rob\u00f3tica quir\u00fargica combina t\u00e9cnicas m\u00ednimamente invasivas con tecnolog\u00eda cl\u00ednica y experiencia altamente avanzadas. La cirug\u00eda rob\u00f3tica proporciona visi\u00f3n 3D y direcci\u00f3n precisa que permiten un enfoque muy preciso que preserva los nervios. Este enfoque ofrece algunas ventajas clave, entre ellas:<\/p>\n<ul>\n<li>Incisiones m\u00e1s peque\u00f1as y menos cicatrices<\/li>\n<li>Menor p\u00e9rdida de sangre (&lt;50-100 ml)<\/li>\n<li>Menor necesidad de transfusiones sangu\u00edneas (&lt;0,1 %)<\/li>\n<li>Estancia hospitalaria corta (1 d\u00eda para la mayor\u00eda de los pacientes, pero muchos pueden irse a casa el mismo d\u00eda)<\/li>\n<li>M\u00ednima necesidad de analg\u00e9sicos<\/li>\n<li>Tiempo de recuperaci\u00f3n corto y r\u00e1pida reincorporaci\u00f3n a la actividad normal (de dos a tres semanas)<\/li>\n<li>Recuperaci\u00f3n temprana de la funci\u00f3n sexual<\/li>\n<li>Bajo riesgo de incontinencia urinaria<\/li>\n<li>Preservaci\u00f3n de gran parte de las estructuras nerviosas circundantes responsables de las erecciones peneanas<\/li>\n<\/ul>\n<h2><strong>Preservaci\u00f3n nerviosa en cirug\u00eda rob\u00f3tica<\/strong><\/h2>\n<p>Durante la cirug\u00eda rob\u00f3tica de c\u00e1ncer de pr\u00f3stata, la c\u00e1mara y los instrumentos de alta definici\u00f3n del sistema rob\u00f3tico ofrecen al cirujano una visi\u00f3n m\u00e1s clara de la pr\u00f3stata y las estructuras circundantes. Esta precisi\u00f3n permite preservar los haces neurovasculares, algo que no habr\u00eda sido posible con los m\u00e9todos quir\u00fargicos tradicionales. Al preservar estos nervios, la cirug\u00eda busca reducir el riesgo de disfunci\u00f3n er\u00e9ctil e incontinencia urinaria posoperatoria, preocupaciones comunes en pacientes sometidos a cirug\u00eda de c\u00e1ncer de pr\u00f3stata.<\/p>\n<h2><strong>\u00bfPor qu\u00e9 es importante la preservaci\u00f3n de nervios?<\/strong><\/h2>\n<p>La preservaci\u00f3n de la disfunci\u00f3n er\u00e9ctil y la incontinencia urinaria es crucial para muchos pacientes con c\u00e1ncer de pr\u00f3stata. Despu\u00e9s de la cirug\u00eda, muchos pacientes temen la p\u00e9rdida de la funci\u00f3n sexual y la posibilidad de necesitar usar compresas o someterse a tratamientos adicionales para el control de la vejiga. Por lo tanto, las t\u00e9cnicas de preservaci\u00f3n de nervios buscan mejorar estos resultados facilitando la recuperaci\u00f3n funcional posoperatoria y mejorando el bienestar general del paciente.<\/p>\n<h2><strong>\u00bfC\u00f3mo encaja la cirug\u00eda rob\u00f3tica de c\u00e1ncer de pr\u00f3stata en el protocolo general de tratamiento?<\/strong><\/h2>\n<p>La cirug\u00eda rob\u00f3tica de c\u00e1ncer de pr\u00f3stata forma parte de un plan de tratamiento m\u00e1s amplio para pacientes diagnosticados con c\u00e1ncer de pr\u00f3stata. Una vez que se diagnostica c\u00e1ncer de pr\u00f3stata, las opciones de tratamiento se consideran seg\u00fan el estadio, la ubicaci\u00f3n y el pron\u00f3stico general del c\u00e1ncer.<\/p>\n<h3><strong>Diagn\u00f3stico inicial y estadificaci\u00f3n<\/strong><\/h3>\n<p>El primer paso para determinar si la cirug\u00eda rob\u00f3tica para el c\u00e1ncer de pr\u00f3stata es un tratamiento adecuado es el proceso de diagn\u00f3stico y estadificaci\u00f3n. Esto incluye una combinaci\u00f3n de pruebas de PSA, tacto rectal (TR) y biopsias de pr\u00f3stata, as\u00ed como t\u00e9cnicas de imagen como resonancia magn\u00e9tica o tomograf\u00eda computarizada. Estas pruebas ayudan a determinar el estadio del c\u00e1ncer y si las t\u00e9cnicas de preservaci\u00f3n nerviosa son viables seg\u00fan la ubicaci\u00f3n del tumor.<\/p>\n<h3><strong>Tratamiento quir\u00fargico<\/strong><\/h3>\n<p>Para pacientes con c\u00e1ncer de pr\u00f3stata localizado, la prostatectom\u00eda radical rob\u00f3tica con t\u00e9cnicas de preservaci\u00f3n nerviosa puede ser el tratamiento de elecci\u00f3n. Esta cirug\u00eda tiene como objetivo extirpar la gl\u00e1ndula prost\u00e1tica, preservando los nervios circundantes y minimizando el riesgo de recurrencia. Si no es posible preservar los nervios, se pueden ofrecer a los pacientes tratamientos alternativos, como la radioterapia, seg\u00fan su afecci\u00f3n.<\/p>\n<h3><strong>Monitoreo y recuperaci\u00f3n posoperatoria<\/strong><\/h3>\n<p>Despu\u00e9s de la cirug\u00eda de c\u00e1ncer de pr\u00f3stata, los pacientes son monitoreados de cerca para detectar complicaciones como infecciones, incontinencia y disfunci\u00f3n er\u00e9ctil. Dependiendo del grado de preservaci\u00f3n nerviosa, los tiempos de recuperaci\u00f3n de la funci\u00f3n er\u00e9ctil y la continencia urinaria pueden variar. Se pueden recomendar programas de rehabilitaci\u00f3n para ayudar a los pacientes a recuperar el control de la funci\u00f3n urinaria y sexual.<\/p>\n<h2><strong>Beneficios de la Prostatectom\u00eda Rob\u00f3tica con Preservaci\u00f3n Nerviosa:<\/strong><\/h2>\n<p>El Dr. Razdan fue pionero en un novedoso sistema de clasificaci\u00f3n intraoperatoria para la preservaci\u00f3n nerviosa. Su enfoque de preservaci\u00f3n nerviosa es un tipo de cirug\u00eda \u00fanico que protege los nervios cercanos a los tejidos que se extirpan. Su t\u00e9cnica \u00fanica de preservaci\u00f3n nerviosa sin clips ha permitido que miles de pacientes conserven la funci\u00f3n er\u00e9ctil y la longitud del pene despu\u00e9s de la prostatectom\u00eda rob\u00f3tica.<\/p>\n<p>La prostatectom\u00eda rob\u00f3tica con preservaci\u00f3n nerviosa del Dr. Razdan ofrece a los pacientes con c\u00e1ncer una t\u00e9cnica segura y m\u00ednimamente invasiva para la extirpaci\u00f3n de la pr\u00f3stata. La prostatectom\u00eda rob\u00f3tica ofrece numerosos beneficios. El equipo de alta tecnolog\u00eda utilizado para realizar esta cirug\u00eda permite al cirujano operar a trav\u00e9s de peque\u00f1os puertos mientras visualiza los \u00f3rganos internos en alta definici\u00f3n. La prostatectom\u00eda rob\u00f3tica con preservaci\u00f3n nerviosa permite a los cirujanos operar con la misma flexibilidad y facilidad que un cirujano abierto al realizar una prostatectom\u00eda.<\/p>\n<p>Datos cl\u00ednicos recientes han demostrado que los resultados suelen ser mejores cuando la realiza un cirujano de c\u00e1ncer de pr\u00f3stata con un alto volumen de casos.<\/p>\n<h4><strong>Conclusiones:<\/strong><\/h4>\n<p>En general, con la llegada de nuevas tecnolog\u00edas y alternativas m\u00e1s seguras a los tratamientos invasivos, se han reducido los riesgos asociados a la cirug\u00eda de c\u00e1ncer de pr\u00f3stata. Al combinar los \u00faltimos avances tecnol\u00f3gicos con im\u00e1genes 3D en la prostatectom\u00eda rob\u00f3tica con preservaci\u00f3n nerviosa, se ha aumentado la esperanza de vida de los pacientes con c\u00e1ncer de pr\u00f3stata y se han acortado los tiempos de recuperaci\u00f3n.<\/p>\n<h4><strong>Preguntas frecuentes<\/strong><\/h4>\n<h5><strong>\u00bfPueden todos los pacientes con c\u00e1ncer de pr\u00f3stata someterse a una cirug\u00eda con preservaci\u00f3n nerviosa?<\/strong><\/h5>\n<p>R: La cirug\u00eda con preservaci\u00f3n nerviosa suele ser adecuada solo para pacientes con c\u00e1ncer de pr\u00f3stata localizado. Si el c\u00e1ncer se ha propagado a los tejidos circundantes o est\u00e1 cerca de los nervios, es posible que la preservaci\u00f3n nerviosa no sea posible.<\/p>\n<h5><strong>\u00bfEn qu\u00e9 se diferencia la cirug\u00eda rob\u00f3tica de c\u00e1ncer de pr\u00f3stata de la cirug\u00eda tradicional?<\/strong><\/h5>\n<p>R: La cirug\u00eda rob\u00f3tica de c\u00e1ncer de pr\u00f3stata es m\u00ednimamente invasiva y solo requiere peque\u00f1as incisiones. Ofrece mayor precisi\u00f3n, mayor probabilidad de preservar los nervios y tiempos de recuperaci\u00f3n m\u00e1s r\u00e1pidos en comparaci\u00f3n con la prostatectom\u00eda abierta tradicional.<\/p>\n<h5><strong>\u00bfCu\u00e1nto tiempo dura la recuperaci\u00f3n de la cirug\u00eda rob\u00f3tica de c\u00e1ncer de pr\u00f3stata?<\/strong><\/h5>\n<p>El tiempo de recuperaci\u00f3n var\u00eda, pero la mayor\u00eda de los pacientes experimentan estancias hospitalarias m\u00e1s cortas y una reincorporaci\u00f3n m\u00e1s r\u00e1pida a sus actividades cotidianas en comparaci\u00f3n con la cirug\u00eda tradicional.<\/p>\n<p>Para programar una consulta con el Dr. Razdan, cont\u00e1ctenos hoy mismo.<\/p>\n<p><iframe style=\"border: 0;\" src=\"https:\/\/www.google.com\/maps\/embed?pb=!1m14!1m8!1m3!1d14367.412158183242!2d-80.33006!3d25.808422!3m2!1i1024!2i768!4f13.1!3m3!1m2!1s0x0%3A0x6be16910198dacc1!2sDr.%20Sanjay%20Razdan!5e0!3m2!1sen!2sin!4v1642511173340!5m2!1sen!2sin\" width=\"100%\" height=\"400\" allowfullscreen=\"allowfullscreen\"><\/iframe><\/p>\n","protected":false},"excerpt":{"rendered":"<p>\u00bfPor qu\u00e9 se realiza una prostatectom\u00eda? La prostatectom\u00eda es un procedimiento para curar el c\u00e1ncer de pr\u00f3stata localizado. Puede utilizarse sola o en combinaci\u00f3n con radioterapia, quimioterapia y terapia hormonal. La prostatectom\u00eda para tratar el c\u00e1ncer de pr\u00f3stata implica la extirpaci\u00f3n completa de la pr\u00f3stata, las ves\u00edculas seminales y parte del tejido circundante, incluidos los [&hellip;]<\/p>\n","protected":false},"author":1,"featured_media":0,"parent":0,"menu_order":0,"comment_status":"closed","ping_status":"closed","template":"","meta":{"footnotes":""},"class_list":["post-2569","page","type-page","status-publish","hentry"],"_links":{"self":[{"href":"https:\/\/miamiroboticprostatectomy.com\/sp\/wp-json\/wp\/v2\/pages\/2569","targetHints":{"allow":["GET"]}}],"collection":[{"href":"https:\/\/miamiroboticprostatectomy.com\/sp\/wp-json\/wp\/v2\/pages"}],"about":[{"href":"https:\/\/miamiroboticprostatectomy.com\/sp\/wp-json\/wp\/v2\/types\/page"}],"author":[{"embeddable":true,"href":"https:\/\/miamiroboticprostatectomy.com\/sp\/wp-json\/wp\/v2\/users\/1"}],"replies":[{"embeddable":true,"href":"https:\/\/miamiroboticprostatectomy.com\/sp\/wp-json\/wp\/v2\/comments?post=2569"}],"version-history":[{"count":1,"href":"https:\/\/miamiroboticprostatectomy.com\/sp\/wp-json\/wp\/v2\/pages\/2569\/revisions"}],"predecessor-version":[{"id":2570,"href":"https:\/\/miamiroboticprostatectomy.com\/sp\/wp-json\/wp\/v2\/pages\/2569\/revisions\/2570"}],"wp:attachment":[{"href":"https:\/\/miamiroboticprostatectomy.com\/sp\/wp-json\/wp\/v2\/media?parent=2569"}],"curies":[{"name":"wp","href":"https:\/\/api.w.org\/{rel}","templated":true}]}}