{"id":2579,"date":"2025-10-16T08:54:22","date_gmt":"2025-10-16T12:54:22","guid":{"rendered":"https:\/\/miamiroboticprostatectomy.com\/sp\/?page_id=2579"},"modified":"2025-10-16T08:54:22","modified_gmt":"2025-10-16T12:54:22","slug":"niveles-de-psa-despues-de-la-prostatectomia","status":"publish","type":"page","link":"https:\/\/miamiroboticprostatectomy.com\/sp\/niveles-de-psa-despues-de-la-prostatectomia\/","title":{"rendered":"Niveles de PSA despu\u00e9s de la prostatectom\u00eda"},"content":{"rendered":"<p>El objetivo de una prostatectom\u00eda es extirpar todo el c\u00e1ncer o la mayor parte posible. Si el c\u00e1ncer no se ha propagado, este procedimiento podr\u00eda curarlo. Sin embargo, ninguna cirug\u00eda es perfecta. El c\u00e1ncer de pr\u00f3stata puede reaparecer despu\u00e9s de una prostatectom\u00eda. Aunque los cirujanos extirpan la gl\u00e1ndula prost\u00e1tica durante la prostatectom\u00eda, algunas c\u00e9lulas cancerosas pueden desplazarse al tejido circundante. Si estas c\u00e9lulas cancerosas se multiplican, pueden provocar la reaparici\u00f3n del c\u00e1ncer de pr\u00f3stata. El PSA, o ant\u00edgeno prost\u00e1tico espec\u00edfico, es una prote\u00edna producida tanto por las c\u00e9lulas normales como por las cancerosas de la pr\u00f3stata. Despu\u00e9s de una prostatectom\u00eda, los niveles de PSA en sangre deber\u00edan descender a niveles indetectables en un plazo de seis a ocho semanas.<\/p>\n<h2><strong>\u00bfPor qu\u00e9 se requiere la prueba de PSA despu\u00e9s de la cirug\u00eda?<\/strong><\/h2>\n<p>Una prueba de PSA regular despu\u00e9s de una prostatectom\u00eda permite a su m\u00e9dico realizar un seguimiento de su tratamiento. Puede ayudarle a determinar la eficacia de la cirug\u00eda y si el c\u00e1ncer ha reaparecido. Si bien el PSA no siempre es confiable para la detecci\u00f3n general del c\u00e1ncer, es un indicador eficaz de recurrencia. Un nivel de PSA alto o en aumento podr\u00eda significar que a\u00fan hay c\u00e9lulas cancerosas circulando en el cuerpo. Si se ha sometido a una prostatectom\u00eda o a una extirpaci\u00f3n quir\u00fargica de la pr\u00f3stata debido a un c\u00e1ncer de pr\u00f3stata, la prueba del ant\u00edgeno prost\u00e1tico espec\u00edfico (PSA) sigue siendo esencial.<\/p>\n<h3><strong>\u00bfC\u00f3mo interpretar los resultados de la prueba de PSA?<\/strong><\/h3>\n<p>La interpretaci\u00f3n de las pruebas de PSA puede ser dif\u00edcil. Adem\u00e1s, las pruebas pueden variar de un laboratorio a otro. Para garantizar una comparaci\u00f3n precisa, es fundamental utilizar el mismo laboratorio cada vez que se realice la prueba. Una forma m\u00e1s precisa de determinar si tiene c\u00e1ncer es analizar la rapidez con la que aumentan los niveles de PSA. Si su nivel de PSA es bajo y no aumenta despu\u00e9s de varias pruebas, probablemente no se trate de una recurrencia del c\u00e1ncer. Esto se debe a que otras c\u00e9lulas prost\u00e1ticas residuales no cancerosas en el cuerpo pueden producir peque\u00f1as cantidades de PSA. Si el resultado es mayor o igual a 0.2 ng\/mL y aumenta en dos pruebas separadas realizadas con al menos dos semanas de diferencia, se denomina reca\u00edda bioqu\u00edmica. A\u00fan tiene PSA en el torrente sangu\u00edneo. Existe la posibilidad de que el c\u00e1ncer haya reaparecido. Un nivel de PSA superior a este puede indicar un tumor localmente avanzado.<\/p>\n<h3><strong>C\u00f3mo se controlan los niveles de PSA despu\u00e9s de una prostatectom\u00eda<\/strong><\/h3>\n<p>Despu\u00e9s de una prostatectom\u00eda, la evaluaci\u00f3n de los niveles de PSA generalmente implica an\u00e1lisis de sangre. Por lo general, los niveles de PSA se controlan cada 3 a 6 meses durante los primeros 2 a\u00f1os y, posteriormente, anualmente. El control regular de los niveles de PSA permite al m\u00e9dico evaluar si hay signos de reaparici\u00f3n del c\u00e1ncer.<\/p>\n<h3><strong>Rangos de niveles de PSA y su significado<\/strong><\/h3>\n<p><strong>A continuaci\u00f3n, se presenta una clasificaci\u00f3n aproximada de los niveles de PSA despu\u00e9s de una prostatectom\u00eda:<\/strong><\/p>\n<ul>\n<li><strong>&lt; 0,1 ng\/mL:<\/strong> Se considera un nivel de PSA indetectable, lo que generalmente indica que se ha extirpado todo el tejido prost\u00e1tico y el c\u00e1ncer como resultado de la cirug\u00eda.<\/li>\n<li><strong>0,1 &#8211; 0,2 ng\/mL:<\/strong> Este nivel puede ser normal en algunos casos, pero sugiere que puede quedar algo de tejido. Se requiere monitoreo continuo para determinar si el PSA aumenta.<\/li>\n<li><strong>&gt; 0,2 ng\/mL:<\/strong> Este es el umbral que se utiliza com\u00fanmente para definir la recurrencia bioqu\u00edmica. Un nivel de PSA superior a 0,2 ng\/mL que posteriormente aumenta indica un resurgimiento del c\u00e1ncer.<\/li>\n<\/ul>\n<p><strong>\u00bfQu\u00e9 sucede si los niveles de PSA aumentan?<\/strong><\/p>\n<p>Si los niveles de PSA aumentan despu\u00e9s de la prostatectom\u00eda, se requieren estudios adicionales. El m\u00e9dico puede recomendar im\u00e1genes adicionales, como gammagraf\u00edas \u00f3seas, tomograf\u00edas computarizadas o resonancias magn\u00e9ticas, para evaluar si el c\u00e1ncer se ha propagado o ha reaparecido.<\/p>\n<p>Las opciones de tratamiento para la recurrencia pueden variar, incluyendo:<\/p>\n<ul>\n<li><strong>Radioterapia de rescate:<\/strong> Si el c\u00e1ncer ha reaparecido y se diagnostica a tiempo, la radioterapia dirigida al lecho prost\u00e1tico (la zona donde se encontraba la pr\u00f3stata) suele ser eficaz para eliminar las c\u00e9lulas cancerosas restantes.<\/li>\n<li><strong>Terapia hormonal:<\/strong> Si el c\u00e1ncer se ha propagado o si la radiaci\u00f3n no es eficaz, se utiliza terapia hormonal para reducir los niveles de testosterona que impulsan el crecimiento de las c\u00e9lulas cancerosas.<\/li>\n<li><strong>Quimioterapia:<\/strong> Si el c\u00e1ncer se ha propagado a otras partes del cuerpo, tambi\u00e9n se puede utilizar.<\/li>\n<\/ul>\n<h3><strong>Impacto emocional y psicol\u00f3gico de los niveles de PSA<\/strong><\/h3>\n<p>El posoperatorio puede ser un momento emotivo para el paciente. La idea de aumentar los niveles de PSA puede ser ciertamente angustiante. Es fundamental saber que el c\u00e1ncer de pr\u00f3stata se puede controlar eficazmente, incluso si puede reaparecer. Hablar con un proveedor, unirse a un grupo o buscar asesoramiento puede ayudar a los hombres a lidiar con la ansiedad que acompa\u00f1a a la incertidumbre sobre el significado de los cambios en el nivel de PSA.<br \/>\nNiveles altos de PSA y tratamiento:<\/p>\n<p>Es posible que no necesite tratamiento inmediato. Si se ha realizado varias pruebas de PSA y parece que su nivel de PSA est\u00e1 aumentando, varios factores influir\u00e1n en los siguientes pasos. Estos factores incluyen:<\/p>\n<ul>\n<li style=\"list-style-type: none;\">\n<ul>\n<li>Edad y esperanza de vida<\/li>\n<li>Salud general<\/li>\n<li>Grado y agresividad del c\u00e1ncer<\/li>\n<li>Si el c\u00e1ncer se ha propagado y ad\u00f3nde<\/li>\n<li>Tratamientos previos<\/li>\n<\/ul>\n<\/li>\n<\/ul>\n<p>En algunos casos, los niveles altos de PSA en sangre no se deben a c\u00e9lulas cancerosas. Algunos factores que pueden afectar los niveles de PSA incluyen la edad avanzada, la medicaci\u00f3n y el origen \u00e9tnico. El m\u00e9dico tendr\u00e1 en cuenta estos factores y el historial m\u00e9dico de la persona al analizar los resultados de las pruebas. Esto puede ayudarle a decidir si los niveles de PSA son lo suficientemente altos como para ser motivo de preocupaci\u00f3n.<\/p>\n<h3><strong>Conclusi\u00f3n:<\/strong><\/h3>\n<p>Es fundamental hacerse la prueba de PSA cada pocos meses despu\u00e9s de la operaci\u00f3n. Realizarse pruebas de detecci\u00f3n de c\u00e1ncer con frecuencia puede causar mucha ansiedad, y los resultados poco claros pueden preocuparle. Un poco de informaci\u00f3n puede ayudarle a calmar sus temores. Antes de hacerse esta prueba, inf\u00f3rmese sobre qu\u00e9 esperar. Preg\u00fantele al Dr. Razdan qu\u00e9 podr\u00edan significar sus resultados y qu\u00e9 ocurrir\u00e1 si su nivel de PSA es m\u00e1s alto de lo normal. Descubrir que su nivel de PSA es m\u00e1s alto de lo normal puede ser muy estresante. Es posible que necesite m\u00e1s tratamiento o que pueda esperar y hacerse pruebas de PSA con regularidad para controlar su c\u00e1ncer.<\/p>\n<h2><strong>Preguntas frecuentes:<\/strong><\/h2>\n<h4><strong>Pregunta 1. Si tengo niveles de PSA elevados despu\u00e9s de una prostatectom\u00eda, \u00bfqu\u00e9 significa?<\/strong><\/h4>\n<p>Respuesta. Un nivel de PSA elevado despu\u00e9s de una prostatectom\u00eda puede indicar que el c\u00e1ncer de pr\u00f3stata ha reaparecido o que se dej\u00f3 tejido prost\u00e1tico durante la cirug\u00eda.<\/p>\n<h4><strong>Pregunta 2. \u00bfCu\u00e1l es el nivel normal de PSA despu\u00e9s de una prostatectom\u00eda?<\/strong><\/h4>\n<p>Respuesta. Un nivel normal de PSA despu\u00e9s de una prostatectom\u00eda suele ser inferior a 0,1 ng\/mL o deber\u00eda ser indetectable. Este nivel normal de PSA indica que se ha extirpado todo el tejido prost\u00e1tico y las c\u00e9lulas cancerosas.<\/p>\n<h4><strong>Pregunta 3: \u00bfCu\u00e1nto tiempo despu\u00e9s de la prostatectom\u00eda se deben controlar los niveles de PSA?<\/strong><\/h4>\n<p>Respuesta: Independientemente de las recomendaciones del m\u00e9dico, normalmente los niveles de PSA se controlan cada 3 a 6 meses durante los dos primeros a\u00f1os despu\u00e9s de la prostatectom\u00eda y, posteriormente, anualmente.<\/p>\n<h4>Pregunta 4: \u00bfPuede un nivel de PSA en aumento indicar siempre una recurrencia del c\u00e1ncer?<\/h4>\n<p>Respuesta: Un nivel de PSA en aumento no siempre indica una recurrencia del c\u00e1ncer. El nivel de PSA puede aumentar por otras razones, y puede producirse un rebote del PSA despu\u00e9s de la radioterapia, donde el PSA aumenta temporalmente antes de disminuir.<br \/>\n<script type=\"application\/ld+json\">\n{\n  \"@context\": \"https:\/\/schema.org\",\n  \"@type\": \"FAQPage\",\n  \"mainEntity\": [{\n    \"@type\": \"Question\",\n    \"name\": \"Si tengo niveles de PSA elevados despu\u00e9s de una prostatectom\u00eda, \u00bfqu\u00e9 significa?\",\n    \"acceptedAnswer\": {\n      \"@type\": \"Answer\",\n      \"text\": \"Un nivel de PSA elevado despu\u00e9s de una prostatectom\u00eda puede indicar que el c\u00e1ncer de pr\u00f3stata ha reaparecido o que se dej\u00f3 tejido prost\u00e1tico durante la cirug\u00eda.\"\n    }\n  },{\n    \"@type\": \"Question\",\n    \"name\": \"\u00bfCu\u00e1l es el nivel normal de PSA despu\u00e9s de una prostatectom\u00eda?\",\n    \"acceptedAnswer\": {\n      \"@type\": \"Answer\",\n      \"text\": \"Un nivel normal de PSA despu\u00e9s de una prostatectom\u00eda suele ser inferior a 0,1 ng\/mL o deber\u00eda ser indetectable. Este nivel normal de PSA indica que se ha extirpado todo el tejido prost\u00e1tico y las c\u00e9lulas cancerosas.\"\n    }\n  },{\n    \"@type\": \"Question\",\n    \"name\": \"\u00bfCu\u00e1nto tiempo despu\u00e9s de la prostatectom\u00eda se deben controlar los niveles de PSA?\",\n    \"acceptedAnswer\": {\n      \"@type\": \"Answer\",\n      \"text\": \"Independientemente de las recomendaciones del m\u00e9dico, normalmente los niveles de PSA se controlan cada 3 a 6 meses durante los dos primeros a\u00f1os despu\u00e9s de la prostatectom\u00eda y, posteriormente, anualmente.\"\n    }\n  },{\n    \"@type\": \"Question\",\n    \"name\": \"\u00bfPuede un nivel de PSA en aumento indicar siempre una recurrencia del c\u00e1ncer?\",\n    \"acceptedAnswer\": {\n      \"@type\": \"Answer\",\n      \"text\": \"Un nivel de PSA en aumento no siempre indica una recurrencia del c\u00e1ncer. El nivel de PSA puede aumentar por otras razones, y puede producirse un rebote del PSA despu\u00e9s de la radioterapia, donde el PSA aumenta temporalmente antes de disminuir.\"\n    }\n  }]\n}\n<\/script><\/p>\n","protected":false},"excerpt":{"rendered":"<p>El objetivo de una prostatectom\u00eda es extirpar todo el c\u00e1ncer o la mayor parte posible. Si el c\u00e1ncer no se ha propagado, este procedimiento podr\u00eda curarlo. Sin embargo, ninguna cirug\u00eda es perfecta. El c\u00e1ncer de pr\u00f3stata puede reaparecer despu\u00e9s de una prostatectom\u00eda. Aunque los cirujanos extirpan la gl\u00e1ndula prost\u00e1tica durante la prostatectom\u00eda, algunas c\u00e9lulas cancerosas [&hellip;]<\/p>\n","protected":false},"author":1,"featured_media":0,"parent":0,"menu_order":0,"comment_status":"closed","ping_status":"closed","template":"","meta":{"footnotes":""},"class_list":["post-2579","page","type-page","status-publish","hentry"],"_links":{"self":[{"href":"https:\/\/miamiroboticprostatectomy.com\/sp\/wp-json\/wp\/v2\/pages\/2579","targetHints":{"allow":["GET"]}}],"collection":[{"href":"https:\/\/miamiroboticprostatectomy.com\/sp\/wp-json\/wp\/v2\/pages"}],"about":[{"href":"https:\/\/miamiroboticprostatectomy.com\/sp\/wp-json\/wp\/v2\/types\/page"}],"author":[{"embeddable":true,"href":"https:\/\/miamiroboticprostatectomy.com\/sp\/wp-json\/wp\/v2\/users\/1"}],"replies":[{"embeddable":true,"href":"https:\/\/miamiroboticprostatectomy.com\/sp\/wp-json\/wp\/v2\/comments?post=2579"}],"version-history":[{"count":1,"href":"https:\/\/miamiroboticprostatectomy.com\/sp\/wp-json\/wp\/v2\/pages\/2579\/revisions"}],"predecessor-version":[{"id":2580,"href":"https:\/\/miamiroboticprostatectomy.com\/sp\/wp-json\/wp\/v2\/pages\/2579\/revisions\/2580"}],"wp:attachment":[{"href":"https:\/\/miamiroboticprostatectomy.com\/sp\/wp-json\/wp\/v2\/media?parent=2579"}],"curies":[{"name":"wp","href":"https:\/\/api.w.org\/{rel}","templated":true}]}}