{"id":31,"date":"2017-09-21T11:33:39","date_gmt":"2017-09-21T11:33:39","guid":{"rendered":"https:\/\/miamiroboticprostatectomy.com\/sp\/?page_id=31"},"modified":"2021-04-03T09:13:54","modified_gmt":"2021-04-03T09:13:54","slug":"patient-testimonials","status":"publish","type":"page","link":"https:\/\/miamiroboticprostatectomy.com\/sp\/patient-testimonials\/","title":{"rendered":"Testimonios de Pacientes"},"content":{"rendered":"<p><iframe src=\"https:\/\/www.youtube.com\/embed\/hoHahLBWxCY?&amp;autohide=2&amp;modestbranding=1\" width=\"100%\" height=\"350\" frameborder=\"0\" allowfullscreen=\"allowfullscreen\"><\/iframe><\/p>\n<div class=\"mar-10\"><\/div>\n<p>Si su m\u00e9dico recomienda una cirug\u00eda para tratar su c\u00e1ncer de pr\u00f3stata, puede ser candidato para un nuevo procedimiento quir\u00fargico menos invasivo llamado prostatectom\u00eda rob\u00f3tica da Vinci\u00ae. Este procedimiento de prostatectom\u00eda rob\u00f3tica incorpora un sistema quir\u00fargico de \u00faltima generaci\u00f3n.<\/p>\n<p>sistema que ayuda a su cirujano a ver estructuras anat\u00f3micas vitales con mayor claridad y a realizar un procedimiento quir\u00fargico m\u00e1s preciso.<\/p>\n","protected":false},"excerpt":{"rendered":"<p>Si su m\u00e9dico recomienda una cirug\u00eda para tratar su c\u00e1ncer de pr\u00f3stata, puede ser candidato para un nuevo procedimiento quir\u00fargico menos invasivo llamado prostatectom\u00eda rob\u00f3tica da Vinci\u00ae. Este procedimiento de prostatectom\u00eda rob\u00f3tica incorpora un sistema quir\u00fargico de \u00faltima generaci\u00f3n. sistema que ayuda a su cirujano a ver estructuras anat\u00f3micas vitales con mayor claridad y a [&hellip;]<\/p>\n","protected":false},"author":1,"featured_media":0,"parent":0,"menu_order":0,"comment_status":"closed","ping_status":"closed","template":"","meta":{"footnotes":""},"class_list":["post-31","page","type-page","status-publish","hentry"],"_links":{"self":[{"href":"https:\/\/miamiroboticprostatectomy.com\/sp\/wp-json\/wp\/v2\/pages\/31","targetHints":{"allow":["GET"]}}],"collection":[{"href":"https:\/\/miamiroboticprostatectomy.com\/sp\/wp-json\/wp\/v2\/pages"}],"about":[{"href":"https:\/\/miamiroboticprostatectomy.com\/sp\/wp-json\/wp\/v2\/types\/page"}],"author":[{"embeddable":true,"href":"https:\/\/miamiroboticprostatectomy.com\/sp\/wp-json\/wp\/v2\/users\/1"}],"replies":[{"embeddable":true,"href":"https:\/\/miamiroboticprostatectomy.com\/sp\/wp-json\/wp\/v2\/comments?post=31"}],"version-history":[{"count":6,"href":"https:\/\/miamiroboticprostatectomy.com\/sp\/wp-json\/wp\/v2\/pages\/31\/revisions"}],"predecessor-version":[{"id":1749,"href":"https:\/\/miamiroboticprostatectomy.com\/sp\/wp-json\/wp\/v2\/pages\/31\/revisions\/1749"}],"wp:attachment":[{"href":"https:\/\/miamiroboticprostatectomy.com\/sp\/wp-json\/wp\/v2\/media?parent=31"}],"curies":[{"name":"wp","href":"https:\/\/api.w.org\/{rel}","templated":true}]}}