{"id":32,"date":"2017-09-21T11:35:15","date_gmt":"2017-09-21T11:35:15","guid":{"rendered":"https:\/\/miamiroboticprostatectomy.com\/sp\/?page_id=32"},"modified":"2021-06-01T08:29:28","modified_gmt":"2021-06-01T08:29:28","slug":"sobre-el-cancer-de-prostata","status":"publish","type":"page","link":"https:\/\/miamiroboticprostatectomy.com\/sp\/sobre-el-cancer-de-prostata\/","title":{"rendered":"Sobre el c\u00e1ncer de pr\u00f3stata"},"content":{"rendered":"<p><img decoding=\"async\" class=\"img-responsive\" src=\"https:\/\/miamiroboticprostatectomy.com\/sp\/wp-content\/uploads\/2020\/01\/121.jpg\" alt=\"\" title=\"\">Respuestas a preguntas comunes sobre el c\u00e1ncer de pr\u00f3stata y la cirug\u00eda de c\u00e1ncer de pr\u00f3stata<\/p>\n<h2><strong>Lucha contra el c\u00e1ncer de pr\u00f3stata. La segunda causa principal de muerte en hombres.<\/strong><\/h2>\n<p>Seg\u00fan la Sociedad Estadounidense del C\u00e1ncer, m\u00e1s de 186,000 hombres fueron diagnosticados con c\u00e1ncer de pr\u00f3stata en los Estados Unidos el a\u00f1o pasado, y m\u00e1s de 28,000 hombres murieron a causa de la enfermedad. Con estas estad\u00edsticas sorprendentes, es importante que los hombres y sus familias conozcan la enfermedad, comprendan qui\u00e9n est\u00e1 en mayor riesgo y qu\u00e9 pueden hacer hoy para reducir sus posibilidades de combatir el c\u00e1ncer de pr\u00f3stata.<\/p>\n<h3><strong>\u00bfQu\u00e9 es el c\u00e1ncer de pr\u00f3stata?<\/strong><\/h3>\n<p>El c\u00e1ncer de pr\u00f3stata se refiere a las c\u00e9lulas anormales de la pr\u00f3stata, que es parte del sistema reproductor masculino. La pr\u00f3stata se encuentra justo debajo de la vejiga y frente al recto. Una pr\u00f3stata normal tiene aproximadamente el tama\u00f1o de una nuez.<\/p>\n<h3><strong>\u00bfQui\u00e9n tiene riesgo de c\u00e1ncer de pr\u00f3stata?<\/strong><\/h3>\n<p>El c\u00e1ncer de pr\u00f3stata puede afectar a hombres de cualquier edad, pero es m\u00e1s com\u00fan en hombres mayores de 50 a\u00f1os. Ocho de cada 10 hombres con c\u00e1ncer de pr\u00f3stata tienen m\u00e1s de 65 a\u00f1os. Los hombres afroamericanos tienen un mayor riesgo, al igual que los hombres con <strong class=\"textred\"> antecedentes familiares de la enfermedad <\/strong>. Los hombres que consumen una dieta alta en grasas o que son obesos tambi\u00e9n pueden tener una mayor probabilidad de desarrollar c\u00e1ncer de pr\u00f3stata. los <strong class=\"textred\"> la asociaci\u00f3n m\u00e1s fuerte es gen\u00e9tica <\/strong>. Si su padre, t\u00edo o hermano tuvo c\u00e1ncer de pr\u00f3stata, usted tiene un riesgo mucho mayor de desarrollar la enfermedad y probablemente deber\u00eda comenzar a detectarla a los 40 a\u00f1os o incluso antes.<\/p>\n<h3><strong>\u00bfQu\u00e9 se puede hacer para reducir el riesgo de contraer la enfermedad?<\/strong><\/h3>\n<p>A medida que los investigadores contin\u00faan estudiando el efecto de la dieta y otros factores del estilo de vida sobre el riesgo de un hombre de desarrollar c\u00e1ncer de pr\u00f3stata, existen algunos cambios que pueden estar asociados con un menor riesgo de c\u00e1ncer de pr\u00f3stata. Se anima a los hombres a comer una dieta baja en grasas, especialmente grasa animal, y a incluir m\u00e1s frutas y verduras. Seg\u00fan el Instituto Nacional del C\u00e1ncer, los estudios muestran que una dieta rica en productos l\u00e1cteos y calcio tambi\u00e9n puede estar asociada con un mayor riesgo de c\u00e1ncer de pr\u00f3stata, aunque el aumento puede ser peque\u00f1o.<\/p>\n<h3><strong>\u00bfCu\u00e1les son los s\u00edntomas del c\u00e1ncer de pr\u00f3stata?<\/strong><\/h3>\n<p>En la mayor\u00eda de los casos, el c\u00e1ncer de pr\u00f3stata en estadio temprano <strong> no produce ning\u00fan s\u00edntoma <\/strong>, pero puede empezar a aparecer a medida que crece el c\u00e1ncer. Los s\u00edntomas incluyen:<\/p>\n<ul>\n<li>Dificultad para empezar a orinar<\/li>\n<li>Menos fuerza en el chorro de orina<\/li>\n<li>Orinar con frecuencia, especialmente por la noche.<\/li>\n<li>Dolor al orinar<\/li>\n<li>Sangre o pus en la orina<\/li>\n<li>Dolor en la cadera, la espalda baja o la pelvis inferior<\/li>\n<li>p\u00e9rdida involuntaria de peso y \/ o p\u00e9rdida de apetito<\/li>\n<\/ul>\n<h3><strong>\u00bfQu\u00e9 tipos de opciones hay disponibles para tratar el c\u00e1ncer de pr\u00f3stata?<\/strong><\/h3>\n<p>El c\u00e1ncer de pr\u00f3stata se puede tratar con \u00e9xito si se detecta temprano, antes de que se disemine a otras partes del cuerpo. La cirug\u00eda, la radioterapia, la crioablaci\u00f3n y el tratamiento hormonal son opciones razonables en el entorno cl\u00ednico apropiado. Una nueva opci\u00f3n de tratamiento para los pacientes es el desarrollo de una nueva forma revolucionaria de cirug\u00eda de pr\u00f3stata, la <strong><a href=\"http:\/\/jrmdlive.com\/doctormiami\/new\/robotic-prostatectomy\/\" target=\"_blank\" rel=\"noopener\"> prostatectom\u00eda rob\u00f3tica <\/a><\/strong>, que permite al cirujano realizar procedimientos m\u00ednimamente invasivos, como la extirpaci\u00f3n de la pr\u00f3stata, desde \u00e1reas de dif\u00edcil acceso con m\u00e1s precisi\u00f3n. Debido a que esta tecnolog\u00eda es menos invasiva que otras opciones quir\u00fargicas, los pacientes experimentan un dolor m\u00ednimo, una p\u00e9rdida m\u00ednima de sangre y una recuperaci\u00f3n m\u00e1s r\u00e1pida. Los pacientes que se someten a este procedimiento pueden esperar una excelente posibilidad de cura con un regreso a sus actividades normales en cuesti\u00f3n de d\u00edas.<\/p>\n<p>En el Instituto Internacional de Prostatectom\u00eda Rob\u00f3tica, el cirujano de renombre mundial Dr. Razdan y su equipo de asistentes altamente capacitados y experimentados ahora incluso ofrecen <strong class=\"textred\">Cirug\u00eda rob\u00f3tica ambulatoria para el c\u00e1ncer de pr\u00f3stata. <\/strong>. Afortunadamente, en la mayor\u00eda de los casos, los pacientes no tienen problemas de incontinencia o impotencia. <strong class=\"textred\">. El Dr. Razdan desarroll\u00f3 recientemente su propia t\u00e9cnica de &#8220;preservaci\u00f3n combinada del nervio anter\u00f3grado y retr\u00f3grado combinado&#8221; que ha dado como resultado resultados muy superiores con respecto a la funci\u00f3n er\u00e9ctil. <\/strong>. Despu\u00e9s de la cirug\u00eda, nuestro programa <strong class=\"textred\">Rehabilitaci\u00f3n del pene<\/strong> Est\u00e1 especialmente bien adaptado para trabajar con compasi\u00f3n con cada paciente individualmente para asegurar los excelentes resultados que este centro ha recibido el reconocimiento.<\/p>\n<h3><strong>\u00bfC\u00f3mo pueden los hombres aprender m\u00e1s sobre el c\u00e1ncer de pr\u00f3stata y las diversas opciones de tratamiento?<\/strong><\/h3>\n<p>El <strong> Instituto Internacional de Prostatectom\u00eda Rob\u00f3tica <\/strong> cuenta con las \u00faltimas pruebas de diagn\u00f3stico y tratamiento de pr\u00f3stata y otros problemas urol\u00f3gicos. El Centro cuenta con m\u00e9dicos reconocidos internacionalmente y expertos en este tipo de enfermedades. La l\u00ednea de apoyo para el c\u00e1ncer del Dr. Razdan, que cuenta con cientos de pacientes inscritos, es otro recurso valioso para los pacientes que buscan informaci\u00f3n sobre el tratamiento del c\u00e1ncer de pr\u00f3stata y qu\u00e9 esperar despu\u00e9s de la cirug\u00eda.<\/p>\n<p>Para obtener m\u00e1s informaci\u00f3n o para programar una cita, llame al Instituto Internacional de Prostatectom\u00eda Rob\u00f3tica al <strong> 305-251-8650.<\/strong><\/p>\n","protected":false},"excerpt":{"rendered":"<h5> Lucha contra el c\u00c3\u00a1ncer de pr\u00c3\u00b3stata. La segunda causa principal de muerte en hombres. <\/h5>\n<p> Seg\u00c3\u00ban la American Cancer Society, <b> m\u00c3\u00a1s de 186,000 hombres fueron diagnosticados con c\u00c3\u00a1ncer de pr\u00c3\u00b3stata en los Estados Unidos el a\u00c3\u00b1o pasado, y m\u00c3\u00a1s de 28,000 hombres murieron a causa de la enfermedad. <\/B> Con estas sorprendentes estad\u00c3\u00adsticas, es importante para los hombres y sus familias para estar al tanto de la enfermedad, entender qui\u00c3\u00a9n est\u00c3\u00a1 en mayor riesgo y qu\u00c3\u00a9 pueden hacer hoy para reducir sus posibilidades de luchar contra el c\u00c3\u00a1ncer de pr\u00c3\u00b3stata.<\/p>\n","protected":false},"author":1,"featured_media":0,"parent":0,"menu_order":0,"comment_status":"closed","ping_status":"closed","template":"","meta":{"footnotes":""},"class_list":["post-32","page","type-page","status-publish","hentry"],"_links":{"self":[{"href":"https:\/\/miamiroboticprostatectomy.com\/sp\/wp-json\/wp\/v2\/pages\/32","targetHints":{"allow":["GET"]}}],"collection":[{"href":"https:\/\/miamiroboticprostatectomy.com\/sp\/wp-json\/wp\/v2\/pages"}],"about":[{"href":"https:\/\/miamiroboticprostatectomy.com\/sp\/wp-json\/wp\/v2\/types\/page"}],"author":[{"embeddable":true,"href":"https:\/\/miamiroboticprostatectomy.com\/sp\/wp-json\/wp\/v2\/users\/1"}],"replies":[{"embeddable":true,"href":"https:\/\/miamiroboticprostatectomy.com\/sp\/wp-json\/wp\/v2\/comments?post=32"}],"version-history":[{"count":41,"href":"https:\/\/miamiroboticprostatectomy.com\/sp\/wp-json\/wp\/v2\/pages\/32\/revisions"}],"predecessor-version":[{"id":1759,"href":"https:\/\/miamiroboticprostatectomy.com\/sp\/wp-json\/wp\/v2\/pages\/32\/revisions\/1759"}],"wp:attachment":[{"href":"https:\/\/miamiroboticprostatectomy.com\/sp\/wp-json\/wp\/v2\/media?parent=32"}],"curies":[{"name":"wp","href":"https:\/\/api.w.org\/{rel}","templated":true}]}}