{"id":33,"date":"2017-09-21T11:37:35","date_gmt":"2017-09-21T11:37:35","guid":{"rendered":"https:\/\/miamiroboticprostatectomy.com\/sp\/?page_id=33"},"modified":"2020-10-30T13:23:44","modified_gmt":"2020-10-30T13:23:44","slug":"sintomas-del-cancer-de-prostata","status":"publish","type":"page","link":"https:\/\/miamiroboticprostatectomy.com\/sp\/sintomas-del-cancer-de-prostata\/","title":{"rendered":"Los s\u00edntomas del c\u00e1ncer de pr\u00f3stata"},"content":{"rendered":"<h3>CONTRARIO A LA CREENCIA POPULAR, \u00a1LA MAYOR\u00cdA DE LOS PACIENTES CON C\u00c1NCER DE PR\u00d3STATA NO TIENEN S\u00cdNTOMAS!<\/h3>\n<p><img decoding=\"async\" class=\"img-responsive\" src=\"https:\/\/miamiroboticprostatectomy.com\/sp\/wp-content\/uploads\/2020\/01\/prostatecancer.png\" alt=\"\" title=\"\">Muchas veces, los signos del c\u00e1ncer de pr\u00f3stata son detectados por primera vez por un m\u00e9dico durante un chequeo de rutina.<\/p>\n<h5><strong>Sin embargo, algunos hombres experimentar\u00e1n cambios en la funci\u00f3n urinaria o sexual que podr\u00edan indicar la presencia de c\u00e1ncer de pr\u00f3stata. Estos s\u00edntomas incluyen:<\/strong><\/h5>\n<ul>\n<li>Necesidad de orinar con frecuencia, especialmente por la noche.<\/li>\n<li>Dificultad para comenzar a orinar o retener la orina.<\/li>\n<li>Flujo de orina d\u00e9bil o interrumpido<\/li>\n<li>Orina dolorosa o ardiente<\/li>\n<li>Dificultad para conseguir una erecci\u00f3n<\/li>\n<li>eyaculacion dolorosa<\/li>\n<li>Sangre en orina o semen<\/li>\n<li>Dolor o rigidez frecuentes en la parte baja de la espalda, las caderas o la parte superior de los muslos<\/li>\n<\/ul>\n<p>Debe consultar a su m\u00e9dico si experimenta alguno de los s\u00edntomas anteriores.<\/p>\n<p>Debido a que estos s\u00edntomas tambi\u00e9n pueden indicar la presencia de otras enfermedades o trastornos, como HPB o prostatitis, los hombres se someter\u00e1n a un examen completo para determinar la causa subyacente.<\/p>\n","protected":false},"excerpt":{"rendered":"<p>si experimenta cualquiera de los s\u00c3\u00adntomas anteriores. Debido a que estos s\u00c3\u00adntomas tambi\u00c3\u00a9n pueden indicar la presencia de otras enfermedades o trastornos, como BPH o prostatitis, los hombres se someter\u00c3\u00a1 a un exhaustivo trabajo para determinar la causa subyacente.<\/p>\n","protected":false},"author":1,"featured_media":0,"parent":0,"menu_order":0,"comment_status":"closed","ping_status":"closed","template":"","meta":{"footnotes":""},"class_list":["post-33","page","type-page","status-publish","hentry"],"_links":{"self":[{"href":"https:\/\/miamiroboticprostatectomy.com\/sp\/wp-json\/wp\/v2\/pages\/33","targetHints":{"allow":["GET"]}}],"collection":[{"href":"https:\/\/miamiroboticprostatectomy.com\/sp\/wp-json\/wp\/v2\/pages"}],"about":[{"href":"https:\/\/miamiroboticprostatectomy.com\/sp\/wp-json\/wp\/v2\/types\/page"}],"author":[{"embeddable":true,"href":"https:\/\/miamiroboticprostatectomy.com\/sp\/wp-json\/wp\/v2\/users\/1"}],"replies":[{"embeddable":true,"href":"https:\/\/miamiroboticprostatectomy.com\/sp\/wp-json\/wp\/v2\/comments?post=33"}],"version-history":[{"count":21,"href":"https:\/\/miamiroboticprostatectomy.com\/sp\/wp-json\/wp\/v2\/pages\/33\/revisions"}],"predecessor-version":[{"id":1548,"href":"https:\/\/miamiroboticprostatectomy.com\/sp\/wp-json\/wp\/v2\/pages\/33\/revisions\/1548"}],"wp:attachment":[{"href":"https:\/\/miamiroboticprostatectomy.com\/sp\/wp-json\/wp\/v2\/media?parent=33"}],"curies":[{"name":"wp","href":"https:\/\/api.w.org\/{rel}","templated":true}]}}