{"id":34,"date":"2017-09-21T11:38:59","date_gmt":"2017-09-21T11:38:59","guid":{"rendered":"https:\/\/miamiroboticprostatectomy.com\/sp\/?page_id=34"},"modified":"2025-11-07T02:45:39","modified_gmt":"2025-11-07T07:45:39","slug":"tratamiento-del-cancer-de-prostata","status":"publish","type":"page","link":"https:\/\/miamiroboticprostatectomy.com\/sp\/tratamiento-del-cancer-de-prostata\/","title":{"rendered":"Tratamiento del c\u00e1ncer de pr\u00f3stata"},"content":{"rendered":"<p><img decoding=\"async\" class=\"img-fluid\" src=\"https:\/\/miamiroboticprostatectomy.com\/sp\/wp-content\/uploads\/2020\/01\/1.jpg\" alt=\"img-leaser\" title=\"\"><\/p>\n<h2>Prostatectom\u00eda rob\u00f3tica da Vinci: un procedimiento quir\u00fargico m\u00ednimamente invasivo<\/h2>\n<p>Ante un diagn\u00f3stico de c\u00e1ncer de pr\u00f3stata, es importante conocer todos los tratamientos y opciones quir\u00fargicas.<\/p>\n<div class=\"row\">\n<div class=\"col-md-6\"><img decoding=\"async\" src=\"https:\/\/miamiroboticprostatectomy.com\/sp\/wp-content\/uploads\/2020\/02\/prosincisions2.jpg\" alt=\"\" title=\"\"><br \/>\n<strong>Incisi\u00f3n quir\u00fargica abierta<\/strong><\/div>\n<div class=\"col-md-6\"><img decoding=\"async\" src=\"https:\/\/miamiroboticprostatectomy.com\/sp\/wp-content\/uploads\/2020\/02\/prosincisions2.jpg\" alt=\"\" title=\"\"><br \/>\n<strong>Incisi\u00f3n rob\u00f3tica Da Vinci<\/strong><\/div>\n<\/div>\n<p><strong>&#8220;El control urinario y las erecciones con la cirug\u00eda rob\u00f3tica de pr\u00f3stata da Vinci son MUCHO MEJORES que con la cirug\u00eda de pr\u00f3stata radical laparosc\u00f3pica convencional (laprp)&#8221;<\/strong><\/p>\n<p>Si su m\u00e9dico recomienda una cirug\u00eda para tratar su c\u00e1ncer de pr\u00f3stata, es posible que sea candidato para un nuevo procedimiento quir\u00fargico menos invasivo llamado Prostatectom\u00eda rob\u00f3tica da Vinci. Este procedimiento de prostatectom\u00eda rob\u00f3tica incorpora un sistema quir\u00fargico de \u00faltima generaci\u00f3n que ayuda a su cirujano a ver estructuras anat\u00f3micas vitales con mayor claridad y a realizar un procedimiento quir\u00fargico m\u00e1s preciso.<\/p>\n<div class=\"row\">\n<div class=\"col-md-4 col-sm-4 col-xs-12\">\n<div class=\"img-box\">\n<p><a href=\"http:\/\/jrmdlive.com\/doctormiami\/wp-content\/uploads\/2017\/09\/davinci-1.pdf\" target=\"_blank\" rel=\"noopener\"><img decoding=\"async\" class=\"img-fluid\" src=\"https:\/\/miamiroboticprostatectomy.com\/sp\/wp-content\/uploads\/2020\/01\/picture8.jpg\" alt=\"img-leaser\" title=\"\"><\/a><a href=\"http:\/\/jrmdlive.com\/doctormiami\/wp-content\/uploads\/2017\/09\/davinci-1.pdf\" target=\"_blank\" rel=\"noopener\">Haga clic aqu\u00ed para descargar el folleto de prostatectom\u00eda rob\u00f3tica<\/a><\/p>\n<\/div>\n<\/div>\n<div class=\"col-md-4 col-sm-4 col-xs-12\"><iframe src=\"https:\/\/www.youtube.com\/embed\/9Vyl4fNIgCM?autoplay=1&amp;autohide=2&amp;modestbranding=1\" width=\"100%\" height=\"220\" frameborder=\"0\" allowfullscreen=\"allowfullscreen\"><\/iframe><\/div>\n<div class=\"col-md-4 col-sm-4 col-xs-12\">\n<p><iframe src=\"https:\/\/www.youtube.com\/embed\/JY1L_ThJPLY?&amp;autohide=2&amp;modestbranding=1\" width=\"100%\" height=\"220\" frameborder=\"0\" allowfullscreen=\"allowfullscreen\"><\/iframe><\/p>\n<\/div>\n<\/div>\n<h3><strong>\u00bfPor qu\u00e9 la cirug\u00eda rob\u00f3tica de pr\u00f3stata?<\/strong><\/h3>\n<p>Durante la prostatectom\u00eda radical abierta (extirpaci\u00f3n de la pr\u00f3stata) para el c\u00e1ncer de pr\u00f3stata, esta se extrae mediante una gran incisi\u00f3n en la l\u00ednea media, desde el ombligo hasta el hueso p\u00fabico. El principal inconveniente de este m\u00e9todo no es solo el tama\u00f1o de la incisi\u00f3n, sino tambi\u00e9n el estiramiento de los m\u00fasculos abdominales y la piel necesario para colocar un retractor y obtener la visualizaci\u00f3n adecuada para realizar la prostatectom\u00eda abierta. Esta gran incisi\u00f3n puede tardar m\u00e1s en cicatrizar y provoca mayor dolor postoperatorio y limitaci\u00f3n de la movilidad.<\/p>\n<h4><strong>Procedimiento de prostatectom\u00eda rob\u00f3tica Da Vinci<\/strong><\/h4>\n<p>Una de las principales ventajas de la prostatectom\u00eda rob\u00f3tica Da Vinci para el c\u00e1ncer de pr\u00f3stata es que se puede realizar a trav\u00e9s de cinco peque\u00f1as incisiones, lo que permite extraer la pr\u00f3stata a trav\u00e9s del ombligo al finalizar el procedimiento. Este m\u00e9todo reduce el dolor y las cicatrices postoperatorias, adem\u00e1s de permitir una recuperaci\u00f3n m\u00e1s r\u00e1pida y una reincorporaci\u00f3n m\u00e1s r\u00e1pida a las actividades cotidianas.<\/p>\n<p>Adem\u00e1s, la pantalla estereosc\u00f3pica 3D proporciona al cirujano una visi\u00f3n mucho m\u00e1s clara de los nervios y vasos sangu\u00edneos que rodean la pr\u00f3stata. Esta mayor visibilidad ayuda a minimizar la p\u00e9rdida de sangre y reduce el riesgo de da\u00f1ar los nervios responsables de la continencia urinaria y la funci\u00f3n er\u00e9ctil.<\/p>\n<p>Durante una prostatectom\u00eda rob\u00f3tica con el sistema da Vinci, la pr\u00f3stata y las ves\u00edculas seminales se separan de la vejiga y la uretra. Posteriormente, la vejiga y la uretra se reconectan mediante una sonda Foley para mantener cerrado el conducto urinario. En casos de enfermedad avanzada, se pueden tomar muestras de los ganglios linf\u00e1ticos p\u00e9lvicos para comprobar si el c\u00e1ncer se ha extendido m\u00e1s all\u00e1 de la pr\u00f3stata.<\/p>\n<h3><strong>Para la mayor\u00eda de los pacientes, la cirug\u00eda de prostatectom\u00eda rob\u00f3tica da Vinci ofrece numerosos beneficios potenciales sobre la prostatectom\u00eda abierta, que incluyen:<\/strong><\/h3>\n<ul class=\"list1\">\n<li>Estad\u00eda hospitalaria m\u00e1s corta<\/li>\n<li>Dolor m\u00ednimo<\/li>\n<li>Menos riesgo de infecci\u00c3\u00b3n<\/li>\n<li>Sin transfusiones de sangre<\/li>\n<li>Menos cicatrices<\/li>\n<li>Recuperaci\u00f3n m\u00e1s r\u00e1pida<\/li>\n<li>Regreso m\u00e1s r\u00e1pido a las actividades normales<\/li>\n<li>Excelente control urinario<\/li>\n<li>Excelentes erecciones<\/li>\n<\/ul>\n<h2><strong>PROSTATECTOM\u00cdA (CIRUG\u00cdA)<\/strong><\/h2>\n<p>Un enfoque quir\u00fargico para tratar el c\u00e1ncer de pr\u00f3stata eliminar\u00e1 la totalidad o parte de la pr\u00f3stata. Por lo general, los hombres con enfermedad en etapa temprana o c\u00e1ncer que se limita a la pr\u00f3stata se someter\u00e1n a una prostatectom\u00eda radical, es decir, la extirpaci\u00f3n de toda la gl\u00e1ndula prost\u00e1tica y algunos tejidos circundantes. Se pueden realizar otros procedimientos quir\u00fargicos en hombres con enfermedad avanzada o recurrente.<\/p>\n<p>En el tipo m\u00e1s com\u00fan de prostatectom\u00eda: <strong>prostatectom\u00eda radical retrop\u00fabica<\/strong> &#8211; Se hace una incisi\u00f3n en el abdomen y se extrae la pr\u00f3stata por detr\u00e1s del hueso p\u00fabico. Luego, el cirujano sutura la uretra directamente a la vejiga para que la orina pueda fluir. Debido a que normalmente el cuerpo tarda unos d\u00edas en acostumbrarse a esta nueva configuraci\u00f3n, el cirujano insertar\u00e1 un cat\u00e9ter o tubo en la vejiga. La orina saldr\u00e1 autom\u00e1ticamente de la vejiga, bajar\u00e1 por la uretra y entrar\u00e1 en una bolsa colectora sin necesidad de un control consciente del esf\u00ednter. El cat\u00e9ter generalmente se mantiene colocado durante aproximadamente una semana a 10 d\u00edas.<\/p>\n<p>Otro tipo de cirug\u00eda, conocida como <strong> prostatectom\u00eda perineal radical <\/strong>, se hace con menos frecuencia en estos d\u00edas. En este procedimiento, el cirujano hace una incisi\u00f3n en el perineo (el espacio entre el escroto y el ano) y se extrae la pr\u00f3stata por detr\u00e1s.<\/p>\n<h3>T\u00e9cnicas quir\u00fargicas<\/h3>\n<h3>Reducci\u00f3n de nervios<\/h3>\n<p>En una prostatectom\u00eda con conservaci\u00f3n de nervios, el cirujano corta hasta los bordes de la pr\u00f3stata, teniendo cuidado de preservar los nervios er\u00e9ctiles que corren a lo largo de la pr\u00f3stata. Si los nervios no se pueden salvar porque el c\u00e1ncer se disemina m\u00e1s all\u00e1 de la pr\u00f3stata, es posible reparar quir\u00fargicamente, o injertar, nervios de otras partes del cuerpo hasta los extremos de los nervios er\u00e9ctiles cortados.<\/p>\n<p>Los cirujanos no sabr\u00e1n hasta el momento del procedimiento si se pueden conservar los nervios; depende de si el c\u00e1ncer est\u00e1 invadiendo los nervios. Sin embargo, el procedimiento de preservaci\u00f3n del nervio ofrece la mejor oportunidad para preservar la funci\u00f3n er\u00e9ctil a largo plazo.<\/p>\n<h3>Laparoscopic<\/h3>\n<p>En la cirug\u00eda laparosc\u00f3pica, se realizan peque\u00f1as incisiones en el abdomen. Luego, el cirujano inserta instrumentos estrechos equipados con c\u00e1maras y \/ o herramientas quir\u00fargicas, lo que le permite visualizar y operar las estructuras internas sin cortar todo el abdomen.<\/p>\n<p>Mediante una interfaz rob\u00f3tica, el cirujano maniobra los brazos de un robot, que a su vez controla las c\u00e1maras y los instrumentos. La cirug\u00eda rob\u00f3tica se ha vuelto muy popular en los \u00faltimos 10 a\u00f1os debido a la incisi\u00f3n m\u00e1s peque\u00f1a y al per\u00edodo de recuperaci\u00f3n posoperatorio m\u00e1s corto.<\/p>\n<p>Hasta la fecha, los procedimientos abiertos y laparosc\u00f3picos nunca se han comparado directamente en t\u00e9rminos de control del c\u00e1ncer y efectos secundarios. Generalmente, en manos de un cirujano experto, estos resultados se optimizan con cualquier enfoque.<\/p>\n<h2><strong>Preguntas frecuentes<\/strong><\/h2>\n<h4><strong>P.1<\/strong><strong>\u00bfC\u00f3mo se diagnostica el c\u00e1ncer de pr\u00f3stata?<\/strong><\/h4>\n<p>Las pruebas para diagnosticar el c\u00e1ncer de pr\u00f3stata incluyen:<\/p>\n<p>\u00b7 Prueba del ant\u00edgeno prost\u00e1tico espec\u00edfico (PSA)<br \/>\n\u00b7 Tacto rectal<br \/>\n\u00b7 Biopsia<br \/>\n\u00b7 Ecograf\u00eda<\/p>\n<h5><strong>P.2 \u00bfCu\u00e1les son los s\u00edntomas del c\u00e1ncer de pr\u00f3stata?<\/strong><\/h5>\n<p><strong>Los s\u00edntomas del c\u00e1ncer de pr\u00f3stata son:<\/strong><\/p>\n<p>\u00b7 Dolor al orinar<br \/>\n\u00b7 Micci\u00f3n frecuente<br \/>\n\u00b7 Incontinencia urinaria<br \/>\n\u00b7 Sangre en la orina<br \/>\n\u00b7 Disfunci\u00f3n er\u00e9ctil<\/p>\n<h5><strong>P.3 \u00bfQu\u00e9 es la cirug\u00eda rob\u00f3tica de c\u00e1ncer de pr\u00f3stata da Vinci?<\/strong><\/h5>\n<p>La prostatectom\u00eda rob\u00f3tica da Vinci es una opci\u00f3n m\u00ednimamente invasiva para el tratamiento del c\u00e1ncer de pr\u00f3stata, disponible gracias a los incre\u00edbles avances en tecnolog\u00eda quir\u00fargica. La prostatectom\u00eda rob\u00f3tica Da Vinci conserva todas las ventajas del tratamiento quir\u00fargico definitivo para el c\u00e1ncer de pr\u00f3stata, a\u00f1adiendo adem\u00e1s una estancia hospitalaria m\u00e1s corta, menor p\u00e9rdida de sangre, menos dolor y una recuperaci\u00f3n m\u00e1s r\u00e1pida.<\/p>\n<p>Por estas razones, resulta evidente por qu\u00e9 la prostatectom\u00eda rob\u00f3tica Da Vinci se ha convertido en el m\u00e9todo de elecci\u00f3n para la extirpaci\u00f3n de la pr\u00f3stata tras un diagn\u00f3stico precoz de c\u00e1ncer de pr\u00f3stata.<\/p>\n<h5><strong>P.4 \u00bfQu\u00e9 alimentos no se deben comer con c\u00e1ncer de pr\u00f3stata?<\/strong><\/h5>\n<p>Los alimentos que se deben limitar o evitar con c\u00e1ncer de pr\u00f3stata incluyen carnes rojas y procesadas, productos l\u00e1cteos, alimentos y bebidas azucaradas, frituras y consumo excesivo de alcohol, ya que pueden aumentar la inflamaci\u00f3n y el riesgo. Adem\u00e1s, algunos pacientes en quimioterapia podr\u00edan necesitar evitar los extractos de t\u00e9 verde y negro debido a posibles interacciones.<br \/>\n<script type=\"application\/ld+json\">\n{\n  \"@context\": \"https:\/\/schema.org\",\n  \"@type\": \"FAQPage\",\n  \"mainEntity\": [\n    {\n      \"@type\": \"Question\",\n      \"name\": \"\u00bfC\u00f3mo se diagnostica el c\u00e1ncer de pr\u00f3stata?\",\n      \"acceptedAnswer\": {\n        \"@type\": \"Answer\",\n        \"text\": \"Las pruebas para diagnosticar el c\u00e1ncer de pr\u00f3stata incluyen: Prueba del ant\u00edgeno prost\u00e1tico espec\u00edfico (PSA), tacto rectal, biopsia y ecograf\u00eda.\"\n      }\n    },\n    {\n      \"@type\": \"Question\",\n      \"name\": \"\u00bfCu\u00e1les son los s\u00edntomas del c\u00e1ncer de pr\u00f3stata?\",\n      \"acceptedAnswer\": {\n        \"@type\": \"Answer\",\n        \"text\": \"Los s\u00edntomas del c\u00e1ncer de pr\u00f3stata son: dolor al orinar, micci\u00f3n frecuente, incontinencia urinaria, sangre en la orina y disfunci\u00f3n er\u00e9ctil.\"\n      }\n    },\n    {\n      \"@type\": \"Question\",\n      \"name\": \"\u00bfQu\u00e9 es la cirug\u00eda rob\u00f3tica de c\u00e1ncer de pr\u00f3stata da Vinci?\",\n      \"acceptedAnswer\": {\n        \"@type\": \"Answer\",\n        \"text\": \"La prostatectom\u00eda rob\u00f3tica Da Vinci es una cirug\u00eda m\u00ednimamente invasiva para tratar el c\u00e1ncer de pr\u00f3stata. Ofrece beneficios como menor p\u00e9rdida de sangre, menos dolor, una recuperaci\u00f3n m\u00e1s r\u00e1pida y una estancia hospitalaria m\u00e1s corta, siendo una de las opciones preferidas para la extirpaci\u00f3n de la pr\u00f3stata tras un diagn\u00f3stico precoz.\"\n      }\n    },\n    {\n      \"@type\": \"Question\",\n      \"name\": \"\u00bfQu\u00e9 alimentos no se deben comer con c\u00e1ncer de pr\u00f3stata?\",\n      \"acceptedAnswer\": {\n        \"@type\": \"Answer\",\n        \"text\": \"Los alimentos que se deben evitar o limitar con c\u00e1ncer de pr\u00f3stata incluyen carnes rojas y procesadas, productos l\u00e1cteos, alimentos y bebidas azucaradas, frituras y consumo excesivo de alcohol, ya que pueden aumentar la inflamaci\u00f3n y el riesgo. Adem\u00e1s, algunos pacientes en quimioterapia deber\u00edan evitar los extractos de t\u00e9 verde y negro por posibles interacciones.\"\n      }\n    }\n  ]\n}\n<\/script><\/p>\n<h3>La importancia de la habilidad quir\u00fargica<\/h3>\n<p>La prostatectom\u00eda, como muchos procedimientos quir\u00fargicos, es un trabajo muy delicado y la diferencia entre un buen cirujano y un gran cirujano puede afectar los resultados.<\/p>\n<p>Al elegir un cirujano, como m\u00ednimo, aseg\u00farese de que sea alguien en quien conf\u00ede y en quien conf\u00ede, y alguien que tenga suficiente experiencia no solo para realizar la operaci\u00f3n, sino tambi\u00e9n para hacer un juicio cl\u00ednico informado y cambiar de rumbo si es necesario.<\/p>\n<p><iframe style=\"border: 0;\" src=\"https:\/\/www.google.com\/maps\/embed?pb=!1m14!1m8!1m3!1d14367.412158183242!2d-80.33006!3d25.808422!3m2!1i1024!2i768!4f13.1!3m3!1m2!1s0x0%3A0x6be16910198dacc1!2sDr.%20Sanjay%20Razdan!5e0!3m2!1sen!2sin!4v1642511173340!5m2!1sen!2sin\" width=\"100%\" height=\"400\" allowfullscreen=\"allowfullscreen\"><\/iframe><\/p>\n","protected":false},"excerpt":{"rendered":"<p>Este procedimiento de prostatectom\u00c3\u00ada rob\u00c3\u00b3tica incorpora un sistema quir\u00c3\u00bargico de \u00c3\u00baltima generaci\u00c3\u00b3n que ayuda a su cirujano a ver las estructuras anat\u00c3\u00b3micas vitales con mayor claridad ya realizar un procedimiento quir\u00c3\u00bargico m\u00c3\u00a1s preciso<\/p>\n","protected":false},"author":1,"featured_media":0,"parent":0,"menu_order":0,"comment_status":"closed","ping_status":"closed","template":"","meta":{"footnotes":""},"class_list":["post-34","page","type-page","status-publish","hentry"],"_links":{"self":[{"href":"https:\/\/miamiroboticprostatectomy.com\/sp\/wp-json\/wp\/v2\/pages\/34","targetHints":{"allow":["GET"]}}],"collection":[{"href":"https:\/\/miamiroboticprostatectomy.com\/sp\/wp-json\/wp\/v2\/pages"}],"about":[{"href":"https:\/\/miamiroboticprostatectomy.com\/sp\/wp-json\/wp\/v2\/types\/page"}],"author":[{"embeddable":true,"href":"https:\/\/miamiroboticprostatectomy.com\/sp\/wp-json\/wp\/v2\/users\/1"}],"replies":[{"embeddable":true,"href":"https:\/\/miamiroboticprostatectomy.com\/sp\/wp-json\/wp\/v2\/comments?post=34"}],"version-history":[{"count":55,"href":"https:\/\/miamiroboticprostatectomy.com\/sp\/wp-json\/wp\/v2\/pages\/34\/revisions"}],"predecessor-version":[{"id":2617,"href":"https:\/\/miamiroboticprostatectomy.com\/sp\/wp-json\/wp\/v2\/pages\/34\/revisions\/2617"}],"wp:attachment":[{"href":"https:\/\/miamiroboticprostatectomy.com\/sp\/wp-json\/wp\/v2\/media?parent=34"}],"curies":[{"name":"wp","href":"https:\/\/api.w.org\/{rel}","templated":true}]}}