{"id":35,"date":"2017-09-21T11:40:00","date_gmt":"2017-09-21T11:40:00","guid":{"rendered":"https:\/\/miamiroboticprostatectomy.com\/sp\/?page_id=35"},"modified":"2021-04-03T08:22:38","modified_gmt":"2021-04-03T08:22:38","slug":"preguntas-frecuentes-sobre-el-cancer-de-prostata","status":"publish","type":"page","link":"https:\/\/miamiroboticprostatectomy.com\/sp\/preguntas-frecuentes-sobre-el-cancer-de-prostata\/","title":{"rendered":"Preguntas frecuentes sobre el c\u00e1ncer de pr\u00f3stata"},"content":{"rendered":"<h4>La lucha contra el c\u00e1ncer de pr\u00f3stata es la segunda causa principal de muerte en los hombres<\/h4>\n<div class=\"mar-10\"><\/div>\n<div class=\"row\">\n<div id=\"main\" class=\"col-md-12\">\n<div id=\"accordion\" class=\"panel-group\" role=\"tablist\" aria-multiselectable=\"true\">\n<div class=\"panel panel-default\">\n<div id=\"headingTwo\" class=\"panel-heading\" role=\"tab\">\n<h4 class=\"panel-title\"><a class=\"collapsed\" role=\"button\" href=\"#collapse1\" data-toggle=\"collapse\" data-parent=\"#accordion\" aria-expanded=\"false\" aria-controls=\"collapse1\"><br \/>\n\u00bfQu\u00e9 es una prueba de PSA?<br \/>\n<\/a><\/h4>\n<\/div>\n<div id=\"collapse1\" class=\"panel-collapse collapse\" role=\"tabpanel\" aria-labelledby=\"headingTwo\">\n<div class=\"panel-body\">\n<p>La prueba del ant\u00edgeno prost\u00e1tico espec\u00edfico (PSA) utiliza una muestra de sangre para medir y controlar el nivel de PSA producido por la pr\u00f3stata. Es muy importante comprender que la prueba de PSA no es una prueba para el c\u00e1ncer de pr\u00f3stata. Cuando los niveles de PSA se controlan durante un per\u00edodo de a\u00f1os, los expertos en c\u00e1ncer de pr\u00f3stata como el Dr. Razdan pueden detectar picos o aumentos en los niveles de PSA de un hombre.<\/p>\n<\/div>\n<\/div>\n<\/div>\n<div class=\"panel panel-default\">\n<div id=\"headingTwo\" class=\"panel-heading\" role=\"tab\">\n<h4 class=\"panel-title\"><a class=\"collapsed\" role=\"button\" href=\"#collapse2\" data-toggle=\"collapse\" data-parent=\"#accordion\" aria-expanded=\"false\" aria-controls=\"collapse2\"><br \/>\n\u00bfQu\u00e9 significa el t\u00e9rmino velocidad de PSA?<br \/>\n<\/a><\/h4>\n<\/div>\n<div id=\"collapse2\" class=\"panel-collapse collapse\" role=\"tabpanel\" aria-labelledby=\"headingTwo\">\n<div class=\"panel-body\">\n<p>Su tasa de PSA es la tasa a la que cambian sus niveles de PSA durante un cierto per\u00edodo de tiempo. El mapeo de PSA realizado por un experto en c\u00e1ncer de pr\u00f3stata es la forma m\u00e1s precisa de determinar si las elevaciones de PSA son motivo de preocupaci\u00f3n. Por ejemplo, un nivel de PSA de 4.0 ng \/ ml se considera normal, sin embargo, cambios de m\u00e1s de 2.0 ng \/ ml por a\u00f1o son una indicaci\u00f3n de la posible presencia de c\u00e1ncer de pr\u00f3stata, una infecci\u00f3n o agrandamiento de la pr\u00f3stata.<\/p>\n<\/div>\n<\/div>\n<\/div>\n<div class=\"panel panel-default\">\n<div id=\"headingTwo\" class=\"panel-heading\" role=\"tab\">\n<h4 class=\"panel-title\"><a class=\"collapsed\" role=\"button\" href=\"#collapse3\" data-toggle=\"collapse\" data-parent=\"#accordion\" aria-expanded=\"false\" aria-controls=\"collapse3\"><br \/>\n\u00bfCu\u00e1ndo se debe realizar la prueba de PSA?<br \/>\n<\/a><\/h4>\n<\/div>\n<div id=\"collapse3\" class=\"panel-collapse collapse\" role=\"tabpanel\" aria-labelledby=\"headingTwo\">\n<div class=\"panel-body\">\n<p>La Asociaci\u00f3n Americana de Urolog\u00eda recomienda que la mayor\u00eda de los hombres solo necesiten una prueba de PSA cada 2 a\u00f1os. Los hombres de 55 a 69 a\u00f1os deben sopesar los pros y los contras de las pruebas de PSA antes de tomar su propia decisi\u00f3n sobre un programa de pruebas.<\/p>\n<p>Basado en la experiencia mundialmente reconocida del Dr. Razdan con el c\u00e1ncer de pr\u00f3stata, \u00e9l recomienda enf\u00e1ticamente que los hombres se comprometan con al menos una prueba de PSA cada a\u00f1o y se sometan a una prueba de referencia por edad. 40 a\u00f1os.<\/p>\n<p>El Dr. Razdan cree que todos los hombres mayores de 40 a\u00f1os deben someterse a un an\u00e1lisis de sangre de ant\u00edgeno prost\u00e1tico espec\u00edfico (PSA) y un examen rectal digital como parte de su examen f\u00edsico anual. Para aquellos hombres con factores de riesgo de c\u00e1ncer de pr\u00f3stata, como antecedentes familiares de la enfermedad o los hombres afroamericanos, la detecci\u00f3n debe comenzar incluso antes. Al monitorear los niveles de PSA, los hombres que est\u00e1n en riesgo de desarrollar la enfermedad pueden ser monitoreados de cerca y f\u00e1cilmente.<\/p>\n<p>Si se detecta un nivel elevado de PSA, se puede realizar una biopsia de pr\u00f3stata para confirmar la presencia de c\u00e1ncer.<\/p>\n<p>Para los hombres que a\u00fan no han comenzado a detectar sus niveles de PSA, pero que tienen dificultad para orinar, una sensaci\u00f3n constante de orinar, una sensaci\u00f3n de que no puede vaciar completamente la vejiga o sangre en la orina: consulte a su ur\u00f3logo de inmediato. Estos pueden ser signos de HPB o c\u00e1ncer de pr\u00f3stata.<\/p>\n<\/div>\n<\/div>\n<\/div>\n<div class=\"panel panel-default\">\n<div id=\"headingTwo\" class=\"panel-heading\" role=\"tab\">\n<h4 class=\"panel-title\"><a class=\"collapsed\" role=\"button\" href=\"#collapse4\" data-toggle=\"collapse\" data-parent=\"#accordion\" aria-expanded=\"false\" aria-controls=\"collapse4\"><br \/>\n\u00bfQu\u00e9 es el c\u00e1ncer de pr\u00f3stata?<br \/>\n<\/a><\/h4>\n<\/div>\n<div id=\"collapse4\" class=\"panel-collapse collapse\" role=\"tabpanel\" aria-labelledby=\"headingTwo\">\n<div class=\"panel-body\">\n<p>El c\u00e1ncer de pr\u00f3stata se refiere a las c\u00e9lulas anormales de la pr\u00f3stata, que es parte del sistema reproductivo masculino. La pr\u00f3stata se encuentra justo debajo de la vejiga y frente al recto. Una pr\u00f3stata normal tiene aproximadamente el tama\u00f1o de una nuez.<\/p>\n<p><b>\u00bfQui\u00e9n tiene riesgo de c\u00e1ncer de pr\u00f3stata?<\/b><\/p>\n<p>El c\u00e1ncer de pr\u00f3stata puede afectar a hombres de cualquier edad, pero es m\u00e1s com\u00fan en hombres mayores de 50 a\u00f1os. Ocho de cada 10 hombres con c\u00e1ncer de pr\u00f3stata tienen m\u00e1s de 65 a\u00f1os. Los hombres afroamericanos tienen un mayor riesgo, al igual que los hombres con <strong> antecedentes familiares de la enfermedad. <\/strong> Los hombres que consumen una dieta alta en grasas o que son obesos tambi\u00e9n pueden tener una mayor probabilidad de desarrollar c\u00e1ncer de pr\u00f3stata. <strong> La asociaci\u00f3n m\u00e1s fuerte es gen\u00e9tica. <\/strong> SSi su padre, t\u00edo o hermano tuvo c\u00e1ncer de pr\u00f3stata, usted tiene un riesgo mucho mayor de desarrollar la enfermedad y probablemente deber\u00eda comenzar a detectarla a los 40 a\u00f1os o incluso antes.<\/p>\n<\/div>\n<\/div>\n<\/div>\n<div class=\"panel panel-default\">\n<div id=\"headingThree\" class=\"panel-heading\" role=\"tab\">\n<h4 class=\"panel-title\"><a class=\"collapsed\" role=\"button\" href=\"#collapseThree\" data-toggle=\"collapse\" data-parent=\"#accordion\" aria-expanded=\"false\" aria-controls=\"collapseThree\"><br \/>\n\u00bfQu\u00e9 se puede hacer para reducir el riesgo de contraer la enfermedad?<br \/>\n<\/a><\/h4>\n<\/div>\n<div id=\"collapseThree\" class=\"panel-collapse collapse\" role=\"tabpanel\" aria-labelledby=\"headingThree\">\n<div class=\"panel-body\">\n<p>A medida que los investigadores contin\u00faan estudiando el efecto de la dieta y otros factores del estilo de vida sobre el riesgo de un hombre de desarrollar c\u00e1ncer de pr\u00f3stata, existen algunos cambios que pueden estar asociados con un menor riesgo de c\u00e1ncer de pr\u00f3stata. Se anima a los hombres a comer una dieta baja en grasas, especialmente grasa animal, y a incluir m\u00e1s frutas y verduras. Seg\u00fan el Instituto Nacional del C\u00e1ncer, los estudios muestran que una dieta rica en productos l\u00e1cteos y calcio tambi\u00e9n puede estar asociada con un mayor riesgo de c\u00e1ncer de pr\u00f3stata, aunque el aumento puede ser peque\u00f1o.<\/p>\n<div class=\"mar-10\"><\/div>\n<p>\u00bfCu\u00e1les son los s\u00edntomas del c\u00e1ncer de pr\u00f3stata?<\/p>\n<p>En la mayor\u00eda de los casos, el c\u00e1ncer de pr\u00f3stata en estadio temprano <strong> no causa ning\u00fan s\u00edntoma <\/strong>, pero pueden comenzar a aparecer a medida que crece el c\u00e1ncer. Los s\u00edntomas incluyen:<\/p>\n<div class=\"mar-10\"><\/div>\n<ul>\n<li>Dificultad para empezar a orinar<\/li>\n<li>Menos fuerza en el chorro de orina<\/li>\n<li>Orinar con frecuencia, especialmente por la noche.<\/li>\n<li>Dolor al orinar<\/li>\n<li>Sangre o pus en la orina<\/li>\n<li>Dolor en la cadera, la espalda baja o la pelvis inferior<\/li>\n<li>p\u00e9rdida involuntaria de peso y \/ o p\u00e9rdida de apetito<\/li>\n<\/ul>\n<\/div>\n<\/div>\n<\/div>\n<div class=\"panel panel-default\">\n<div id=\"headingfour\" class=\"panel-heading\" role=\"tab\">\n<h4 class=\"panel-title\"><a class=\"collapsed\" role=\"button\" href=\"#collapsefour\" data-toggle=\"collapse\" data-parent=\"#accordion\" aria-expanded=\"false\" aria-controls=\"collapsefour\"><br \/>\n\u00bfQu\u00e9 tipos de opciones hay disponibles para tratar el c\u00e1ncer de pr\u00f3stata?<br \/>\n<\/a><\/h4>\n<\/div>\n<div id=\"collapsefour\" class=\"panel-collapse collapse\" role=\"tabpanel\" aria-labelledby=\"headingfour\">\n<div class=\"panel-body\">\n<p>El c\u00e1ncer de pr\u00f3stata se puede tratar con \u00e9xito si se detecta temprano, antes de que se disemine a otras partes del cuerpo. La cirug\u00eda, la radioterapia, la crioablaci\u00f3n y el tratamiento hormonal son opciones razonables en el entorno cl\u00ednico apropiado. Una nueva opci\u00f3n de tratamiento para los pacientes es el desarrollo de una nueva forma revolucionaria de cirug\u00eda de pr\u00f3stata, la <strong> <u> prostatectom\u00eda rob\u00f3tica <\/u> <\/strong>, que permite al cirujano realizar procedimientos m\u00ednimamente invasivos, como la extracci\u00f3n de pr\u00f3stata, en zonas de dif\u00edcil acceso con mayor precisi\u00f3n. Debido a que esta tecnolog\u00eda es menos invasiva que otras opciones quir\u00fargicas, los pacientes experimentan un dolor m\u00ednimo, una p\u00e9rdida m\u00ednima de sangre y una recuperaci\u00f3n m\u00e1s r\u00e1pida. Los pacientes que se someten a este procedimiento pueden esperar una excelente oportunidad de cura con un regreso a sus actividades normales en unos d\u00edas.<\/p>\n<p>En el Instituto Internacional de Prostatectom\u00eda Rob\u00f3tica, el cirujano rob\u00f3tico de renombre mundial Dr. Sanjay Razdan y su equipo de asistentes altamente capacitados y experimentados ahora incluso ofrecen <strong> <u> Cirug\u00eda rob\u00f3tica ambulatoria para el c\u00e1ncer de pr\u00f3stata. &lt;\/ \u200b\u200bu&gt; &lt;\/ strong &gt;.Afortunadamente, en la mayor\u00eda de los casos, los pacientes no tienen problemas con <b> incontinencia o impotencia <\/b>. El Dr. Razdan desarroll\u00f3 recientemente su propia t\u00e9cnica de <b> &#8220;Preservaci\u00f3n combinada de los nervios anter\u00f3grado y retr\u00f3grado&#8221; <\/b> lo que ha resultado <b> resultados muy superiores con respecto a la funci\u00f3n er\u00e9ctil. <\/b> Despu\u00e9s de cirug\u00eda, <strong> <u> nuestro programa de rehabilitaci\u00f3n de pene <\/u> <\/strong> Est\u00e1 especialmente indicado trabajar con compasi\u00f3n con cada paciente de forma individual, para asegurar los excelentes resultados que este centro ha reconocido.<\/u><\/strong><\/p>\n<\/div>\n<\/div>\n<\/div>\n<div class=\"panel panel-default\">\n<div id=\"headingfive\" class=\"panel-heading\" role=\"tab\">\n<h4 class=\"panel-title\"><a class=\"collapsed\" role=\"button\" href=\"#collapsefive\" data-toggle=\"collapse\" data-parent=\"#accordion\" aria-expanded=\"false\" aria-controls=\"collapsefive\"><br \/>\n\u00bfC\u00f3mo pueden los hombres aprender m\u00e1s sobre el c\u00e1ncer de pr\u00f3stata y las diversas opciones de tratamiento?<br \/>\n<\/a><\/h4>\n<\/div>\n<div id=\"collapsefive\" class=\"panel-collapse collapse\" role=\"tabpanel\" aria-labelledby=\"headingfive\">\n<div class=\"panel-body\">\n<p>El <strong> <u> Instituto Internacional de Prostatectom\u00eda Rob\u00f3tica <\/u> <\/strong> es un recurso l\u00edder para <b> Pruebas de diagn\u00f3stico y tratamiento de \u00faltima generaci\u00f3n para la pr\u00f3stata y otros problemas urol\u00f3gicos. <\/b> El centro cuenta con m\u00e9dicos y expertos reconocidos internacionalmente en este tipo de enfermedades. los <strong> <u> L\u00ednea de apoyo para el c\u00e1ncer <\/u> <\/strong> Dr. Razdan&#8217;s, que tiene cientos de pacientes inscritos, es otro recurso valioso para los pacientes que buscan informaci\u00f3n sobre el tratamiento del c\u00e1ncer. C\u00e1ncer de pr\u00f3stata y qu\u00e9 esperar despu\u00e9s de la cirug\u00eda.<\/p>\n<\/div>\n<\/div>\n<\/div>\n<div class=\"panel panel-default\">\n<div id=\"headingsix\" class=\"panel-heading\" role=\"tab\">\n<h4 class=\"panel-title\"><a class=\"collapsed\" role=\"button\" href=\"#collapsesix\" data-toggle=\"collapse\" data-parent=\"#accordion\" aria-expanded=\"false\" aria-controls=\"collapsesix\"><br \/>\n\u00bfC\u00f3mo puedo mantener sana mi pr\u00f3stata?<\/a><\/h4>\n<\/div>\n<div id=\"collapsesix\" class=\"panel-collapse collapse\" role=\"tabpanel\" aria-labelledby=\"headingsix\">\n<div class=\"panel-body\">\n<p>La mayor\u00eda de los hombres evitan hablar sobre el c\u00e1ncer de pr\u00f3stata. Sin embargo, es importante hablar de ello ya que esto puede salvar vidas. A continuaci\u00f3n se ofrecen algunos consejos que le ayudar\u00e1n a mejorar la salud de su pr\u00f3stata:<\/p>\n<p>1. Come una dieta balanceada<br \/>\nAgregue muchas verduras de hoja verde a su dieta. Es muy importante mantener una pr\u00f3stata sana. Estas verduras est\u00e1n cargadas de vitaminas y poderosos antioxidantes que lo mantienen a usted y a su pr\u00f3stata saludables. Por lo tanto, incluya lechuga, br\u00f3coli, col rizada y espinacas en su dieta diaria.<\/p>\n<p>2. Absorber el sol<br \/>\nUna exposici\u00f3n muy peque\u00f1a al sol puede aumentar su riesgo de c\u00e1ncer de pr\u00f3stata. El sol es una buena fuente de valiosa vitamina D. Esto es crucial para minimizar el riesgo de c\u00e1ncer de pr\u00f3stata. La vitamina tambi\u00e9n ofrece muchos otros beneficios para la salud, como una salud card\u00edaca \u00f3ptima y un p\u00e1ncreas y ri\u00f1ones m\u00e1s saludables.<\/p>\n<p>3. ser examinado<br \/>\nDebe hacerse la prueba en uno de los centros de tratamiento de c\u00e1ncer de pr\u00f3stata de renombre. Las recomendaciones de detecci\u00f3n pueden variar seg\u00fan el nivel de riesgo del paciente. En caso de que tenga un alto riesgo, es fundamental que considere la posibilidad de hacerse una prueba de detecci\u00f3n del c\u00e1ncer de pr\u00f3stata a los 40 a\u00f1os. Los hombres con riesgo normal pueden considerar la posibilidad de hacerse la prueba a partir de los 55 a\u00f1os. El grupo de riesgo medio tambi\u00e9n debe hacerse la prueba a los 40 a\u00f1os.<\/p>\n<p>Los ex\u00e1menes pueden incluir:<br \/>\n&#8211; Un examen rectal digital.<br \/>\n&#8211; Un an\u00e1lisis de sangre para el ant\u00edgeno prost\u00e1tico espec\u00edfico (PSA)<br \/>\nEn caso de que la prueba de PSA indique que los resultados est\u00e1n por encima de lo normal, pero tuvo un examen rectal digital normal, puede ser candidato para la prueba: \u00cdndice de salud de la pr\u00f3stata.<br \/>\nEl an\u00e1lisis de sangre para el c\u00e1ncer de pr\u00f3stata es similar al an\u00e1lisis de PSA. Sin embargo, proporciona resultados con mayor especificidad.<br \/>\nRiesgo mayor<br \/>\nSe considera que los hombres del siguiente grupo tienen un mayor riesgo de desarrollar c\u00e1ncer de pr\u00f3stata que otros:<br \/>\n&#8211; Hombres de origen escandinavo.<br \/>\n&#8211; Afroamericano<br \/>\n&#8211; Hombres con dos o m\u00e1s familiares diagnosticados con c\u00e1ncer de pr\u00f3stata<\/p>\n<\/div>\n<\/div>\n<\/div>\n<\/div>\n<\/div>\n<\/div>\n","protected":false},"excerpt":{"rendered":"<p>La lucha contra el c\u00e1ncer de pr\u00f3stata es la segunda causa principal de muerte en los hombres \u00bfQu\u00e9 es una prueba de PSA? La prueba del ant\u00edgeno prost\u00e1tico espec\u00edfico (PSA) utiliza una muestra de sangre para medir y controlar el nivel de PSA producido por la pr\u00f3stata. Es muy importante comprender que la prueba de [&hellip;]<\/p>\n","protected":false},"author":1,"featured_media":0,"parent":0,"menu_order":0,"comment_status":"closed","ping_status":"closed","template":"","meta":{"footnotes":""},"class_list":["post-35","page","type-page","status-publish","hentry"],"_links":{"self":[{"href":"https:\/\/miamiroboticprostatectomy.com\/sp\/wp-json\/wp\/v2\/pages\/35","targetHints":{"allow":["GET"]}}],"collection":[{"href":"https:\/\/miamiroboticprostatectomy.com\/sp\/wp-json\/wp\/v2\/pages"}],"about":[{"href":"https:\/\/miamiroboticprostatectomy.com\/sp\/wp-json\/wp\/v2\/types\/page"}],"author":[{"embeddable":true,"href":"https:\/\/miamiroboticprostatectomy.com\/sp\/wp-json\/wp\/v2\/users\/1"}],"replies":[{"embeddable":true,"href":"https:\/\/miamiroboticprostatectomy.com\/sp\/wp-json\/wp\/v2\/comments?post=35"}],"version-history":[{"count":44,"href":"https:\/\/miamiroboticprostatectomy.com\/sp\/wp-json\/wp\/v2\/pages\/35\/revisions"}],"predecessor-version":[{"id":1745,"href":"https:\/\/miamiroboticprostatectomy.com\/sp\/wp-json\/wp\/v2\/pages\/35\/revisions\/1745"}],"wp:attachment":[{"href":"https:\/\/miamiroboticprostatectomy.com\/sp\/wp-json\/wp\/v2\/media?parent=35"}],"curies":[{"name":"wp","href":"https:\/\/api.w.org\/{rel}","templated":true}]}}