{"id":4,"date":"2017-09-21T10:25:10","date_gmt":"2017-09-21T10:25:10","guid":{"rendered":"https:\/\/miamiroboticprostatectomy.com\/sp\/?page_id=4"},"modified":"2025-04-30T01:39:05","modified_gmt":"2025-04-30T05:39:05","slug":"dr-razdan","status":"publish","type":"page","link":"https:\/\/miamiroboticprostatectomy.com\/sp\/dr-razdan\/","title":{"rendered":"Dr. Razdan"},"content":{"rendered":"<p><iframe src=\"https:\/\/www.youtube.com\/embed\/hoHahLBWxCY?&amp;autohide=2&amp;modestbranding=1\" width=\"100%\" height=\"350\" frameborder=\"0\" allowfullscreen=\"allowfullscreen\"><\/iframe><\/p>\n<div class=\"mar-10\"><\/div>\n<p><strong> Sanjay Razdan, M.D., MCh,(Glasg) <\/strong> es el profesor y presidente del Instituto Internacional de Robotica para el Cancer de Prostata, una instalaci\u00f3n de vanguardia reconocida mundialmente, dedicada exclusivamente al tratamiento del c\u00e1ncer de pr\u00f3stata. <strong> \u00c9l es el ex Director del Centro de Excelencia de Urolog\u00eda y el Presidente del Departamento de Cirug\u00eda del <\/strong> Jackson South Hospital en Miami. Como uno de los l\u00edderes mundiales en cirug\u00eda rob\u00f3tica de pr\u00f3stata para el c\u00e1ncer de pr\u00f3stata, su serie se encuentra entre las m\u00e1s grandes realizadas por un solo cirujano en el mundo. <strong> Dr. Razdan es tambi\u00e9n uno de los pioneros en realizar con \u00e9xito procedimientos rob\u00f3ticos de rescate para fallas de radiaci\u00f3n y criog\u00e9nicas. <\/strong> El centro cuenta con una l\u00ednea de apoyo para el c\u00e1ncer donde todos sus pacientes pueden compartir su experiencia con la cirug\u00eda de pr\u00f3stata.<\/p>\n<p>El Dr. Razdan se gradu\u00f3 como el mejor de su clase en la facultad de medicina y recibi\u00f3 m\u00e1s de <strong> 12 medallas de oro por excelencia acad\u00e9mica <\/strong>. Complet\u00f3 su residencia en urolog\u00eda en UM \/ Jackson, donde nuevamente fue calificado como el mejor residente graduado. Luego pas\u00f3 a una beca avanzada en endourolog\u00eda y oncolog\u00eda urol\u00f3gica m\u00ednimamente invasiva, incluido el sistema quir\u00fargico rob\u00f3tico daVinci <sup> \u00ae <\/sup> en el Hospital Universitario Thomas Jefferson en Filadelfia. Mientras estuvo en Jefferson, recibi\u00f3 por segunda vez en su carrera el <strong> Premio Pfizer <\/strong> por su destacada contribuci\u00f3n al campo de la urolog\u00eda. Tambi\u00e9n ha sido galardonado con el prestigioso premio de <strong> \u201ccirujano laparosc\u00f3pico destacado\u201d <\/strong> de la sociedad de cirujanos laparoendosc\u00f3picos. El Dr. Razdan es uno de los primeros ur\u00f3logos en el sur de Florida en realizar la <strong> \u201ccirug\u00eda rob\u00f3tica radical de pr\u00f3stata daVinci <sup> \u00ae <\/sup> de \u00faltima generaci\u00f3n\u201d <\/strong>. Tambi\u00e9n es el Director del &#8220;Centro Integral de C\u00e1lculos Renales&#8221; de Miami, que se ocupa de todos los aspectos del tratamiento y la prevenci\u00f3n de la enfermedad de c\u00e1lculos renales.<\/p>\n<p>Como uno de los pocos de \u00e9lite en el pa\u00eds que est\u00e1 capacitado en cirug\u00eda rob\u00f3tica y l\u00e1ser de alta tecnolog\u00eda, el Dr. Razdan ha presentado en muchos seminarios m\u00e9dicos a nivel nacional e internacional y ha recibido m\u00faltiples premios. Adem\u00e1s, es el <strong> Director de la muy codiciada Beca en Endourolog\u00eda y Cirug\u00eda Rob\u00f3tica <\/strong>, continuando la reconocida excelencia m\u00e9dica por la que se conoce al Jackson Health System. El Dr. Razdan est\u00e1 <strong> certificado por la Junta Estadounidense de Urolog\u00eda y la Sociedad de Endourolog\u00eda <\/strong>.<\/p>\n","protected":false},"excerpt":{"rendered":"<p>Sanjay Razdan, M.D., MCh,(Glasg) es el profesor y presidente del Instituto Internacional de Robotica para el Cancer de Prostata, una instalaci\u00f3n de vanguardia reconocida mundialmente, dedicada exclusivamente al tratamiento del c\u00e1ncer de pr\u00f3stata. \u00c9l es el ex Director del Centro de Excelencia de Urolog\u00eda y el Presidente del Departamento de Cirug\u00eda del Jackson South Hospital [&hellip;]<\/p>\n","protected":false},"author":1,"featured_media":0,"parent":0,"menu_order":0,"comment_status":"closed","ping_status":"closed","template":"","meta":{"footnotes":""},"class_list":["post-4","page","type-page","status-publish","hentry"],"_links":{"self":[{"href":"https:\/\/miamiroboticprostatectomy.com\/sp\/wp-json\/wp\/v2\/pages\/4","targetHints":{"allow":["GET"]}}],"collection":[{"href":"https:\/\/miamiroboticprostatectomy.com\/sp\/wp-json\/wp\/v2\/pages"}],"about":[{"href":"https:\/\/miamiroboticprostatectomy.com\/sp\/wp-json\/wp\/v2\/types\/page"}],"author":[{"embeddable":true,"href":"https:\/\/miamiroboticprostatectomy.com\/sp\/wp-json\/wp\/v2\/users\/1"}],"replies":[{"embeddable":true,"href":"https:\/\/miamiroboticprostatectomy.com\/sp\/wp-json\/wp\/v2\/comments?post=4"}],"version-history":[{"count":9,"href":"https:\/\/miamiroboticprostatectomy.com\/sp\/wp-json\/wp\/v2\/pages\/4\/revisions"}],"predecessor-version":[{"id":1910,"href":"https:\/\/miamiroboticprostatectomy.com\/sp\/wp-json\/wp\/v2\/pages\/4\/revisions\/1910"}],"wp:attachment":[{"href":"https:\/\/miamiroboticprostatectomy.com\/sp\/wp-json\/wp\/v2\/media?parent=4"}],"curies":[{"name":"wp","href":"https:\/\/api.w.org\/{rel}","templated":true}]}}