{"id":6,"date":"2017-09-21T10:25:28","date_gmt":"2017-09-21T10:25:28","guid":{"rendered":"https:\/\/miamiroboticprostatectomy.com\/sp\/?page_id=6"},"modified":"2021-11-01T10:23:46","modified_gmt":"2021-11-01T10:23:46","slug":"prostate-cancer","status":"publish","type":"page","link":"https:\/\/miamiroboticprostatectomy.com\/sp\/prostate-cancer\/","title":{"rendered":"Prostate Cancer"},"content":{"rendered":"<p><iframe width=\"100%\" height=\"350\" src=\"https:\/\/www.youtube.com\/embed\/hoHahLBWxCY?&amp;autohide=2&amp;modestbranding=1\" frameborder=\"0\" allowfullscreen=\"\"><\/iframe><\/p>\n<div class=\"mar-10\"><\/div>\n<div class=\"row\">\n<div class=\"col-md-8 col-sm-8 col-xs-6\">\n<p><strong> Sanjay Razdan, M.D., MCh. <\/strong> es profesor y presidente del Instituto Internacional de Prostatectom\u00eda Rob\u00f3tica, una instalaci\u00f3n de vanguardia reconocida a nivel mundial, dedicada exclusivamente al tratamiento del c\u00e1ncer de pr\u00f3stata.<\/p>\n<p><strong> Tambi\u00e9n es el Director de Urolog\u00eda Rob\u00f3tica en los Centros MiVIP de Miami. <\/strong> El Dr. Razdan es el ex Director del Centro de Excelencia en Urolog\u00eda y el ex Presidente del Departamento de Cirug\u00eda del Jackson South Hospital en Miami.<\/p>\n<p>Como uno de los l\u00edderes mundiales en cirug\u00eda rob\u00f3tica de pr\u00f3stata para el c\u00e1ncer de pr\u00f3stata, su serie se encuentra entre las m\u00e1s grandes realizadas por un solo cirujano en el mundo. <strong> El Dr. Razdan tambi\u00e9n es uno de los pioneros en realizar con \u00e9xito procedimientos rob\u00f3ticos de rescate para radiaci\u00f3n y crio fracasos. <\/strong> El centro cuenta con una l\u00ednea de apoyo oncol\u00f3gico donde todos sus pacientes pueden compartir su experiencia con la cirug\u00eda de pr\u00f3stata.<\/p>\n<p>\u201cEl primer texto que se enfoca exclusivamente en los aspectos anat\u00f3micos, fisiol\u00f3gicos, patol\u00f3gicos y t\u00e9cnicos de la continencia urinaria post-prostatectom\u00eda rob\u00f3tica y la funci\u00f3n er\u00e9ctil. El primer texto que se enfoca exclusivamente en los aspectos anat\u00f3micos, fisiol\u00f3gicos, patol\u00f3gicos y t\u00e9cnicos de la prostatectom\u00eda urinaria post-rob\u00f3tica continencia y funci\u00f3n er\u00e9ctil &#8220;.<\/p>\n<\/div>\n<div class=\"col-md-4 col-sm-4 col-xs-6\">\n\t\t<img decoding=\"async\" src=\"http:\/\/jrmdlive.com\/doctormiami\/wp-content\/uploads\/2017\/09\/bio-1.jpg\" class=\"img-fluid\" alt=\"bio-1\" title=\"\"><\/div>\n<\/div>\n<div class=\"mar-10\"><\/div>\n<div class=\"row\">\n<div class=\"col-md-4 col-sm-4 col-xs-6\">\n\t\t<img decoding=\"async\" src=\"http:\/\/jrmdlive.com\/doctormiami\/wp-content\/uploads\/2017\/09\/bio-2.jpg\" class=\"img-fluid\" alt=\"bio-2\" title=\"\"><\/div>\n<div class=\"col-md-8 col-sm-8 col-xs-6\">\n<p>El Dr. Razdan se gradu\u00f3 como el mejor de su clase en la escuela de medicina y recibi\u00f3 m\u00e1s de <strong> 12 medallas de oro por excelencia acad\u00e9mica. <\/strong> Complet\u00f3 su residencia en urolog\u00eda en UM \/ Jackson, donde nuevamente fue clasificado como el mejor residente graduado.<\/p>\n<p>Luego pas\u00f3 a una beca avanzada en endourolog\u00eda y oncolog\u00eda urol\u00f3gica m\u00ednimamente invasiva, incluido el sistema quir\u00fargico rob\u00f3tico daVinci en el Hospital Universitario Thomas Jefferson en Filadelfia. Mientras estuvo en Jefferson, recibi\u00f3 por segunda vez en su carrera el <strong> Premio Pfizer <\/strong> por su destacada contribuci\u00f3n al campo de la urolog\u00eda.<\/p>\n<p> Tambi\u00e9n ha sido galardonado con el prestigioso premio de <strong> \u201ccirujano laparosc\u00f3pico destacado\u201d <\/strong> de la sociedad de cirujanos laparoendosc\u00f3picos. El Dr. Razdan es uno de los primeros ur\u00f3logos en el sur de Florida en realizar la <strong> \u201ccirug\u00eda de pr\u00f3stata radical rob\u00f3tica daVinci\u201d <\/strong> de \u00faltima generaci\u00f3n. Tambi\u00e9n es el Director del &#8220;Centro Integral de C\u00e1lculos Renales&#8221; de Miami, que se ocupa de todos los aspectos del tratamiento y la prevenci\u00f3n de la enfermedad de c\u00e1lculos renales.<\/p>\n<\/div>\n<\/div>\n<div class=\"mar-10\"><\/div>\n<p><img decoding=\"async\" src=\"http:\/\/jrmdlive.com\/doctormiami\/wp-content\/uploads\/2017\/09\/bio-3.jpg\" class=\"img-fluid\" alt=\"bio-1\" title=\"\"><\/p>\n<div class=\"mar-10\"><\/div>\n<p>Como uno de los pocos de \u00e9lite en el pa\u00eds que est\u00e1 capacitado en cirug\u00eda rob\u00f3tica y l\u00e1ser de alta tecnolog\u00eda, el Dr. Razdan ha presentado en muchos seminarios m\u00e9dicos a nivel nacional e internacional y ha recibido m\u00faltiples premios.<\/p>\n<\/p>\n<p>Adem\u00e1s, es el <strong> Director de la muy codiciada Beca en Endourolog\u00eda y Cirug\u00eda Rob\u00f3tica. El Dr. Razdan est\u00e1 certificado por la Junta Estadounidense de Urolog\u00eda y la Sociedad de Endourolog\u00eda. <\/strong><\/p>\n","protected":false},"excerpt":{"rendered":"<p>No solo se trata de la eliminaci\u00c3\u00b3n del c\u00c3\u00a1ncer de pr\u00c3\u00b3stata, tambi\u00c3\u00a9n se trata de mantener la calidad de vida despu\u00c3\u00a9s. <b> &#8220;Mantener la continencia urinaria y la funci\u00c3\u00b3n er\u00c3\u00a9ctil&#8221; <\/b> es en lo que nos destacamos. El Dr. Razdan lidera a todos los dem\u00c3\u00a1s cirujanos del sur de la Florida en el n\u00c3\u00bamero de prostatectom\u00c3\u00adas rob\u00c3\u00b3ticas realizadas y los resultados con respecto al control del c\u00c3\u00a1ncer, la funci\u00c3\u00b3n er\u00c3\u00a9ctil y continencia urinaria. Con <b> m\u00c3\u00a1s de 7,500 pacientes satisfechos <\/b>, tenemos los testimonios para respaldar nuestros reclamos. <\/p>\n<h4> \u00c2\u00a1CUANDO SE TRATA DE PROSTAR EL C\u00c3\u0081NCER, LA EXPERIENCIA CUENTA! <\/h4>\n<p> Usando el sistema de robot da Vinci, puedo realizar una prostatectom\u00c3\u00ada rob\u00c3\u00b3tica m\u00c3\u00adnimamente invasiva en pacientes con c\u00c3\u00a1ncer de pr\u00c3\u00b3stata en menos de 1 hora y mis pacientes experimentan una p\u00c3\u00a9rdida de sangre m\u00c3\u00adnima o nula. Como resultado, los pacientes pueden abandonar el hospital en 12 horas y solo requieren un cat\u00c3\u00a9ter durante cinco d\u00c3\u00adas. Adem\u00c3\u00a1s, los pacientes <b> experimentan un retorno m\u00c3\u00a1s r\u00c3\u00a1pido a la actividad normal y un retorno m\u00c3\u00a1s temprano a la actividad sexual y un excelente control urinario <\/b>, motivo por el cual nos complace ofrecer esta opci\u00c3\u00b3n avanzada a los pacientes. Explore nuestro sitio web para obtener m\u00c3\u00a1s informaci\u00c3\u00b3n sobre la cirug\u00c3\u00ada rob\u00c3\u00b3tica de pr\u00c3\u00b3stata da Vinci para el c\u00c3\u00a1ncer de pr\u00c3\u00b3stata y cont\u00c3\u00a1ctenos para obtener a\u00c3\u00ban m\u00c3\u00a1s informaci\u00c3\u00b3n &#8220;.<br \/>\nVisite nuestro sitio web y consulte los testimonios de pacientes para obtener m\u00c3\u00a1s informaci\u00c3\u00b3n sobre el trabajo estelar que se realiza en el <b> \u00c3\u0161NICO INSTITUTO <\/b> en el sur de la Florida dedicado exclusivamente al tratamiento del c\u00c3\u00a1ncer de pr\u00c3\u00b3stata. <\/p>\n","protected":false},"author":1,"featured_media":0,"parent":0,"menu_order":0,"comment_status":"closed","ping_status":"closed","template":"","meta":{"footnotes":""},"class_list":["post-6","page","type-page","status-publish","hentry"],"_links":{"self":[{"href":"https:\/\/miamiroboticprostatectomy.com\/sp\/wp-json\/wp\/v2\/pages\/6","targetHints":{"allow":["GET"]}}],"collection":[{"href":"https:\/\/miamiroboticprostatectomy.com\/sp\/wp-json\/wp\/v2\/pages"}],"about":[{"href":"https:\/\/miamiroboticprostatectomy.com\/sp\/wp-json\/wp\/v2\/types\/page"}],"author":[{"embeddable":true,"href":"https:\/\/miamiroboticprostatectomy.com\/sp\/wp-json\/wp\/v2\/users\/1"}],"replies":[{"embeddable":true,"href":"https:\/\/miamiroboticprostatectomy.com\/sp\/wp-json\/wp\/v2\/comments?post=6"}],"version-history":[{"count":23,"href":"https:\/\/miamiroboticprostatectomy.com\/sp\/wp-json\/wp\/v2\/pages\/6\/revisions"}],"predecessor-version":[{"id":1822,"href":"https:\/\/miamiroboticprostatectomy.com\/sp\/wp-json\/wp\/v2\/pages\/6\/revisions\/1822"}],"wp:attachment":[{"href":"https:\/\/miamiroboticprostatectomy.com\/sp\/wp-json\/wp\/v2\/media?parent=6"}],"curies":[{"name":"wp","href":"https:\/\/api.w.org\/{rel}","templated":true}]}}