{"id":910,"date":"2017-10-27T10:22:16","date_gmt":"2017-10-27T10:22:16","guid":{"rendered":"https:\/\/miamiroboticprostatectomy.com\/sp?page_id=910"},"modified":"2022-01-18T13:31:47","modified_gmt":"2022-01-18T13:31:47","slug":"reparacion-robotica-de-hernia-inguinal","status":"publish","type":"page","link":"https:\/\/miamiroboticprostatectomy.com\/sp\/reparacion-robotica-de-hernia-inguinal\/","title":{"rendered":"Robotic Inguinal Hernia Repair"},"content":{"rendered":"<h3>Robotic Inguinal Hernia Repair by Dr. Razdan<\/h3>\n<h5 class=\"pg-hdng\">\u00a1Menos dolor con una incisi\u00f3n m\u00e1s peque\u00f1a!<\/h5>\n<p>Gracias a las innovaciones en tecnolog\u00eda rob\u00f3tica, el Dr. Razdan puede realizar una cirug\u00eda de reparaci\u00f3n de hernias a trav\u00e9s de peque\u00f1as incisiones en lugar de las grandes incisiones asociadas con la cirug\u00eda abierta tradicional. El resultado es menos da\u00f1o a los tejidos circundantes, menos dolor para el paciente y una recuperaci\u00f3n mucho m\u00e1s r\u00e1pida, a menudo en cuesti\u00f3n de d\u00edas.<\/p>\n<div class=\"mar-10\"><\/div>\n<p><a target=\"_blank\" href=\"https:\/\/www.youtube.com\/watch?v=gy72ciQtqCI\" rel=\"noopener noreferrer\"><img decoding=\"async\" class=\"img-responsive\" src=\"https:\/\/miamiroboticprostatectomy.com\/sp\/wp-content\/uploads\/2020\/12\/Hernial-sac.jpg\" alt=\"\" title=\"\"><\/a><\/p>\n<div class=\"mar-10\"><\/div>\n<p>Las t\u00e9cnicas quir\u00fargicas rob\u00f3ticas se han utilizado durante a\u00f1os para proporcionar un tratamiento avanzado para afecciones urol\u00f3gicas. Ahora, el Dr. Sanjay Razdan aplica la misma tecnolog\u00eda a otros tipos de procedimientos, incluida la reparaci\u00f3n de hernias.<\/p>\n<p>Con una de las <b> experiencias m\u00e1s importantes en prostatectom\u00eda rob\u00f3tica simult\u00e1nea y reparaci\u00f3n de hernias inguinales <\/b>, el Dr. Razdan ha ampliado su repertorio para incluir pacientes con hernias inguinales. Estos pacientes ahora pueden ser tratados con <b> reparaci\u00f3n rob\u00f3tica de hernia inguinal de forma ambulatoria. <\/b><\/p>\n<div class=\"mar-10\"><\/div>\n<h4><strong>Qu\u00e9 es exactamente una hernia?<\/strong><\/h4>\n<p>Las hernias ocurren cuando un \u00f3rgano se contrae a trav\u00e9s de un desgarro o un punto d\u00e9bil en el tejido que lo rodea. Los lugares comunes para las hernias incluyen la ingle, el ombligo y las cicatrices anteriores de una cirug\u00eda. La cirug\u00eda de reparaci\u00f3n de hernias consiste en devolver el \u00f3rgano a su lugar adecuado y reparar los desgarros en el tejido circundante.<\/p>\n<div class = \"mar-10\"> <\/div>\n<p>La cirug\u00eda rob\u00f3tica ofrece una serie de ventajas sobre la cirug\u00eda abierta tradicional y los procedimientos laparosc\u00f3picos est\u00e1ndar. Si bien la cirug\u00eda abierta ofrece una vista completa del abdomen y la capacidad de trabajar libremente dentro del \u00e1rea afectada, requiere una gran incisi\u00f3n a trav\u00e9s de los m\u00fasculos y tejidos. Este tipo de incisi\u00f3n puede ser m\u00e1s doloroso y tardar m\u00e1s en sanar.<\/p>\n<div class=\"mar-10\"><\/div>\n<h4><strong>Las ventajas de la reparaci\u00f3n rob\u00f3tica de hernia inguinal incluyen:<\/strong><\/h4>\n<div class=\"mar-10\"><\/div>\n<ul>\n<li> <b> Una peque\u00f1a incisi\u00f3n. <\/b> Una incisi\u00f3n del tama\u00f1o de un borrador de l\u00e1piz reduce las cicatrices, el tiempo de recuperaci\u00f3n, la p\u00e9rdida de sangre y el riesgo de infecci\u00f3n. <\/li>\n<li> <b> Mejor visibilidad. <\/b> El uso de una c\u00e1mara 3D de alta definici\u00f3n proporciona al cirujano una mejor visibilidad que la cirug\u00eda laparosc\u00f3pica m\u00ednimamente invasiva. <\/li>\n<li> <b> Mayor precisi\u00f3n. <\/b> Los brazos rob\u00f3ticos torcidos tienen un rango de movimiento mayor que el de una mano humana. Esto permite al cirujano maniobrar los instrumentos de una manera que proporcione los mejores resultados quir\u00fargicos. <\/li>\n<\/ul>\n<p><b> Para obtener m\u00e1s informaci\u00f3n sobre la reparaci\u00f3n rob\u00f3tica de una hernia inguinal, llame hoy al 305-251-8650. <\/b><\/p>\n<p><iframe src=\"https:\/\/www.google.com\/maps\/embed?pb=!1m14!1m8!1m3!1d14367.412158183242!2d-80.33006!3d25.808422!3m2!1i1024!2i768!4f13.1!3m3!1m2!1s0x0%3A0x6be16910198dacc1!2sDr.%20Sanjay%20Razdan!5e0!3m2!1sen!2sin!4v1642511173340!5m2!1sen!2sin\" width=\"100%\" height=\"400\" style=\"border:0;\" allowfullscreen=\"\" loading=\"lazy\"><\/iframe><\/p>\n","protected":false},"excerpt":{"rendered":"<p>Robotic Inguinal Hernia Repair by Dr. Razdan \u00a1Menos dolor con una incisi\u00f3n m\u00e1s peque\u00f1a! Gracias a las innovaciones en tecnolog\u00eda rob\u00f3tica, el Dr. Razdan puede realizar una cirug\u00eda de reparaci\u00f3n de hernias a trav\u00e9s de peque\u00f1as incisiones en lugar de las grandes incisiones asociadas con la cirug\u00eda abierta tradicional. El resultado es menos da\u00f1o a [&hellip;]<\/p>\n","protected":false},"author":1,"featured_media":0,"parent":0,"menu_order":0,"comment_status":"closed","ping_status":"closed","template":"","meta":{"footnotes":""},"class_list":["post-910","page","type-page","status-publish","hentry"],"_links":{"self":[{"href":"https:\/\/miamiroboticprostatectomy.com\/sp\/wp-json\/wp\/v2\/pages\/910","targetHints":{"allow":["GET"]}}],"collection":[{"href":"https:\/\/miamiroboticprostatectomy.com\/sp\/wp-json\/wp\/v2\/pages"}],"about":[{"href":"https:\/\/miamiroboticprostatectomy.com\/sp\/wp-json\/wp\/v2\/types\/page"}],"author":[{"embeddable":true,"href":"https:\/\/miamiroboticprostatectomy.com\/sp\/wp-json\/wp\/v2\/users\/1"}],"replies":[{"embeddable":true,"href":"https:\/\/miamiroboticprostatectomy.com\/sp\/wp-json\/wp\/v2\/comments?post=910"}],"version-history":[{"count":14,"href":"https:\/\/miamiroboticprostatectomy.com\/sp\/wp-json\/wp\/v2\/pages\/910\/revisions"}],"predecessor-version":[{"id":1842,"href":"https:\/\/miamiroboticprostatectomy.com\/sp\/wp-json\/wp\/v2\/pages\/910\/revisions\/1842"}],"wp:attachment":[{"href":"https:\/\/miamiroboticprostatectomy.com\/sp\/wp-json\/wp\/v2\/media?parent=910"}],"curies":[{"name":"wp","href":"https:\/\/api.w.org\/{rel}","templated":true}]}}