{"id":911,"date":"2017-10-27T10:22:42","date_gmt":"2017-10-27T10:22:42","guid":{"rendered":"https:\/\/miamiroboticprostatectomy.com\/sp?page_id=911"},"modified":"2021-02-16T09:23:15","modified_gmt":"2021-02-16T09:23:15","slug":"resonancia-magnetica-biopsia-bk-fusion","status":"publish","type":"page","link":"https:\/\/miamiroboticprostatectomy.com\/sp\/resonancia-magnetica-biopsia-bk-fusion\/","title":{"rendered":"Resonancia Magn\u00e9tica Biopsia BK Fusion"},"content":{"rendered":"<p><img decoding=\"async\" class=\"img-responsive\" src=\"https:\/\/miamiroboticprostatectomy.com\/sp\/wp-content\/uploads\/2021\/02\/BK-FUSION-first-1.jpg\" alt=\"\" title=\"\"><br \/>\nMiami, Florida., 12 de octubre de 2017 &#8211; El Instituto Internacional de Prostatectom\u00eda Rob\u00f3tica, una instalaci\u00f3n de vanguardia de renombre mundial dedicada exclusivamente al tratamiento del c\u00e1ncer de pr\u00f3stata, anunci\u00f3 hoy que es el primer centro en el sur de Florida en introducir bkFusion \u00e2 \u201e\u00a2, una soluci\u00f3n revolucionaria para mejorar el prop\u00f3sito de la biopsia en el c\u00e1ncer de pr\u00f3stata. bkFusion es la \u00faltima innovaci\u00f3n de la marca insignia BK Ultrasound de la compa\u00f1\u00eda. Es la primera aplicaci\u00f3n de biopsia de pr\u00f3stata por fusi\u00f3n de resonancia magn\u00e9tica que est\u00e1 completamente integrada en un sistema de ultrasonido de alta calidad, el bk3000, para uso de ur\u00f3logos en hospitales y oficinas. El sistema bk3000 est\u00e1 dise\u00f1ado para aplicaciones de urolog\u00eda, im\u00e1genes generales y gu\u00eda de procedimientos.<\/p>\n<p>El diagn\u00f3stico del c\u00e1ncer de pr\u00f3stata puede ser un desaf\u00edo, y las biopsias convencionales y de rutina a menudo no son concluyentes, lo que aumenta el riesgo de pasar por alto tumores de alto grado o lesiones subestatales para la vigilancia activa. Con el fin de capacitar a los ur\u00f3logos para dar respuestas claras a sus pacientes, BK Ultrasound se ha asociado con MIM Software Inc., un proveedor l\u00edder de soluciones de im\u00e1genes en el mercado de radiolog\u00eda, radiolog\u00eda, medicina nuclear, neuroimagen e im\u00e1genes card\u00edacas, para crear bkFusion. bkFusion es un poderoso avance en la visualizaci\u00f3n de diagn\u00f3stico que combina poderosas im\u00e1genes de ultrasonido en tiempo real con datos sobre la extensi\u00f3n de la lesi\u00f3n y la ubicaci\u00f3n de la resonancia magn\u00e9tica. Al combinar a la perfecci\u00f3n la informaci\u00f3n de la resonancia magn\u00e9tica en im\u00e1genes de ultrasonido en tiempo real sin interrupciones en el flujo de trabajo, bkFusion proporciona a los ur\u00f3logos orientaci\u00f3n para ayudar a identificar y realizar biopsias de lesiones con precisi\u00f3n y rapidez. Los detalles de resonancia magn\u00e9tica del departamento de radiolog\u00eda se pueden importar f\u00e1cilmente a bkFusion a trav\u00e9s de PACS, USB, CD o una plataforma en la nube, lo que permite una transferencia de datos segura y compatible con HIPAA. Debido a que bkFusion est\u00e1 completamente integrado en el sistema de ultrasonido bk3000, no se requieren equipos extra voluminosos ni tiempo de configuraci\u00f3n, y cabe f\u00e1cilmente en cualquier espacio de examen. Con un flujo de trabajo intuitivo y un tama\u00f1o reducido, bk3000 y bkFusion permiten un manejo r\u00e1pido y confiable de enfermedades para todos los ur\u00f3logos.<\/p>\n<p>&#8220;Estoy muy contento de ser el primero en el sur de Florida en ofrecer bkFusion para nuestros pacientes&#8221;, dijo el Dr. Sanjay Razdan, <strong> profesor y presidente del Instituto Internacional de Prostatectom\u00eda Rob\u00f3tica <\/strong>. &#8220;Esta es la soluci\u00f3n que nosotros en la comunidad de urolog\u00eda hemos estado esperando, combinando la experiencia de MIM en im\u00e1genes m\u00e9dicas para ayudar en la visualizaci\u00f3n del c\u00e1ncer con nuestra fuerza en ultrasonido especializado. Ultrasonido en tiempo real al centro del flujo de trabajo. La informaci\u00f3n de la resonancia magn\u00e9tica ayuda a guiar a los ur\u00f3logos hacia su objetivo, mientras que la calidad de imagen de ultrasonido de pr\u00f3stata premium proporcionada por el bk3000 ayuda a los ur\u00f3logos a visualizar y revalidar lesiones sutiles en tiempo real &#8220;.<\/p>\n<p>&#8220;Estamos muy contentos de asociarnos con BK Ultrasound para llevar esta innovaci\u00f3n en urolog\u00eda a nuestros pacientes&#8221;, dice el Dr. Razdan. &#8220;BkFusion potencia las im\u00e1genes por resonancia magn\u00e9tica en el consultorio de urolog\u00eda al tiempo que ofrece los beneficios cl\u00ednicos centrados en el paciente de la biopsia dirigida, todo en la privacidad y comodidad de un entorno ambulatorio conveniente.<\/p>\n<p>El Dr. Sanjay Razdan es uno de los <b> cirujanos rob\u00f3ticos de c\u00e1ncer de pr\u00f3stata <\/b> con m\u00e1s experiencia en el mundo con <b> los MEJORES resultados en t\u00e9rminos de control del c\u00e1ncer, incontinencia urinaria y funci\u00f3n er\u00e9ctil.<\/b><\/p>\n<p>El <strong> Instituto Internacional de Prostatectom\u00eda Rob\u00f3tica <\/strong> ahora ofrece a los pacientes el proceso de biopsia m\u00e1s seguro, eficiente y preciso disponible en todo el sur de Florida. Guiados por im\u00e1genes de resonancia magn\u00e9tica en tiempo real, bajo la direcci\u00f3n del radi\u00f3logo, los resultados ofrecen un grado significativo de confianza sobre los m\u00e9todos tradicionales de biopsia. <strong> Es probable que la biopsia directa guiada por resonancia magn\u00e9tica se convierta en la t\u00e9cnica m\u00e1s precisa, ya que es menos propensa a errores de fusi\u00f3n y movimiento. <\/strong> El Dr. Razdan conf\u00eda en que la biopsia guiada por ultrasonido de fusi\u00f3n por resonancia magn\u00e9tica es una adici\u00f3n positiva al campo de la urolog\u00eda, ya que ayuda a los ur\u00f3logos a llevar las biopsias m\u00e1s espec\u00edficas y precisas a su pr\u00e1ctica.<\/p>\n<p>Para programar su cita u obtener m\u00e1s informaci\u00f3n sobre MRI Ultrasound BK Fusion Biopsy, ll\u00e1menos al 305-251-8650.<\/p>\n","protected":false},"excerpt":{"rendered":"<p>Miami, Florida., 12 de octubre de 2017 &#8211; El Instituto Internacional de Prostatectom\u00eda Rob\u00f3tica, una instalaci\u00f3n de vanguardia de renombre mundial dedicada exclusivamente al tratamiento del c\u00e1ncer de pr\u00f3stata, anunci\u00f3 hoy que es el primer centro en el sur de Florida en introducir bkFusion \u00e2 \u201e\u00a2, una soluci\u00f3n revolucionaria para mejorar el prop\u00f3sito de la [&hellip;]<\/p>\n","protected":false},"author":1,"featured_media":0,"parent":0,"menu_order":0,"comment_status":"closed","ping_status":"closed","template":"","meta":{"footnotes":""},"class_list":["post-911","page","type-page","status-publish","hentry"],"_links":{"self":[{"href":"https:\/\/miamiroboticprostatectomy.com\/sp\/wp-json\/wp\/v2\/pages\/911","targetHints":{"allow":["GET"]}}],"collection":[{"href":"https:\/\/miamiroboticprostatectomy.com\/sp\/wp-json\/wp\/v2\/pages"}],"about":[{"href":"https:\/\/miamiroboticprostatectomy.com\/sp\/wp-json\/wp\/v2\/types\/page"}],"author":[{"embeddable":true,"href":"https:\/\/miamiroboticprostatectomy.com\/sp\/wp-json\/wp\/v2\/users\/1"}],"replies":[{"embeddable":true,"href":"https:\/\/miamiroboticprostatectomy.com\/sp\/wp-json\/wp\/v2\/comments?post=911"}],"version-history":[{"count":15,"href":"https:\/\/miamiroboticprostatectomy.com\/sp\/wp-json\/wp\/v2\/pages\/911\/revisions"}],"predecessor-version":[{"id":1732,"href":"https:\/\/miamiroboticprostatectomy.com\/sp\/wp-json\/wp\/v2\/pages\/911\/revisions\/1732"}],"wp:attachment":[{"href":"https:\/\/miamiroboticprostatectomy.com\/sp\/wp-json\/wp\/v2\/media?parent=911"}],"curies":[{"name":"wp","href":"https:\/\/api.w.org\/{rel}","templated":true}]}}